{"id":135975,"date":"2025-02-03T09:19:34","date_gmt":"2025-02-03T09:19:34","guid":{"rendered":"https:\/\/shop.ultimateplayerhq.com\/?post_type=product&#038;p=135975"},"modified":"2026-01-19T13:20:52","modified_gmt":"2026-01-19T13:20:52","slug":"planificador-de-entrenamiento-ultimateplayerhq-copy","status":"publish","type":"product","link":"https:\/\/shop.ultimateplayerhq.com\/es\/product\/planificador-de-entrenamiento-ultimateplayerhq-copy\/","title":{"rendered":"Planificador de entrenamiento + Bloc de notas del entrenador"},"content":{"rendered":"","protected":false},"excerpt":{"rendered":"<p>\u00a1Dos productos con descuento!<\/p>\n<p>El Planificador de entrenamiento es imprescindible para los entrenadores serios. Con 50 p\u00e1ginas a doble cara con diagramas de campo en blanco y espacio para notas, puedes utilizarlo para preparar y dirigir mejor tus sesiones de entrenamiento.<\/p>\n<ul>\n<li>Anverso y reverso laminados<\/li>\n<li>50 p\u00e1ginas a doble cara<\/li>\n<li>4 parcelas divididas de tama\u00f1o completo<\/li>\n<li>Secci\u00f3n de notas para a\u00f1adir puntos clave e informaci\u00f3n a tus sesiones<\/li>\n<\/ul>\n<div class=\"p-rich_text_section\">El bloc de notas de bolsillo para entrenadores es imprescindible para los entrenadores serios. Con 25 p\u00e1ginas a doble cara con diagramas de campo en blanco y espacio para anotaciones, puedes utilizarlo para preparar y dirigir mejor tus sesiones de entrenamiento o planificar tu equipo del d\u00eda del partido.<\/div>\n<ul class=\"p-rich_text_list p-rich_text_list__bullet\" data-stringify-type=\"unordered-list\" data-indent=\"0\" data-border=\"0\">\n<li data-stringify-indent=\"0\" data-stringify-border=\"0\">Anverso y reverso laminados<\/li>\n<li data-stringify-indent=\"0\" data-stringify-border=\"0\">25 p\u00e1ginas a doble cara<\/li>\n<li data-stringify-indent=\"0\" data-stringify-border=\"0\">P\u00e1gina dividida por 2 caras con las notas a la izquierda y la disposici\u00f3n de los tonos a la derecha<\/li>\n<li data-stringify-indent=\"0\" data-stringify-border=\"0\">Peque\u00f1o y ligero, f\u00e1cil de guardar en el bolsillo<\/li>\n<\/ul>\n","protected":false},"featured_media":157161,"comment_status":"open","ping_status":"closed","template":"","meta":{"_acf_changed":false},"product_brand":[],"product_cat":[2757,2763],"product_tag":[],"class_list":{"0":"post-135975","1":"product","2":"type-product","3":"status-publish","4":"has-post-thumbnail","6":"product_cat-comercio","7":"product_cat-libros-electronicos","8":"product_shipping_class-bolsillo-y-pretemporada","10":"first","11":"instock","12":"shipping-taxable","13":"purchasable","14":"product-type-simple"},"acf":[],"yoast_head":"<!-- This site is optimized with the Yoast SEO plugin v27.4 - https:\/\/yoast.com\/product\/yoast-seo-wordpress\/ -->\n<title>Planificador de entrenamiento + Bloc de notas del entrenador - UltimatePlayerHQ<\/title>\n<meta name=\"robots\" content=\"index, follow, max-snippet:-1, max-image-preview:large, max-video-preview:-1\" \/>\n<link rel=\"canonical\" href=\"https:\/\/shop.ultimateplayerhq.com\/es\/product\/planificador-de-entrenamiento-ultimateplayerhq-copy\/\" \/>\n<meta property=\"og:locale\" content=\"es_ES\" \/>\n<meta property=\"og:type\" content=\"article\" \/>\n<meta property=\"og:title\" content=\"Planificador de entrenamiento + Bloc de notas del entrenador - UltimatePlayerHQ\" \/>\n<meta property=\"og:description\" content=\"\u00a1Dos productos con descuento! El Planificador de entrenamiento es imprescindible para los entrenadores serios. Con 50 p\u00e1ginas a doble cara con diagramas de campo en blanco y espacio para notas, puedes utilizarlo para preparar y dirigir mejor tus sesiones de entrenamiento.  Anverso y reverso laminados  50 p\u00e1ginas a doble cara  4 parcelas divididas de tama\u00f1o completo  Secci\u00f3n de notas para a\u00f1adir puntos clave e informaci\u00f3n a tus sesiones El bloc de notas de bolsillo para entrenadores es imprescindible para los entrenadores serios. Con 25 p\u00e1ginas a doble cara con diagramas de campo en blanco y espacio para anotaciones, puedes utilizarlo para preparar y dirigir mejor tus sesiones de entrenamiento o planificar tu equipo del d\u00eda del partido.  Anverso y reverso laminados  25 p\u00e1ginas a doble cara  P\u00e1gina dividida por 2 caras con las notas a la izquierda y la disposici\u00f3n de los tonos a la derecha  Peque\u00f1o y ligero, f\u00e1cil de guardar en el bolsillo\" \/>\n<meta property=\"og:url\" content=\"https:\/\/shop.ultimateplayerhq.com\/es\/product\/planificador-de-entrenamiento-ultimateplayerhq-copy\/\" \/>\n<meta property=\"og:site_name\" content=\"UltimatePlayerHQ\" \/>\n<meta property=\"article:publisher\" content=\"https:\/\/www.facebook.com\/UltimatePlayerHQ\/\" \/>\n<meta property=\"article:modified_time\" content=\"2026-01-19T13:20:52+00:00\" \/>\n<meta property=\"og:image\" content=\"https:\/\/shop.ultimateplayerhq.com\/wp-content\/uploads\/2022\/02\/thumbnail.jpg\" \/>\n<meta name=\"twitter:label1\" content=\"Tiempo de lectura\" \/>\n\t<meta name=\"twitter:data1\" content=\"1 minuto\" \/>\n<script type=\"application\/ld+json\" class=\"yoast-schema-graph\">{\"@context\":\"https:\\\/\\\/schema.org\",\"@graph\":[{\"@type\":\"WebPage\",\"@id\":\"https:\\\/\\\/shop.ultimateplayerhq.com\\\/es\\\/product\\\/planificador-de-entrenamiento-ultimateplayerhq-copy\\\/\",\"url\":\"https:\\\/\\\/shop.ultimateplayerhq.com\\\/es\\\/product\\\/planificador-de-entrenamiento-ultimateplayerhq-copy\\\/\",\"name\":\"Planificador de entrenamiento + Bloc de notas del entrenador - UltimatePlayerHQ\",\"isPartOf\":{\"@id\":\"https:\\\/\\\/shop.ultimateplayerhq.com\\\/es\\\/#website\"},\"primaryImageOfPage\":{\"@id\":\"https:\\\/\\\/shop.ultimateplayerhq.com\\\/es\\\/product\\\/planificador-de-entrenamiento-ultimateplayerhq-copy\\\/#primaryimage\"},\"image\":{\"@id\":\"https:\\\/\\\/shop.ultimateplayerhq.com\\\/es\\\/product\\\/planificador-de-entrenamiento-ultimateplayerhq-copy\\\/#primaryimage\"},\"thumbnailUrl\":\"https:\\\/\\\/shop.ultimateplayerhq.com\\\/wp-content\\\/uploads\\\/2025\\\/02\\\/TrainingPlannerCoachNotepad_IMG_1.jpg\",\"datePublished\":\"2025-02-03T09:19:34+00:00\",\"dateModified\":\"2026-01-19T13:20:52+00:00\",\"breadcrumb\":{\"@id\":\"https:\\\/\\\/shop.ultimateplayerhq.com\\\/es\\\/product\\\/planificador-de-entrenamiento-ultimateplayerhq-copy\\\/#breadcrumb\"},\"inLanguage\":\"es\",\"potentialAction\":[{\"@type\":\"ReadAction\",\"target\":[\"https:\\\/\\\/shop.ultimateplayerhq.com\\\/es\\\/product\\\/planificador-de-entrenamiento-ultimateplayerhq-copy\\\/\"]}]},{\"@type\":\"ImageObject\",\"inLanguage\":\"es\",\"@id\":\"https:\\\/\\\/shop.ultimateplayerhq.com\\\/es\\\/product\\\/planificador-de-entrenamiento-ultimateplayerhq-copy\\\/#primaryimage\",\"url\":\"https:\\\/\\\/shop.ultimateplayerhq.com\\\/wp-content\\\/uploads\\\/2025\\\/02\\\/TrainingPlannerCoachNotepad_IMG_1.jpg\",\"contentUrl\":\"https:\\\/\\\/shop.ultimateplayerhq.com\\\/wp-content\\\/uploads\\\/2025\\\/02\\\/TrainingPlannerCoachNotepad_IMG_1.jpg\",\"width\":1200,\"height\":1200},{\"@type\":\"BreadcrumbList\",\"@id\":\"https:\\\/\\\/shop.ultimateplayerhq.com\\\/es\\\/product\\\/planificador-de-entrenamiento-ultimateplayerhq-copy\\\/#breadcrumb\",\"itemListElement\":[{\"@type\":\"ListItem\",\"position\":1,\"name\":\"Home\",\"item\":\"https:\\\/\\\/shop.ultimateplayerhq.com\\\/es\\\/comercio\\\/\"},{\"@type\":\"ListItem\",\"position\":2,\"name\":\"Comercio\",\"item\":\"https:\\\/\\\/shop.ultimateplayerhq.com\\\/es\\\/comercio\\\/\"},{\"@type\":\"ListItem\",\"position\":3,\"name\":\"Planificador de entrenamiento + Bloc de notas del entrenador\"}]},{\"@type\":\"WebSite\",\"@id\":\"https:\\\/\\\/shop.ultimateplayerhq.com\\\/es\\\/#website\",\"url\":\"https:\\\/\\\/shop.ultimateplayerhq.com\\\/es\\\/\",\"name\":\"UltimatePlayerHQ\",\"description\":\"\",\"potentialAction\":[{\"@type\":\"SearchAction\",\"target\":{\"@type\":\"EntryPoint\",\"urlTemplate\":\"https:\\\/\\\/shop.ultimateplayerhq.com\\\/es\\\/?s={search_term_string}\"},\"query-input\":{\"@type\":\"PropertyValueSpecification\",\"valueRequired\":true,\"valueName\":\"search_term_string\"}}],\"inLanguage\":\"es\"}]}<\/script>\n<!-- \/ Yoast SEO plugin. -->","yoast_head_json":{"title":"Planificador de entrenamiento + Bloc de notas del entrenador - UltimatePlayerHQ","robots":{"index":"index","follow":"follow","max-snippet":"max-snippet:-1","max-image-preview":"max-image-preview:large","max-video-preview":"max-video-preview:-1"},"canonical":"https:\/\/shop.ultimateplayerhq.com\/es\/product\/planificador-de-entrenamiento-ultimateplayerhq-copy\/","og_locale":"es_ES","og_type":"article","og_title":"Planificador de entrenamiento + Bloc de notas del entrenador - UltimatePlayerHQ","og_description":"\u00a1Dos productos con descuento! El Planificador de entrenamiento es imprescindible para los entrenadores serios. Con 50 p\u00e1ginas a doble cara con diagramas de campo en blanco y espacio para notas, puedes utilizarlo para preparar y dirigir mejor tus sesiones de entrenamiento.  Anverso y reverso laminados  50 p\u00e1ginas a doble cara  4 parcelas divididas de tama\u00f1o completo  Secci\u00f3n de notas para a\u00f1adir puntos clave e informaci\u00f3n a tus sesiones El bloc de notas de bolsillo para entrenadores es imprescindible para los entrenadores serios. Con 25 p\u00e1ginas a doble cara con diagramas de campo en blanco y espacio para anotaciones, puedes utilizarlo para preparar y dirigir mejor tus sesiones de entrenamiento o planificar tu equipo del d\u00eda del partido.  Anverso y reverso laminados  25 p\u00e1ginas a doble cara  P\u00e1gina dividida por 2 caras con las notas a la izquierda y la disposici\u00f3n de los tonos a la derecha  Peque\u00f1o y ligero, f\u00e1cil de guardar en el bolsillo","og_url":"https:\/\/shop.ultimateplayerhq.com\/es\/product\/planificador-de-entrenamiento-ultimateplayerhq-copy\/","og_site_name":"UltimatePlayerHQ","article_publisher":"https:\/\/www.facebook.com\/UltimatePlayerHQ\/","article_modified_time":"2026-01-19T13:20:52+00:00","og_image":[{"url":"https:\/\/shop.ultimateplayerhq.com\/wp-content\/uploads\/2022\/02\/thumbnail.jpg","type":"","width":"","height":""}],"twitter_misc":{"Tiempo de lectura":"1 minuto"},"schema":{"@context":"https:\/\/schema.org","@graph":[{"@type":"WebPage","@id":"https:\/\/shop.ultimateplayerhq.com\/es\/product\/planificador-de-entrenamiento-ultimateplayerhq-copy\/","url":"https:\/\/shop.ultimateplayerhq.com\/es\/product\/planificador-de-entrenamiento-ultimateplayerhq-copy\/","name":"Planificador de entrenamiento + Bloc de notas del entrenador - UltimatePlayerHQ","isPartOf":{"@id":"https:\/\/shop.ultimateplayerhq.com\/es\/#website"},"primaryImageOfPage":{"@id":"https:\/\/shop.ultimateplayerhq.com\/es\/product\/planificador-de-entrenamiento-ultimateplayerhq-copy\/#primaryimage"},"image":{"@id":"https:\/\/shop.ultimateplayerhq.com\/es\/product\/planificador-de-entrenamiento-ultimateplayerhq-copy\/#primaryimage"},"thumbnailUrl":"https:\/\/shop.ultimateplayerhq.com\/wp-content\/uploads\/2025\/02\/TrainingPlannerCoachNotepad_IMG_1.jpg","datePublished":"2025-02-03T09:19:34+00:00","dateModified":"2026-01-19T13:20:52+00:00","breadcrumb":{"@id":"https:\/\/shop.ultimateplayerhq.com\/es\/product\/planificador-de-entrenamiento-ultimateplayerhq-copy\/#breadcrumb"},"inLanguage":"es","potentialAction":[{"@type":"ReadAction","target":["https:\/\/shop.ultimateplayerhq.com\/es\/product\/planificador-de-entrenamiento-ultimateplayerhq-copy\/"]}]},{"@type":"ImageObject","inLanguage":"es","@id":"https:\/\/shop.ultimateplayerhq.com\/es\/product\/planificador-de-entrenamiento-ultimateplayerhq-copy\/#primaryimage","url":"https:\/\/shop.ultimateplayerhq.com\/wp-content\/uploads\/2025\/02\/TrainingPlannerCoachNotepad_IMG_1.jpg","contentUrl":"https:\/\/shop.ultimateplayerhq.com\/wp-content\/uploads\/2025\/02\/TrainingPlannerCoachNotepad_IMG_1.jpg","width":1200,"height":1200},{"@type":"BreadcrumbList","@id":"https:\/\/shop.ultimateplayerhq.com\/es\/product\/planificador-de-entrenamiento-ultimateplayerhq-copy\/#breadcrumb","itemListElement":[{"@type":"ListItem","position":1,"name":"Home","item":"https:\/\/shop.ultimateplayerhq.com\/es\/comercio\/"},{"@type":"ListItem","position":2,"name":"Comercio","item":"https:\/\/shop.ultimateplayerhq.com\/es\/comercio\/"},{"@type":"ListItem","position":3,"name":"Planificador de entrenamiento + Bloc de notas del entrenador"}]},{"@type":"WebSite","@id":"https:\/\/shop.ultimateplayerhq.com\/es\/#website","url":"https:\/\/shop.ultimateplayerhq.com\/es\/","name":"UltimatePlayerHQ","description":"","potentialAction":[{"@type":"SearchAction","target":{"@type":"EntryPoint","urlTemplate":"https:\/\/shop.ultimateplayerhq.com\/es\/?s={search_term_string}"},"query-input":{"@type":"PropertyValueSpecification","valueRequired":true,"valueName":"search_term_string"}}],"inLanguage":"es"}]}},"jetpack_sharing_enabled":true,"_links":{"self":[{"href":"https:\/\/shop.ultimateplayerhq.com\/es\/wp-json\/wp\/v2\/product\/135975","targetHints":{"allow":["GET"]}}],"collection":[{"href":"https:\/\/shop.ultimateplayerhq.com\/es\/wp-json\/wp\/v2\/product"}],"about":[{"href":"https:\/\/shop.ultimateplayerhq.com\/es\/wp-json\/wp\/v2\/types\/product"}],"replies":[{"embeddable":true,"href":"https:\/\/shop.ultimateplayerhq.com\/es\/wp-json\/wp\/v2\/comments?post=135975"}],"wp:featuredmedia":[{"embeddable":true,"href":"https:\/\/shop.ultimateplayerhq.com\/es\/wp-json\/wp\/v2\/media\/157161"}],"wp:attachment":[{"href":"https:\/\/shop.ultimateplayerhq.com\/es\/wp-json\/wp\/v2\/media?parent=135975"}],"wp:term":[{"taxonomy":"product_brand","embeddable":true,"href":"https:\/\/shop.ultimateplayerhq.com\/es\/wp-json\/wp\/v2\/product_brand?post=135975"},{"taxonomy":"product_cat","embeddable":true,"href":"https:\/\/shop.ultimateplayerhq.com\/es\/wp-json\/wp\/v2\/product_cat?post=135975"},{"taxonomy":"product_tag","embeddable":true,"href":"https:\/\/shop.ultimateplayerhq.com\/es\/wp-json\/wp\/v2\/product_tag?post=135975"}],"curies":[{"name":"wp","href":"https:\/\/api.w.org\/{rel}","templated":true}]}}