{"id":154096,"date":"2025-05-21T05:59:52","date_gmt":"2025-05-21T05:59:52","guid":{"rendered":"https:\/\/shop.ultimateplayerhq.com\/product\/libro-de-sesiones-de-ultimateplayerhq\/"},"modified":"2025-09-29T17:34:33","modified_gmt":"2025-09-29T17:34:33","slug":"libro-de-sesiones-de-ultimateplayerhq","status":"publish","type":"product","link":"https:\/\/shop.ultimateplayerhq.com\/es\/product\/libro-de-sesiones-de-ultimateplayerhq\/","title":{"rendered":"Libro de sesiones de UltimatePlayerHQ"},"content":{"rendered":"<div style=\"padding: 56.25% 0 0 0; position: relative;\"><iframe style=\"position: absolute; top: 0; left: 0; width: 100%; height: 100%;\" title=\"UltimatePlayerHQ Session Book\" src=\"https:\/\/player.vimeo.com\/video\/1083867834?badge=0&amp;autopause=0&amp;player_id=0&amp;app_id=58479\" frameborder=\"0\"><\/iframe><\/div>\n<p><script src=\"https:\/\/player.vimeo.com\/api\/player.js\"><\/script><\/p>\n","protected":false},"excerpt":{"rendered":"<div class=\"p-rich_text_section\"><i data-stringify-type=\"italic\">El compa\u00f1ero de entrenamiento completo: 100 sesiones, desarrollo sin l\u00edmites<\/i><br \/>\nDescubre el poder de un entrenamiento estructurado y adaptable con el <b data-stringify-type=\"bold\">Libro de sesiones UltimatePlayerHQ<\/b>, tu recurso integral para el entrenamiento de f\u00fatbol en todos los niveles.<\/div>\n<ul class=\"p-rich_text_list p-rich_text_list__bullet p-rich_text_list--nested\" data-stringify-type=\"unordered-list\" data-list-tree=\"true\" data-indent=\"0\" data-border=\"0\">\n<li data-stringify-indent=\"0\" data-stringify-border=\"0\"><span class=\"c-emoji c-emoji__medium c-emoji--inline\" data-qa=\"emoji\" data-sk=\"tooltip_parent\"><img decoding=\"async\" src=\"https:\/\/a.slack-edge.com\/production-standard-emoji-assets\/14.0\/google-medium\/2705.png\" alt=\":white_tick:\" aria-label=\"emoji de tilde blanca\" data-stringify-type=\"emoji\" data-stringify-emoji=\":white_check_mark:\" \/><\/span><b data-stringify-type=\"bold\">100 sesiones de alta calidad<\/b>, divididas por expertos en <b data-stringify-type=\"bold\">10 categor\u00edas esenciales de coaching<\/b><\/li>\n<li data-stringify-indent=\"0\" data-stringify-border=\"0\"><span class=\"c-emoji c-emoji__medium c-emoji--inline\" data-qa=\"emoji\" data-sk=\"tooltip_parent\"><img decoding=\"async\" src=\"https:\/\/a.slack-edge.com\/production-standard-emoji-assets\/14.0\/google-medium\/1f4f1.png\" alt=\":mobile_phone:\" aria-label=\"emoji de tel\u00e9fono m\u00f3vil\" data-stringify-type=\"emoji\" data-stringify-emoji=\":iphone:\" \/><\/span>\u00a0<b data-stringify-type=\"bold\">C\u00f3digos QR interactivos<\/b>: Ve sesiones animadas en vivo directamente en tu tel\u00e9fono o tableta<\/li>\n<li data-stringify-indent=\"0\" data-stringify-border=\"0\"><span class=\"c-emoji c-emoji__medium c-emoji--inline\" data-qa=\"emoji\" data-sk=\"tooltip_parent\"><img decoding=\"async\" src=\"https:\/\/a.slack-edge.com\/production-standard-emoji-assets\/14.0\/google-medium\/1f4ca.png\" alt=\":bar_chart:\" aria-label=\"emoji de gr\u00e1fico de barras\" data-stringify-type=\"emoji\" data-stringify-emoji=\":bar_chart:\" \/><\/span><b data-stringify-type=\"bold\">Tabla de planificaci\u00f3n exclusiva<\/b> incluida para facilitar el seguimiento de las sesiones y la planificaci\u00f3n del progreso<\/li>\n<li data-stringify-indent=\"0\" data-stringify-border=\"0\"><span class=\"c-emoji c-emoji__medium c-emoji--inline\" data-qa=\"emoji\" data-sk=\"tooltip_parent\"><img decoding=\"async\" src=\"https:\/\/a.slack-edge.com\/production-standard-emoji-assets\/14.0\/google-medium\/1f3c6.png\" alt=\":trophy:\" aria-label=\"emoji de trofeo\" data-stringify-type=\"emoji\" data-stringify-emoji=\":trophy:\" \/><\/span>\u00a0<b data-stringify-type=\"bold\">Adaptable para todos los niveles: desde menores de 8 a\u00f1os hasta jugadores de \u00e9lite<\/b><\/li>\n<\/ul>\n<div class=\"p-rich_text_section\">Tanto si entrenas a jugadores de base como si gu\u00edas a profesionales, este libro crece con tus jugadores. Mejora tu entrenamiento hoy mismo.<\/div>\n<p> &nbsp;<br \/>\nVea las sesiones completas escaneando el c\u00f3digo QR (Nota: Debe ser miembro para ver las sesiones en l\u00ednea).<\/p>\n","protected":false},"featured_media":157087,"comment_status":"open","ping_status":"closed","template":"","meta":{"_acf_changed":false},"product_brand":[],"product_cat":[2757,2772],"product_tag":[],"class_list":{"0":"post-154096","1":"product","2":"type-product","3":"status-publish","4":"has-post-thumbnail","6":"product_cat-comercio","7":"product_cat-manuales-de-sesion","8":"product_shipping_class-libro-de-sesiones","10":"first","11":"instock","12":"shipping-taxable","13":"purchasable","14":"product-type-simple"},"acf":[],"yoast_head":"<!-- This site is optimized with the Yoast SEO plugin v27.4 - https:\/\/yoast.com\/product\/yoast-seo-wordpress\/ -->\n<title>Libro de sesiones de UltimatePlayerHQ - UltimatePlayerHQ<\/title>\n<meta name=\"robots\" content=\"index, follow, max-snippet:-1, max-image-preview:large, max-video-preview:-1\" \/>\n<link rel=\"canonical\" href=\"https:\/\/shop.ultimateplayerhq.com\/es\/product\/libro-de-sesiones-de-ultimateplayerhq\/\" \/>\n<meta property=\"og:locale\" content=\"es_ES\" \/>\n<meta property=\"og:type\" content=\"article\" \/>\n<meta property=\"og:title\" content=\"Libro de sesiones de UltimatePlayerHQ - UltimatePlayerHQ\" \/>\n<meta property=\"og:description\" content=\"El compa\u00f1ero de entrenamiento completo: 100 sesiones, desarrollo sin l\u00edmites Descubre el poder de un entrenamiento estructurado y adaptable con el Libro de sesiones UltimatePlayerHQ, tu recurso integral para el entrenamiento de f\u00fatbol en todos los niveles.   100 sesiones de alta calidad, divididas por expertos en 10 categor\u00edas esenciales de coaching  \u00a0C\u00f3digos QR interactivos: Ve sesiones animadas en vivo directamente en tu tel\u00e9fono o tableta  Tabla de planificaci\u00f3n exclusiva incluida para facilitar el seguimiento de las sesiones y la planificaci\u00f3n del progreso  \u00a0Adaptable para todos los niveles: desde menores de 8 a\u00f1os hasta jugadores de \u00e9lite  Tanto si entrenas a jugadores de base como si gu\u00edas a profesionales, este libro crece con tus jugadores. Mejora tu entrenamiento hoy mismo. &nbsp; Vea las sesiones completas escaneando el c\u00f3digo QR (Nota: Debe ser miembro para ver las sesiones en l\u00ednea).\" \/>\n<meta property=\"og:url\" content=\"https:\/\/shop.ultimateplayerhq.com\/es\/product\/libro-de-sesiones-de-ultimateplayerhq\/\" \/>\n<meta property=\"og:site_name\" content=\"UltimatePlayerHQ\" \/>\n<meta property=\"article:publisher\" content=\"https:\/\/www.facebook.com\/UltimatePlayerHQ\/\" \/>\n<meta property=\"article:modified_time\" content=\"2025-09-29T17:34:33+00:00\" \/>\n<meta property=\"og:image\" content=\"https:\/\/ultimatehq.fra1.digitaloceanspaces.com\/wp-content\/uploads\/2025\/05\/IMG_9617.jpg\" \/>\n\t<meta property=\"og:image:width\" content=\"1000\" \/>\n\t<meta property=\"og:image:height\" content=\"1000\" \/>\n\t<meta property=\"og:image:type\" content=\"image\/jpeg\" \/>\n<meta name=\"twitter:label1\" content=\"Tiempo de lectura\" \/>\n\t<meta name=\"twitter:data1\" content=\"1 minuto\" \/>\n<script type=\"application\/ld+json\" class=\"yoast-schema-graph\">{\"@context\":\"https:\\\/\\\/schema.org\",\"@graph\":[{\"@type\":\"WebPage\",\"@id\":\"https:\\\/\\\/shop.ultimateplayerhq.com\\\/es\\\/product\\\/libro-de-sesiones-de-ultimateplayerhq\\\/\",\"url\":\"https:\\\/\\\/shop.ultimateplayerhq.com\\\/es\\\/product\\\/libro-de-sesiones-de-ultimateplayerhq\\\/\",\"name\":\"Libro de sesiones de UltimatePlayerHQ - UltimatePlayerHQ\",\"isPartOf\":{\"@id\":\"https:\\\/\\\/shop.ultimateplayerhq.com\\\/es\\\/#website\"},\"primaryImageOfPage\":{\"@id\":\"https:\\\/\\\/shop.ultimateplayerhq.com\\\/es\\\/product\\\/libro-de-sesiones-de-ultimateplayerhq\\\/#primaryimage\"},\"image\":{\"@id\":\"https:\\\/\\\/shop.ultimateplayerhq.com\\\/es\\\/product\\\/libro-de-sesiones-de-ultimateplayerhq\\\/#primaryimage\"},\"thumbnailUrl\":\"https:\\\/\\\/shop.ultimateplayerhq.com\\\/wp-content\\\/uploads\\\/2025\\\/05\\\/UltimatePlayerHQ-Session-Book_IMG_1.jpg\",\"datePublished\":\"2025-05-21T05:59:52+00:00\",\"dateModified\":\"2025-09-29T17:34:33+00:00\",\"breadcrumb\":{\"@id\":\"https:\\\/\\\/shop.ultimateplayerhq.com\\\/es\\\/product\\\/libro-de-sesiones-de-ultimateplayerhq\\\/#breadcrumb\"},\"inLanguage\":\"es\",\"potentialAction\":[{\"@type\":\"ReadAction\",\"target\":[\"https:\\\/\\\/shop.ultimateplayerhq.com\\\/es\\\/product\\\/libro-de-sesiones-de-ultimateplayerhq\\\/\"]}]},{\"@type\":\"ImageObject\",\"inLanguage\":\"es\",\"@id\":\"https:\\\/\\\/shop.ultimateplayerhq.com\\\/es\\\/product\\\/libro-de-sesiones-de-ultimateplayerhq\\\/#primaryimage\",\"url\":\"https:\\\/\\\/shop.ultimateplayerhq.com\\\/wp-content\\\/uploads\\\/2025\\\/05\\\/UltimatePlayerHQ-Session-Book_IMG_1.jpg\",\"contentUrl\":\"https:\\\/\\\/shop.ultimateplayerhq.com\\\/wp-content\\\/uploads\\\/2025\\\/05\\\/UltimatePlayerHQ-Session-Book_IMG_1.jpg\",\"width\":1000,\"height\":1000},{\"@type\":\"BreadcrumbList\",\"@id\":\"https:\\\/\\\/shop.ultimateplayerhq.com\\\/es\\\/product\\\/libro-de-sesiones-de-ultimateplayerhq\\\/#breadcrumb\",\"itemListElement\":[{\"@type\":\"ListItem\",\"position\":1,\"name\":\"Home\",\"item\":\"https:\\\/\\\/shop.ultimateplayerhq.com\\\/es\\\/comercio\\\/\"},{\"@type\":\"ListItem\",\"position\":2,\"name\":\"Comercio\",\"item\":\"https:\\\/\\\/shop.ultimateplayerhq.com\\\/es\\\/comercio\\\/\"},{\"@type\":\"ListItem\",\"position\":3,\"name\":\"Libro de sesiones de UltimatePlayerHQ\"}]},{\"@type\":\"WebSite\",\"@id\":\"https:\\\/\\\/shop.ultimateplayerhq.com\\\/es\\\/#website\",\"url\":\"https:\\\/\\\/shop.ultimateplayerhq.com\\\/es\\\/\",\"name\":\"UltimatePlayerHQ\",\"description\":\"\",\"potentialAction\":[{\"@type\":\"SearchAction\",\"target\":{\"@type\":\"EntryPoint\",\"urlTemplate\":\"https:\\\/\\\/shop.ultimateplayerhq.com\\\/es\\\/?s={search_term_string}\"},\"query-input\":{\"@type\":\"PropertyValueSpecification\",\"valueRequired\":true,\"valueName\":\"search_term_string\"}}],\"inLanguage\":\"es\"}]}<\/script>\n<!-- \/ Yoast SEO plugin. -->","yoast_head_json":{"title":"Libro de sesiones de UltimatePlayerHQ - UltimatePlayerHQ","robots":{"index":"index","follow":"follow","max-snippet":"max-snippet:-1","max-image-preview":"max-image-preview:large","max-video-preview":"max-video-preview:-1"},"canonical":"https:\/\/shop.ultimateplayerhq.com\/es\/product\/libro-de-sesiones-de-ultimateplayerhq\/","og_locale":"es_ES","og_type":"article","og_title":"Libro de sesiones de UltimatePlayerHQ - UltimatePlayerHQ","og_description":"El compa\u00f1ero de entrenamiento completo: 100 sesiones, desarrollo sin l\u00edmites Descubre el poder de un entrenamiento estructurado y adaptable con el Libro de sesiones UltimatePlayerHQ, tu recurso integral para el entrenamiento de f\u00fatbol en todos los niveles.   100 sesiones de alta calidad, divididas por expertos en 10 categor\u00edas esenciales de coaching  \u00a0C\u00f3digos QR interactivos: Ve sesiones animadas en vivo directamente en tu tel\u00e9fono o tableta  Tabla de planificaci\u00f3n exclusiva incluida para facilitar el seguimiento de las sesiones y la planificaci\u00f3n del progreso  \u00a0Adaptable para todos los niveles: desde menores de 8 a\u00f1os hasta jugadores de \u00e9lite  Tanto si entrenas a jugadores de base como si gu\u00edas a profesionales, este libro crece con tus jugadores. Mejora tu entrenamiento hoy mismo. &nbsp; Vea las sesiones completas escaneando el c\u00f3digo QR (Nota: Debe ser miembro para ver las sesiones en l\u00ednea).","og_url":"https:\/\/shop.ultimateplayerhq.com\/es\/product\/libro-de-sesiones-de-ultimateplayerhq\/","og_site_name":"UltimatePlayerHQ","article_publisher":"https:\/\/www.facebook.com\/UltimatePlayerHQ\/","article_modified_time":"2025-09-29T17:34:33+00:00","og_image":[{"width":1000,"height":1000,"url":"https:\/\/ultimatehq.fra1.digitaloceanspaces.com\/wp-content\/uploads\/2025\/05\/IMG_9617.jpg","type":"image\/jpeg"}],"twitter_misc":{"Tiempo de lectura":"1 minuto"},"schema":{"@context":"https:\/\/schema.org","@graph":[{"@type":"WebPage","@id":"https:\/\/shop.ultimateplayerhq.com\/es\/product\/libro-de-sesiones-de-ultimateplayerhq\/","url":"https:\/\/shop.ultimateplayerhq.com\/es\/product\/libro-de-sesiones-de-ultimateplayerhq\/","name":"Libro de sesiones de UltimatePlayerHQ - UltimatePlayerHQ","isPartOf":{"@id":"https:\/\/shop.ultimateplayerhq.com\/es\/#website"},"primaryImageOfPage":{"@id":"https:\/\/shop.ultimateplayerhq.com\/es\/product\/libro-de-sesiones-de-ultimateplayerhq\/#primaryimage"},"image":{"@id":"https:\/\/shop.ultimateplayerhq.com\/es\/product\/libro-de-sesiones-de-ultimateplayerhq\/#primaryimage"},"thumbnailUrl":"https:\/\/shop.ultimateplayerhq.com\/wp-content\/uploads\/2025\/05\/UltimatePlayerHQ-Session-Book_IMG_1.jpg","datePublished":"2025-05-21T05:59:52+00:00","dateModified":"2025-09-29T17:34:33+00:00","breadcrumb":{"@id":"https:\/\/shop.ultimateplayerhq.com\/es\/product\/libro-de-sesiones-de-ultimateplayerhq\/#breadcrumb"},"inLanguage":"es","potentialAction":[{"@type":"ReadAction","target":["https:\/\/shop.ultimateplayerhq.com\/es\/product\/libro-de-sesiones-de-ultimateplayerhq\/"]}]},{"@type":"ImageObject","inLanguage":"es","@id":"https:\/\/shop.ultimateplayerhq.com\/es\/product\/libro-de-sesiones-de-ultimateplayerhq\/#primaryimage","url":"https:\/\/shop.ultimateplayerhq.com\/wp-content\/uploads\/2025\/05\/UltimatePlayerHQ-Session-Book_IMG_1.jpg","contentUrl":"https:\/\/shop.ultimateplayerhq.com\/wp-content\/uploads\/2025\/05\/UltimatePlayerHQ-Session-Book_IMG_1.jpg","width":1000,"height":1000},{"@type":"BreadcrumbList","@id":"https:\/\/shop.ultimateplayerhq.com\/es\/product\/libro-de-sesiones-de-ultimateplayerhq\/#breadcrumb","itemListElement":[{"@type":"ListItem","position":1,"name":"Home","item":"https:\/\/shop.ultimateplayerhq.com\/es\/comercio\/"},{"@type":"ListItem","position":2,"name":"Comercio","item":"https:\/\/shop.ultimateplayerhq.com\/es\/comercio\/"},{"@type":"ListItem","position":3,"name":"Libro de sesiones de UltimatePlayerHQ"}]},{"@type":"WebSite","@id":"https:\/\/shop.ultimateplayerhq.com\/es\/#website","url":"https:\/\/shop.ultimateplayerhq.com\/es\/","name":"UltimatePlayerHQ","description":"","potentialAction":[{"@type":"SearchAction","target":{"@type":"EntryPoint","urlTemplate":"https:\/\/shop.ultimateplayerhq.com\/es\/?s={search_term_string}"},"query-input":{"@type":"PropertyValueSpecification","valueRequired":true,"valueName":"search_term_string"}}],"inLanguage":"es"}]}},"jetpack_sharing_enabled":true,"_links":{"self":[{"href":"https:\/\/shop.ultimateplayerhq.com\/es\/wp-json\/wp\/v2\/product\/154096","targetHints":{"allow":["GET"]}}],"collection":[{"href":"https:\/\/shop.ultimateplayerhq.com\/es\/wp-json\/wp\/v2\/product"}],"about":[{"href":"https:\/\/shop.ultimateplayerhq.com\/es\/wp-json\/wp\/v2\/types\/product"}],"replies":[{"embeddable":true,"href":"https:\/\/shop.ultimateplayerhq.com\/es\/wp-json\/wp\/v2\/comments?post=154096"}],"wp:featuredmedia":[{"embeddable":true,"href":"https:\/\/shop.ultimateplayerhq.com\/es\/wp-json\/wp\/v2\/media\/157087"}],"wp:attachment":[{"href":"https:\/\/shop.ultimateplayerhq.com\/es\/wp-json\/wp\/v2\/media?parent=154096"}],"wp:term":[{"taxonomy":"product_brand","embeddable":true,"href":"https:\/\/shop.ultimateplayerhq.com\/es\/wp-json\/wp\/v2\/product_brand?post=154096"},{"taxonomy":"product_cat","embeddable":true,"href":"https:\/\/shop.ultimateplayerhq.com\/es\/wp-json\/wp\/v2\/product_cat?post=154096"},{"taxonomy":"product_tag","embeddable":true,"href":"https:\/\/shop.ultimateplayerhq.com\/es\/wp-json\/wp\/v2\/product_tag?post=154096"}],"curies":[{"name":"wp","href":"https:\/\/api.w.org\/{rel}","templated":true}]}}