{"id":155111,"date":"2025-07-03T09:56:11","date_gmt":"2025-07-03T09:56:11","guid":{"rendered":"https:\/\/shop.ultimateplayerhq.com\/product\/pizarra-tactica-electrica-y-blanca-2-en-1-smart-tact\/"},"modified":"2026-02-05T14:11:22","modified_gmt":"2026-02-05T14:11:22","slug":"pizarra-tactica-electrica-y-blanca-2-en-1-smart-tact","status":"publish","type":"product","link":"https:\/\/shop.ultimateplayerhq.com\/es\/product\/pizarra-tactica-electrica-y-blanca-2-en-1-smart-tact\/","title":{"rendered":"Pizarra t\u00e1ctica el\u00e9ctrica y blanca 2 en 1 Smart Tact"},"content":{"rendered":"<div style=\"display: flex; gap: 30px;\">\n<div style=\"position: relative; padding-top: 56.25%; width: 50%;\"><iframe style=\"position: absolute; top: 0; left: 0; width: 100%; height: 100%;\" title=\"UltimatePlayerHQ Session Book 1\" src=\"https:\/\/player.vimeo.com\/video\/1098449252?share=copy#t=0\" frameborder=\"0\" allowfullscreen=\"allowfullscreen\"><\/iframe><\/div>\n<div style=\"position: relative; padding-top: 56.25%; width: 50%;\"><iframe style=\"position: absolute; top: 0; left: 0; width: 100%; height: 100%;\" title=\"UltimatePlayerHQ Session Book 2\" src=\"https:\/\/player.vimeo.com\/video\/1101871172?share=copy#t=0\" frameborder=\"0\" allowfullscreen=\"allowfullscreen\"><span data-mce-type=\"bookmark\" style=\"display: inline-block; width: 0px; overflow: hidden; line-height: 0;\" class=\"mce_SELRES_start\">\ufeff<\/span><\/iframe><\/div>\n<\/div>\n<p><script src=\"https:\/\/player.vimeo.com\/api\/player.js\"><\/script><\/p>\n","protected":false},"excerpt":{"rendered":"<div class=\"p-rich_text_section\"><b data-stringify-type=\"bold\"><span class=\"c-emoji c-emoji__medium c-emoji--inline\" data-qa=\"emoji\" data-sk=\"tooltip_parent\"><img decoding=\"async\" src=\"https:\/\/a.slack-edge.com\/production-standard-emoji-assets\/14.0\/google-medium\/26bd.png\" alt=\":football2:\" aria-label=\"football2 emoji\" data-stringify-type=\"emoji\" data-stringify-emoji=\":soccer:\" \/><\/span><\/b><b data-stringify-type=\"bold\">\u00a0Smart Tact: La herramienta definitiva para el entrenamiento<\/b><\/div>\n<div class=\"p-rich_text_section\">Una pizarra 2 en 1 de 16 pulgadas que combina la flexibilidad de una pizarra blanca cl\u00e1sica con una pantalla t\u00e1ctica el\u00e9ctrica. Perfecto para entrenamientos, vestuarios o laterales.<\/div>\n<div><\/div>\n<p>&nbsp;<\/p>\n<div>La herramienta definitiva para entrenadores de f\u00fatbol profesional. Esta pizarra de 40 cm combina una pantalla t\u00e1ctica electr\u00f3nica con una superficie de pizarra blanca cl\u00e1sica. Ligera, port\u00e1til y magn\u00e9tica para una f\u00e1cil configuraci\u00f3n de formaciones. Incluye l\u00e1piz electr\u00f3nico, marcador, carpeta, borrador y 27 imanes. Perfecta para una planificaci\u00f3n t\u00e1ctica clara y din\u00e1mica, y para fomentar la participaci\u00f3n de los jugadores.<\/div>\n<div><\/div>\n<p>&nbsp;<\/p>\n<div class=\"p-rich_text_section\"><b data-stringify-type=\"bold\">Caracter\u00edsticas:<\/b><\/div>\n<ul class=\"p-rich_text_list p-rich_text_list__bullet p-rich_text_list--nested\" data-stringify-type=\"unordered-list\" data-list-tree=\"true\" data-indent=\"0\" data-border=\"0\">\n<li data-stringify-indent=\"0\" data-stringify-border=\"0\">Dise\u00f1o 2 en 1: Cambia entre modo digital y pizarra<\/li>\n<li data-stringify-indent=\"0\" data-stringify-border=\"0\">Pantalla el\u00e9ctrica: Diagramas t\u00e1cticos brillantes y claros<\/li>\n<li data-stringify-indent=\"0\" data-stringify-border=\"0\">Superficie de la pizarra: F\u00e1cil de limpiar<\/li>\n<li data-stringify-indent=\"0\" data-stringify-border=\"0\">Magnetic Pitch: Visualiza formaciones con imanes para jugadores<\/li>\n<li data-stringify-indent=\"0\" data-stringify-border=\"0\">Port\u00e1til: Ligera y resistente para cualquier entorno<\/li>\n<\/ul>\n<div class=\"p-rich_text_section\"><b data-stringify-type=\"bold\">Qu\u00e9 incluye:<\/b><\/div>\n<ul class=\"p-rich_text_list p-rich_text_list__bullet p-rich_text_list--nested\" data-stringify-type=\"unordered-list\" data-list-tree=\"true\" data-indent=\"0\" data-border=\"0\">\n<li data-stringify-indent=\"0\" data-stringify-border=\"0\">Smart Tact Board de 16&#8243; (El\u00e9ctrica + Pizarra Blanca)<\/li>\n<li data-stringify-indent=\"0\" data-stringify-border=\"0\">Bol\u00edgrafo el\u00e9ctrico y marcador para pizarra<\/li>\n<li data-stringify-indent=\"0\" data-stringify-border=\"0\">Carpeta de entrenamiento exclusiva de UPHQ<\/li>\n<li data-stringify-indent=\"0\" data-stringify-border=\"0\">Borrador<\/li>\n<li data-stringify-indent=\"0\" data-stringify-border=\"0\">27 imanes (jugadores, pelota, \u00e1rbitro, juez de l\u00ednea)<\/li>\n<\/ul>\n<div class=\"p-rich_text_section\"><b data-stringify-type=\"bold\">\u00bfPor qu\u00e9 elegir Smart Tact?<\/b><\/div>\n<ul class=\"p-rich_text_list p-rich_text_list__bullet p-rich_text_list--nested\" data-stringify-type=\"unordered-list\" data-list-tree=\"true\" data-indent=\"0\" data-border=\"0\">\n<li data-stringify-indent=\"0\" data-stringify-border=\"0\">Herramienta de entrenamiento profesional<\/li>\n<li data-stringify-indent=\"0\" data-stringify-border=\"0\">Planificaci\u00f3n t\u00e1ctica clara y eficiente<\/li>\n<li data-stringify-indent=\"0\" data-stringify-border=\"0\">Involucra a los jugadores y mejora la comunicaci\u00f3n<\/li>\n<\/ul>\n","protected":false},"featured_media":157067,"comment_status":"open","ping_status":"closed","template":"","meta":{"_acf_changed":false},"product_brand":[],"product_cat":[2757,4090],"product_tag":[],"class_list":{"0":"post-155111","1":"product","2":"type-product","3":"status-publish","4":"has-post-thumbnail","6":"product_cat-comercio","7":"product_cat-partners","8":"product_shipping_class-smart-tact-es","10":"first","11":"instock","12":"shipping-taxable","13":"purchasable","14":"product-type-simple"},"acf":[],"yoast_head":"<!-- This site is optimized with the Yoast SEO plugin v27.4 - https:\/\/yoast.com\/product\/yoast-seo-wordpress\/ -->\n<title>Pizarra t\u00e1ctica el\u00e9ctrica y blanca 2 en 1 Smart Tact - UltimatePlayerHQ<\/title>\n<meta name=\"robots\" content=\"index, follow, max-snippet:-1, max-image-preview:large, max-video-preview:-1\" \/>\n<link rel=\"canonical\" href=\"https:\/\/shop.ultimateplayerhq.com\/es\/product\/pizarra-tactica-electrica-y-blanca-2-en-1-smart-tact\/\" \/>\n<meta property=\"og:locale\" content=\"es_ES\" \/>\n<meta property=\"og:type\" content=\"article\" \/>\n<meta property=\"og:title\" content=\"Pizarra t\u00e1ctica el\u00e9ctrica y blanca 2 en 1 Smart Tact - UltimatePlayerHQ\" \/>\n<meta property=\"og:description\" content=\"\u00a0Smart Tact: La herramienta definitiva para el entrenamiento Una pizarra 2 en 1 de 16 pulgadas que combina la flexibilidad de una pizarra blanca cl\u00e1sica con una pantalla t\u00e1ctica el\u00e9ctrica. Perfecto para entrenamientos, vestuarios o laterales.  &nbsp; La herramienta definitiva para entrenadores de f\u00fatbol profesional. Esta pizarra de 40 cm combina una pantalla t\u00e1ctica electr\u00f3nica con una superficie de pizarra blanca cl\u00e1sica. Ligera, port\u00e1til y magn\u00e9tica para una f\u00e1cil configuraci\u00f3n de formaciones. Incluye l\u00e1piz electr\u00f3nico, marcador, carpeta, borrador y 27 imanes. Perfecta para una planificaci\u00f3n t\u00e1ctica clara y din\u00e1mica, y para fomentar la participaci\u00f3n de los jugadores.  &nbsp; Caracter\u00edsticas:   Dise\u00f1o 2 en 1: Cambia entre modo digital y pizarra  Pantalla el\u00e9ctrica: Diagramas t\u00e1cticos brillantes y claros  Superficie de la pizarra: F\u00e1cil de limpiar  Magnetic Pitch: Visualiza formaciones con imanes para jugadores  Port\u00e1til: Ligera y resistente para cualquier entorno  Qu\u00e9 incluye:   Smart Tact Board de 16&quot; (El\u00e9ctrica + Pizarra Blanca)  Bol\u00edgrafo el\u00e9ctrico y marcador para pizarra  Carpeta de entrenamiento exclusiva de UPHQ  Borrador  27 imanes (jugadores, pelota, \u00e1rbitro, juez de l\u00ednea)  \u00bfPor qu\u00e9 elegir Smart Tact?   Herramienta de entrenamiento profesional  Planificaci\u00f3n t\u00e1ctica clara y eficiente  Involucra a los jugadores y mejora la comunicaci\u00f3n\" \/>\n<meta property=\"og:url\" content=\"https:\/\/shop.ultimateplayerhq.com\/es\/product\/pizarra-tactica-electrica-y-blanca-2-en-1-smart-tact\/\" \/>\n<meta property=\"og:site_name\" content=\"UltimatePlayerHQ\" \/>\n<meta property=\"article:publisher\" content=\"https:\/\/www.facebook.com\/UltimatePlayerHQ\/\" \/>\n<meta property=\"article:modified_time\" content=\"2026-02-05T14:11:22+00:00\" \/>\n<meta property=\"og:image\" content=\"https:\/\/shop.ultimateplayerhq.com\/wp-content\/uploads\/2025\/07\/IMG_3440-700x700-1-1.webp\" \/>\n\t<meta property=\"og:image:width\" content=\"700\" \/>\n\t<meta property=\"og:image:height\" content=\"700\" \/>\n\t<meta property=\"og:image:type\" content=\"image\/webp\" \/>\n<meta name=\"twitter:label1\" content=\"Tiempo de lectura\" \/>\n\t<meta name=\"twitter:data1\" content=\"1 minuto\" \/>\n<script type=\"application\/ld+json\" class=\"yoast-schema-graph\">{\"@context\":\"https:\\\/\\\/schema.org\",\"@graph\":[{\"@type\":\"WebPage\",\"@id\":\"https:\\\/\\\/shop.ultimateplayerhq.com\\\/es\\\/product\\\/pizarra-tactica-electrica-y-blanca-2-en-1-smart-tact\\\/\",\"url\":\"https:\\\/\\\/shop.ultimateplayerhq.com\\\/es\\\/product\\\/pizarra-tactica-electrica-y-blanca-2-en-1-smart-tact\\\/\",\"name\":\"Pizarra t\u00e1ctica el\u00e9ctrica y blanca 2 en 1 Smart Tact - UltimatePlayerHQ\",\"isPartOf\":{\"@id\":\"https:\\\/\\\/shop.ultimateplayerhq.com\\\/es\\\/#website\"},\"primaryImageOfPage\":{\"@id\":\"https:\\\/\\\/shop.ultimateplayerhq.com\\\/es\\\/product\\\/pizarra-tactica-electrica-y-blanca-2-en-1-smart-tact\\\/#primaryimage\"},\"image\":{\"@id\":\"https:\\\/\\\/shop.ultimateplayerhq.com\\\/es\\\/product\\\/pizarra-tactica-electrica-y-blanca-2-en-1-smart-tact\\\/#primaryimage\"},\"thumbnailUrl\":\"https:\\\/\\\/shop.ultimateplayerhq.com\\\/wp-content\\\/uploads\\\/2025\\\/07\\\/IMG_3440-700x700-1-1.webp\",\"datePublished\":\"2025-07-03T09:56:11+00:00\",\"dateModified\":\"2026-02-05T14:11:22+00:00\",\"breadcrumb\":{\"@id\":\"https:\\\/\\\/shop.ultimateplayerhq.com\\\/es\\\/product\\\/pizarra-tactica-electrica-y-blanca-2-en-1-smart-tact\\\/#breadcrumb\"},\"inLanguage\":\"es\",\"potentialAction\":[{\"@type\":\"ReadAction\",\"target\":[\"https:\\\/\\\/shop.ultimateplayerhq.com\\\/es\\\/product\\\/pizarra-tactica-electrica-y-blanca-2-en-1-smart-tact\\\/\"]}]},{\"@type\":\"ImageObject\",\"inLanguage\":\"es\",\"@id\":\"https:\\\/\\\/shop.ultimateplayerhq.com\\\/es\\\/product\\\/pizarra-tactica-electrica-y-blanca-2-en-1-smart-tact\\\/#primaryimage\",\"url\":\"https:\\\/\\\/shop.ultimateplayerhq.com\\\/wp-content\\\/uploads\\\/2025\\\/07\\\/IMG_3440-700x700-1-1.webp\",\"contentUrl\":\"https:\\\/\\\/shop.ultimateplayerhq.com\\\/wp-content\\\/uploads\\\/2025\\\/07\\\/IMG_3440-700x700-1-1.webp\",\"width\":700,\"height\":700},{\"@type\":\"BreadcrumbList\",\"@id\":\"https:\\\/\\\/shop.ultimateplayerhq.com\\\/es\\\/product\\\/pizarra-tactica-electrica-y-blanca-2-en-1-smart-tact\\\/#breadcrumb\",\"itemListElement\":[{\"@type\":\"ListItem\",\"position\":1,\"name\":\"Home\",\"item\":\"https:\\\/\\\/shop.ultimateplayerhq.com\\\/es\\\/comercio\\\/\"},{\"@type\":\"ListItem\",\"position\":2,\"name\":\"Comercio\",\"item\":\"https:\\\/\\\/shop.ultimateplayerhq.com\\\/es\\\/comercio\\\/\"},{\"@type\":\"ListItem\",\"position\":3,\"name\":\"Pizarra t\u00e1ctica el\u00e9ctrica y blanca 2 en 1 Smart Tact\"}]},{\"@type\":\"WebSite\",\"@id\":\"https:\\\/\\\/shop.ultimateplayerhq.com\\\/es\\\/#website\",\"url\":\"https:\\\/\\\/shop.ultimateplayerhq.com\\\/es\\\/\",\"name\":\"UltimatePlayerHQ\",\"description\":\"\",\"potentialAction\":[{\"@type\":\"SearchAction\",\"target\":{\"@type\":\"EntryPoint\",\"urlTemplate\":\"https:\\\/\\\/shop.ultimateplayerhq.com\\\/es\\\/?s={search_term_string}\"},\"query-input\":{\"@type\":\"PropertyValueSpecification\",\"valueRequired\":true,\"valueName\":\"search_term_string\"}}],\"inLanguage\":\"es\"}]}<\/script>\n<!-- \/ Yoast SEO plugin. -->","yoast_head_json":{"title":"Pizarra t\u00e1ctica el\u00e9ctrica y blanca 2 en 1 Smart Tact - UltimatePlayerHQ","robots":{"index":"index","follow":"follow","max-snippet":"max-snippet:-1","max-image-preview":"max-image-preview:large","max-video-preview":"max-video-preview:-1"},"canonical":"https:\/\/shop.ultimateplayerhq.com\/es\/product\/pizarra-tactica-electrica-y-blanca-2-en-1-smart-tact\/","og_locale":"es_ES","og_type":"article","og_title":"Pizarra t\u00e1ctica el\u00e9ctrica y blanca 2 en 1 Smart Tact - UltimatePlayerHQ","og_description":"\u00a0Smart Tact: La herramienta definitiva para el entrenamiento Una pizarra 2 en 1 de 16 pulgadas que combina la flexibilidad de una pizarra blanca cl\u00e1sica con una pantalla t\u00e1ctica el\u00e9ctrica. Perfecto para entrenamientos, vestuarios o laterales.  &nbsp; La herramienta definitiva para entrenadores de f\u00fatbol profesional. Esta pizarra de 40 cm combina una pantalla t\u00e1ctica electr\u00f3nica con una superficie de pizarra blanca cl\u00e1sica. Ligera, port\u00e1til y magn\u00e9tica para una f\u00e1cil configuraci\u00f3n de formaciones. Incluye l\u00e1piz electr\u00f3nico, marcador, carpeta, borrador y 27 imanes. Perfecta para una planificaci\u00f3n t\u00e1ctica clara y din\u00e1mica, y para fomentar la participaci\u00f3n de los jugadores.  &nbsp; Caracter\u00edsticas:   Dise\u00f1o 2 en 1: Cambia entre modo digital y pizarra  Pantalla el\u00e9ctrica: Diagramas t\u00e1cticos brillantes y claros  Superficie de la pizarra: F\u00e1cil de limpiar  Magnetic Pitch: Visualiza formaciones con imanes para jugadores  Port\u00e1til: Ligera y resistente para cualquier entorno  Qu\u00e9 incluye:   Smart Tact Board de 16\" (El\u00e9ctrica + Pizarra Blanca)  Bol\u00edgrafo el\u00e9ctrico y marcador para pizarra  Carpeta de entrenamiento exclusiva de UPHQ  Borrador  27 imanes (jugadores, pelota, \u00e1rbitro, juez de l\u00ednea)  \u00bfPor qu\u00e9 elegir Smart Tact?   Herramienta de entrenamiento profesional  Planificaci\u00f3n t\u00e1ctica clara y eficiente  Involucra a los jugadores y mejora la comunicaci\u00f3n","og_url":"https:\/\/shop.ultimateplayerhq.com\/es\/product\/pizarra-tactica-electrica-y-blanca-2-en-1-smart-tact\/","og_site_name":"UltimatePlayerHQ","article_publisher":"https:\/\/www.facebook.com\/UltimatePlayerHQ\/","article_modified_time":"2026-02-05T14:11:22+00:00","og_image":[{"width":700,"height":700,"url":"https:\/\/shop.ultimateplayerhq.com\/wp-content\/uploads\/2025\/07\/IMG_3440-700x700-1-1.webp","type":"image\/webp"}],"twitter_misc":{"Tiempo de lectura":"1 minuto"},"schema":{"@context":"https:\/\/schema.org","@graph":[{"@type":"WebPage","@id":"https:\/\/shop.ultimateplayerhq.com\/es\/product\/pizarra-tactica-electrica-y-blanca-2-en-1-smart-tact\/","url":"https:\/\/shop.ultimateplayerhq.com\/es\/product\/pizarra-tactica-electrica-y-blanca-2-en-1-smart-tact\/","name":"Pizarra t\u00e1ctica el\u00e9ctrica y blanca 2 en 1 Smart Tact - UltimatePlayerHQ","isPartOf":{"@id":"https:\/\/shop.ultimateplayerhq.com\/es\/#website"},"primaryImageOfPage":{"@id":"https:\/\/shop.ultimateplayerhq.com\/es\/product\/pizarra-tactica-electrica-y-blanca-2-en-1-smart-tact\/#primaryimage"},"image":{"@id":"https:\/\/shop.ultimateplayerhq.com\/es\/product\/pizarra-tactica-electrica-y-blanca-2-en-1-smart-tact\/#primaryimage"},"thumbnailUrl":"https:\/\/shop.ultimateplayerhq.com\/wp-content\/uploads\/2025\/07\/IMG_3440-700x700-1-1.webp","datePublished":"2025-07-03T09:56:11+00:00","dateModified":"2026-02-05T14:11:22+00:00","breadcrumb":{"@id":"https:\/\/shop.ultimateplayerhq.com\/es\/product\/pizarra-tactica-electrica-y-blanca-2-en-1-smart-tact\/#breadcrumb"},"inLanguage":"es","potentialAction":[{"@type":"ReadAction","target":["https:\/\/shop.ultimateplayerhq.com\/es\/product\/pizarra-tactica-electrica-y-blanca-2-en-1-smart-tact\/"]}]},{"@type":"ImageObject","inLanguage":"es","@id":"https:\/\/shop.ultimateplayerhq.com\/es\/product\/pizarra-tactica-electrica-y-blanca-2-en-1-smart-tact\/#primaryimage","url":"https:\/\/shop.ultimateplayerhq.com\/wp-content\/uploads\/2025\/07\/IMG_3440-700x700-1-1.webp","contentUrl":"https:\/\/shop.ultimateplayerhq.com\/wp-content\/uploads\/2025\/07\/IMG_3440-700x700-1-1.webp","width":700,"height":700},{"@type":"BreadcrumbList","@id":"https:\/\/shop.ultimateplayerhq.com\/es\/product\/pizarra-tactica-electrica-y-blanca-2-en-1-smart-tact\/#breadcrumb","itemListElement":[{"@type":"ListItem","position":1,"name":"Home","item":"https:\/\/shop.ultimateplayerhq.com\/es\/comercio\/"},{"@type":"ListItem","position":2,"name":"Comercio","item":"https:\/\/shop.ultimateplayerhq.com\/es\/comercio\/"},{"@type":"ListItem","position":3,"name":"Pizarra t\u00e1ctica el\u00e9ctrica y blanca 2 en 1 Smart Tact"}]},{"@type":"WebSite","@id":"https:\/\/shop.ultimateplayerhq.com\/es\/#website","url":"https:\/\/shop.ultimateplayerhq.com\/es\/","name":"UltimatePlayerHQ","description":"","potentialAction":[{"@type":"SearchAction","target":{"@type":"EntryPoint","urlTemplate":"https:\/\/shop.ultimateplayerhq.com\/es\/?s={search_term_string}"},"query-input":{"@type":"PropertyValueSpecification","valueRequired":true,"valueName":"search_term_string"}}],"inLanguage":"es"}]}},"jetpack_sharing_enabled":true,"_links":{"self":[{"href":"https:\/\/shop.ultimateplayerhq.com\/es\/wp-json\/wp\/v2\/product\/155111","targetHints":{"allow":["GET"]}}],"collection":[{"href":"https:\/\/shop.ultimateplayerhq.com\/es\/wp-json\/wp\/v2\/product"}],"about":[{"href":"https:\/\/shop.ultimateplayerhq.com\/es\/wp-json\/wp\/v2\/types\/product"}],"replies":[{"embeddable":true,"href":"https:\/\/shop.ultimateplayerhq.com\/es\/wp-json\/wp\/v2\/comments?post=155111"}],"wp:featuredmedia":[{"embeddable":true,"href":"https:\/\/shop.ultimateplayerhq.com\/es\/wp-json\/wp\/v2\/media\/157067"}],"wp:attachment":[{"href":"https:\/\/shop.ultimateplayerhq.com\/es\/wp-json\/wp\/v2\/media?parent=155111"}],"wp:term":[{"taxonomy":"product_brand","embeddable":true,"href":"https:\/\/shop.ultimateplayerhq.com\/es\/wp-json\/wp\/v2\/product_brand?post=155111"},{"taxonomy":"product_cat","embeddable":true,"href":"https:\/\/shop.ultimateplayerhq.com\/es\/wp-json\/wp\/v2\/product_cat?post=155111"},{"taxonomy":"product_tag","embeddable":true,"href":"https:\/\/shop.ultimateplayerhq.com\/es\/wp-json\/wp\/v2\/product_tag?post=155111"}],"curies":[{"name":"wp","href":"https:\/\/api.w.org\/{rel}","templated":true}]}}