{"id":157732,"date":"2026-03-10T12:28:55","date_gmt":"2026-03-10T12:28:55","guid":{"rendered":"https:\/\/shop.ultimateplayerhq.com\/product\/el-ultimo-planificador\/"},"modified":"2026-03-10T12:28:55","modified_gmt":"2026-03-10T12:28:55","slug":"el-ultimo-planificador","status":"publish","type":"product","link":"https:\/\/shop.ultimateplayerhq.com\/es\/product\/el-ultimo-planificador\/","title":{"rendered":"El \u00faltimo planificador"},"content":{"rendered":"","protected":false},"excerpt":{"rendered":"<div style=\"color: #f90a30;\"><strong>Haz tu pedido anticipado ahora &#8211; \u00a1Lanzamiento oficial el lunes 6 de abril!<\/strong><\/div>\n<p> &nbsp;<br \/>\nUltimatePlanner &#8211; Planificador 2 en 1 para entrenadores de f\u00fatbol<\/p>\n<p>Planifica de forma m\u00e1s inteligente y mantente organizado toda la temporada con UltimatePlanner, un cuaderno 2 en 1 dise\u00f1ado espec\u00edficamente para entrenadores de f\u00fatbol.<br \/>\nEste planificador est\u00e1 dividido en dos secciones dedicadas, que te ayudar\u00e1n a planificar tus sesiones de entrenamiento y a gestionar los d\u00edas de partido en un solo lugar.<\/p>\n<p><strong>Planificador de entrenamientos<\/strong><br \/>\n48 plantillas de campos de f\u00fatbol para dise\u00f1ar y organizar tus entrenamientos<\/p>\n<ul>\n<li>Espacio para notas de coaching, objetivos de la sesi\u00f3n y puntos clave<\/li>\n<\/ul>\n<p>&nbsp;<br \/>\n<strong>Planificador de la jornada<\/strong><br \/>\n46 p\u00e1ginas de planificaci\u00f3n de la jornada para organizar t\u00e1cticas, alineaciones y planes de juego<\/p>\n<ul>\n<li>Registra los momentos clave, las observaciones y las reflexiones posteriores al partido<\/li>\n<\/ul>\n<p>&nbsp;<br \/>\n<strong>Qu\u00e9 incluye<\/strong><\/p>\n<ul>\n<li>UltimatePlanner Planificador de entrenamiento 2 en 1<\/li>\n<li>Caja de presentaci\u00f3n premium<\/li>\n<li>Bol\u00edgrafo exclusivo UPHQ<\/li>\n<li>Cartucho de tinta adicional<\/li>\n<\/ul>\n<p>&nbsp;<br \/>\nDise\u00f1ado para entrenadores de todos los niveles, UltimatePlanner te ayuda a estar preparado, organizado y listo para cada sesi\u00f3n y jornada.<\/p>\n","protected":false},"featured_media":157725,"comment_status":"open","ping_status":"closed","template":"","meta":{"_acf_changed":false},"product_brand":[],"product_cat":[2757],"product_tag":[],"class_list":{"0":"post-157732","1":"product","2":"type-product","3":"status-publish","4":"has-post-thumbnail","6":"product_cat-comercio","7":"product_shipping_class-libro-de-sesiones","9":"first","10":"instock","11":"shipping-taxable","12":"purchasable","13":"product-type-simple"},"acf":[],"yoast_head":"<!-- This site is optimized with the Yoast SEO plugin v27.5 - https:\/\/yoast.com\/product\/yoast-seo-wordpress\/ -->\n<title>El \u00faltimo planificador - UltimatePlayerHQ<\/title>\n<meta name=\"robots\" content=\"index, follow, max-snippet:-1, max-image-preview:large, max-video-preview:-1\" \/>\n<link rel=\"canonical\" href=\"https:\/\/shop.ultimateplayerhq.com\/es\/product\/el-ultimo-planificador\/\" \/>\n<meta property=\"og:locale\" content=\"es_ES\" \/>\n<meta property=\"og:type\" content=\"article\" \/>\n<meta property=\"og:title\" content=\"El \u00faltimo planificador - UltimatePlayerHQ\" \/>\n<meta property=\"og:description\" content=\"Haz tu pedido anticipado ahora - \u00a1Lanzamiento oficial el lunes 6 de abril! &nbsp; UltimatePlanner - Planificador 2 en 1 para entrenadores de f\u00fatbol Planifica de forma m\u00e1s inteligente y mantente organizado toda la temporada con UltimatePlanner, un cuaderno 2 en 1 dise\u00f1ado espec\u00edficamente para entrenadores de f\u00fatbol. Este planificador est\u00e1 dividido en dos secciones dedicadas, que te ayudar\u00e1n a planificar tus sesiones de entrenamiento y a gestionar los d\u00edas de partido en un solo lugar. Planificador de entrenamientos 48 plantillas de campos de f\u00fatbol para dise\u00f1ar y organizar tus entrenamientos  Espacio para notas de coaching, objetivos de la sesi\u00f3n y puntos clave &nbsp; Planificador de la jornada 46 p\u00e1ginas de planificaci\u00f3n de la jornada para organizar t\u00e1cticas, alineaciones y planes de juego  Registra los momentos clave, las observaciones y las reflexiones posteriores al partido &nbsp; Qu\u00e9 incluye  UltimatePlanner Planificador de entrenamiento 2 en 1  Caja de presentaci\u00f3n premium  Bol\u00edgrafo exclusivo UPHQ  Cartucho de tinta adicional &nbsp; Dise\u00f1ado para entrenadores de todos los niveles, UltimatePlanner te ayuda a estar preparado, organizado y listo para cada sesi\u00f3n y jornada.\" \/>\n<meta property=\"og:url\" content=\"https:\/\/shop.ultimateplayerhq.com\/es\/product\/el-ultimo-planificador\/\" \/>\n<meta property=\"og:site_name\" content=\"UltimatePlayerHQ\" \/>\n<meta property=\"article:publisher\" content=\"https:\/\/www.facebook.com\/UltimatePlayerHQ\/\" \/>\n<meta property=\"og:image\" content=\"https:\/\/shop.ultimateplayerhq.com\/wp-content\/uploads\/2026\/03\/IMG_7410.jpg\" \/>\n\t<meta property=\"og:image:width\" content=\"1320\" \/>\n\t<meta property=\"og:image:height\" content=\"1318\" \/>\n\t<meta property=\"og:image:type\" content=\"image\/jpeg\" \/>\n<script type=\"application\/ld+json\" class=\"yoast-schema-graph\">{\"@context\":\"https:\\\/\\\/schema.org\",\"@graph\":[{\"@type\":\"WebPage\",\"@id\":\"https:\\\/\\\/shop.ultimateplayerhq.com\\\/es\\\/product\\\/el-ultimo-planificador\\\/\",\"url\":\"https:\\\/\\\/shop.ultimateplayerhq.com\\\/es\\\/product\\\/el-ultimo-planificador\\\/\",\"name\":\"El \u00faltimo planificador - UltimatePlayerHQ\",\"isPartOf\":{\"@id\":\"https:\\\/\\\/shop.ultimateplayerhq.com\\\/es\\\/#website\"},\"primaryImageOfPage\":{\"@id\":\"https:\\\/\\\/shop.ultimateplayerhq.com\\\/es\\\/product\\\/el-ultimo-planificador\\\/#primaryimage\"},\"image\":{\"@id\":\"https:\\\/\\\/shop.ultimateplayerhq.com\\\/es\\\/product\\\/el-ultimo-planificador\\\/#primaryimage\"},\"thumbnailUrl\":\"https:\\\/\\\/shop.ultimateplayerhq.com\\\/wp-content\\\/uploads\\\/2026\\\/03\\\/IMG_7410.jpg\",\"datePublished\":\"2026-03-10T12:28:55+00:00\",\"breadcrumb\":{\"@id\":\"https:\\\/\\\/shop.ultimateplayerhq.com\\\/es\\\/product\\\/el-ultimo-planificador\\\/#breadcrumb\"},\"inLanguage\":\"es\",\"potentialAction\":[{\"@type\":\"ReadAction\",\"target\":[\"https:\\\/\\\/shop.ultimateplayerhq.com\\\/es\\\/product\\\/el-ultimo-planificador\\\/\"]}]},{\"@type\":\"ImageObject\",\"inLanguage\":\"es\",\"@id\":\"https:\\\/\\\/shop.ultimateplayerhq.com\\\/es\\\/product\\\/el-ultimo-planificador\\\/#primaryimage\",\"url\":\"https:\\\/\\\/shop.ultimateplayerhq.com\\\/wp-content\\\/uploads\\\/2026\\\/03\\\/IMG_7410.jpg\",\"contentUrl\":\"https:\\\/\\\/shop.ultimateplayerhq.com\\\/wp-content\\\/uploads\\\/2026\\\/03\\\/IMG_7410.jpg\",\"width\":1320,\"height\":1318},{\"@type\":\"BreadcrumbList\",\"@id\":\"https:\\\/\\\/shop.ultimateplayerhq.com\\\/es\\\/product\\\/el-ultimo-planificador\\\/#breadcrumb\",\"itemListElement\":[{\"@type\":\"ListItem\",\"position\":1,\"name\":\"Home\",\"item\":\"https:\\\/\\\/shop.ultimateplayerhq.com\\\/es\\\/comercio\\\/\"},{\"@type\":\"ListItem\",\"position\":2,\"name\":\"Comercio\",\"item\":\"https:\\\/\\\/shop.ultimateplayerhq.com\\\/es\\\/comercio\\\/\"},{\"@type\":\"ListItem\",\"position\":3,\"name\":\"El \u00faltimo planificador\"}]},{\"@type\":\"WebSite\",\"@id\":\"https:\\\/\\\/shop.ultimateplayerhq.com\\\/es\\\/#website\",\"url\":\"https:\\\/\\\/shop.ultimateplayerhq.com\\\/es\\\/\",\"name\":\"UltimatePlayerHQ\",\"description\":\"\",\"potentialAction\":[{\"@type\":\"SearchAction\",\"target\":{\"@type\":\"EntryPoint\",\"urlTemplate\":\"https:\\\/\\\/shop.ultimateplayerhq.com\\\/es\\\/?s={search_term_string}\"},\"query-input\":{\"@type\":\"PropertyValueSpecification\",\"valueRequired\":true,\"valueName\":\"search_term_string\"}}],\"inLanguage\":\"es\"}]}<\/script>\n<!-- \/ Yoast SEO plugin. -->","yoast_head_json":{"title":"El \u00faltimo planificador - UltimatePlayerHQ","robots":{"index":"index","follow":"follow","max-snippet":"max-snippet:-1","max-image-preview":"max-image-preview:large","max-video-preview":"max-video-preview:-1"},"canonical":"https:\/\/shop.ultimateplayerhq.com\/es\/product\/el-ultimo-planificador\/","og_locale":"es_ES","og_type":"article","og_title":"El \u00faltimo planificador - UltimatePlayerHQ","og_description":"Haz tu pedido anticipado ahora - \u00a1Lanzamiento oficial el lunes 6 de abril! &nbsp; UltimatePlanner - Planificador 2 en 1 para entrenadores de f\u00fatbol Planifica de forma m\u00e1s inteligente y mantente organizado toda la temporada con UltimatePlanner, un cuaderno 2 en 1 dise\u00f1ado espec\u00edficamente para entrenadores de f\u00fatbol. Este planificador est\u00e1 dividido en dos secciones dedicadas, que te ayudar\u00e1n a planificar tus sesiones de entrenamiento y a gestionar los d\u00edas de partido en un solo lugar. Planificador de entrenamientos 48 plantillas de campos de f\u00fatbol para dise\u00f1ar y organizar tus entrenamientos  Espacio para notas de coaching, objetivos de la sesi\u00f3n y puntos clave &nbsp; Planificador de la jornada 46 p\u00e1ginas de planificaci\u00f3n de la jornada para organizar t\u00e1cticas, alineaciones y planes de juego  Registra los momentos clave, las observaciones y las reflexiones posteriores al partido &nbsp; Qu\u00e9 incluye  UltimatePlanner Planificador de entrenamiento 2 en 1  Caja de presentaci\u00f3n premium  Bol\u00edgrafo exclusivo UPHQ  Cartucho de tinta adicional &nbsp; Dise\u00f1ado para entrenadores de todos los niveles, UltimatePlanner te ayuda a estar preparado, organizado y listo para cada sesi\u00f3n y jornada.","og_url":"https:\/\/shop.ultimateplayerhq.com\/es\/product\/el-ultimo-planificador\/","og_site_name":"UltimatePlayerHQ","article_publisher":"https:\/\/www.facebook.com\/UltimatePlayerHQ\/","og_image":[{"width":1320,"height":1318,"url":"https:\/\/shop.ultimateplayerhq.com\/wp-content\/uploads\/2026\/03\/IMG_7410.jpg","type":"image\/jpeg"}],"schema":{"@context":"https:\/\/schema.org","@graph":[{"@type":"WebPage","@id":"https:\/\/shop.ultimateplayerhq.com\/es\/product\/el-ultimo-planificador\/","url":"https:\/\/shop.ultimateplayerhq.com\/es\/product\/el-ultimo-planificador\/","name":"El \u00faltimo planificador - UltimatePlayerHQ","isPartOf":{"@id":"https:\/\/shop.ultimateplayerhq.com\/es\/#website"},"primaryImageOfPage":{"@id":"https:\/\/shop.ultimateplayerhq.com\/es\/product\/el-ultimo-planificador\/#primaryimage"},"image":{"@id":"https:\/\/shop.ultimateplayerhq.com\/es\/product\/el-ultimo-planificador\/#primaryimage"},"thumbnailUrl":"https:\/\/shop.ultimateplayerhq.com\/wp-content\/uploads\/2026\/03\/IMG_7410.jpg","datePublished":"2026-03-10T12:28:55+00:00","breadcrumb":{"@id":"https:\/\/shop.ultimateplayerhq.com\/es\/product\/el-ultimo-planificador\/#breadcrumb"},"inLanguage":"es","potentialAction":[{"@type":"ReadAction","target":["https:\/\/shop.ultimateplayerhq.com\/es\/product\/el-ultimo-planificador\/"]}]},{"@type":"ImageObject","inLanguage":"es","@id":"https:\/\/shop.ultimateplayerhq.com\/es\/product\/el-ultimo-planificador\/#primaryimage","url":"https:\/\/shop.ultimateplayerhq.com\/wp-content\/uploads\/2026\/03\/IMG_7410.jpg","contentUrl":"https:\/\/shop.ultimateplayerhq.com\/wp-content\/uploads\/2026\/03\/IMG_7410.jpg","width":1320,"height":1318},{"@type":"BreadcrumbList","@id":"https:\/\/shop.ultimateplayerhq.com\/es\/product\/el-ultimo-planificador\/#breadcrumb","itemListElement":[{"@type":"ListItem","position":1,"name":"Home","item":"https:\/\/shop.ultimateplayerhq.com\/es\/comercio\/"},{"@type":"ListItem","position":2,"name":"Comercio","item":"https:\/\/shop.ultimateplayerhq.com\/es\/comercio\/"},{"@type":"ListItem","position":3,"name":"El \u00faltimo planificador"}]},{"@type":"WebSite","@id":"https:\/\/shop.ultimateplayerhq.com\/es\/#website","url":"https:\/\/shop.ultimateplayerhq.com\/es\/","name":"UltimatePlayerHQ","description":"","potentialAction":[{"@type":"SearchAction","target":{"@type":"EntryPoint","urlTemplate":"https:\/\/shop.ultimateplayerhq.com\/es\/?s={search_term_string}"},"query-input":{"@type":"PropertyValueSpecification","valueRequired":true,"valueName":"search_term_string"}}],"inLanguage":"es"}]}},"jetpack_sharing_enabled":true,"_links":{"self":[{"href":"https:\/\/shop.ultimateplayerhq.com\/es\/wp-json\/wp\/v2\/product\/157732","targetHints":{"allow":["GET"]}}],"collection":[{"href":"https:\/\/shop.ultimateplayerhq.com\/es\/wp-json\/wp\/v2\/product"}],"about":[{"href":"https:\/\/shop.ultimateplayerhq.com\/es\/wp-json\/wp\/v2\/types\/product"}],"replies":[{"embeddable":true,"href":"https:\/\/shop.ultimateplayerhq.com\/es\/wp-json\/wp\/v2\/comments?post=157732"}],"wp:featuredmedia":[{"embeddable":true,"href":"https:\/\/shop.ultimateplayerhq.com\/es\/wp-json\/wp\/v2\/media\/157725"}],"wp:attachment":[{"href":"https:\/\/shop.ultimateplayerhq.com\/es\/wp-json\/wp\/v2\/media?parent=157732"}],"wp:term":[{"taxonomy":"product_brand","embeddable":true,"href":"https:\/\/shop.ultimateplayerhq.com\/es\/wp-json\/wp\/v2\/product_brand?post=157732"},{"taxonomy":"product_cat","embeddable":true,"href":"https:\/\/shop.ultimateplayerhq.com\/es\/wp-json\/wp\/v2\/product_cat?post=157732"},{"taxonomy":"product_tag","embeddable":true,"href":"https:\/\/shop.ultimateplayerhq.com\/es\/wp-json\/wp\/v2\/product_tag?post=157732"}],"curies":[{"name":"wp","href":"https:\/\/api.w.org\/{rel}","templated":true}]}}