{"id":130000,"date":"2025-02-03T09:19:35","date_gmt":"2025-02-03T09:19:35","guid":{"rendered":"https:\/\/shop.ultimateplayerhq.com\/?post_type=product&#038;p=130000"},"modified":"2025-11-26T15:16:47","modified_gmt":"2025-11-26T15:16:47","slug":"bloc-notes-dentrainement-ultimateplayerhq-2","status":"publish","type":"product","link":"https:\/\/shop.ultimateplayerhq.com\/fr\/product\/bloc-notes-dentrainement-ultimateplayerhq-2\/","title":{"rendered":"Bloc-notes d&#8217;entra\u00eenement UltimateplayerHQ"},"content":{"rendered":"","protected":false},"excerpt":{"rendered":"<p>Ce carnet de diagrammes de terrain est un incontournable pour les entra\u00eeneurs. Avec 50 pages de diagrammes de terrain vierges, il peut \u00eatre utilis\u00e9 pour dessiner vos propres sessions, comme livre de jeu, formation, carnet de scoutisme ou planificateur d&#8217;entra\u00eenement. Chaque page contient des sections pour enregistrer des exercices &amp; Remarques.<\/p>\n<p>Papier lisse de qualit\u00e9 120gsm coll\u00e9 sur un bord.<br \/>\nFormat A5<br \/>\n50 feuilles imprim\u00e9es par bloc et soutenues par un carton gris \u00e9pais<\/p>\n","protected":false},"featured_media":157138,"comment_status":"open","ping_status":"closed","template":"","meta":{"_acf_changed":false},"product_brand":[],"product_cat":[2679,2700],"product_tag":[],"class_list":{"0":"post-130000","1":"product","2":"type-product","3":"status-publish","4":"has-post-thumbnail","6":"product_cat-boutique","7":"product_cat-planificateur","8":"product_shipping_class-bloc-notes","10":"first","11":"instock","12":"shipping-taxable","13":"purchasable","14":"product-type-simple"},"acf":[],"yoast_head":"<!-- This site is optimized with the Yoast SEO plugin v27.3 - https:\/\/yoast.com\/product\/yoast-seo-wordpress\/ -->\n<title>Bloc-notes d&#039;entra\u00eenement UltimateplayerHQ - UltimatePlayerHQ<\/title>\n<meta name=\"robots\" content=\"index, follow, max-snippet:-1, max-image-preview:large, max-video-preview:-1\" \/>\n<link rel=\"canonical\" href=\"https:\/\/shop.ultimateplayerhq.com\/fr\/product\/bloc-notes-dentrainement-ultimateplayerhq-2\/\" \/>\n<meta property=\"og:locale\" content=\"fr_FR\" \/>\n<meta property=\"og:type\" content=\"article\" \/>\n<meta property=\"og:title\" content=\"Bloc-notes d&#039;entra\u00eenement UltimateplayerHQ - UltimatePlayerHQ\" \/>\n<meta property=\"og:description\" content=\"Ce carnet de diagrammes de terrain est un incontournable pour les entra\u00eeneurs. Avec 50 pages de diagrammes de terrain vierges, il peut \u00eatre utilis\u00e9 pour dessiner vos propres sessions, comme livre de jeu, formation, carnet de scoutisme ou planificateur d&#039;entra\u00eenement. Chaque page contient des sections pour enregistrer des exercices &amp; Remarques.  Papier lisse de qualit\u00e9 120gsm coll\u00e9 sur un bord. Format A5 50 feuilles imprim\u00e9es par bloc et soutenues par un carton gris \u00e9pais\" \/>\n<meta property=\"og:url\" content=\"https:\/\/shop.ultimateplayerhq.com\/fr\/product\/bloc-notes-dentrainement-ultimateplayerhq-2\/\" \/>\n<meta property=\"og:site_name\" content=\"UltimatePlayerHQ\" \/>\n<meta property=\"article:publisher\" content=\"https:\/\/www.facebook.com\/UltimatePlayerHQ\/\" \/>\n<meta property=\"article:modified_time\" content=\"2025-11-26T15:16:47+00:00\" \/>\n<meta property=\"og:image\" content=\"https:\/\/shop.ultimateplayerhq.com\/wp-content\/uploads\/2025\/02\/Artboard1-1-700x700-1.png\" \/>\n\t<meta property=\"og:image:width\" content=\"700\" \/>\n\t<meta property=\"og:image:height\" content=\"700\" \/>\n\t<meta property=\"og:image:type\" content=\"image\/png\" \/>\n<meta name=\"twitter:label1\" content=\"Dur\u00e9e de lecture estim\u00e9e\" \/>\n\t<meta name=\"twitter:data1\" content=\"1 minute\" \/>\n<script type=\"application\/ld+json\" class=\"yoast-schema-graph\">{\"@context\":\"https:\\\/\\\/schema.org\",\"@graph\":[{\"@type\":\"WebPage\",\"@id\":\"https:\\\/\\\/shop.ultimateplayerhq.com\\\/fr\\\/product\\\/bloc-notes-dentrainement-ultimateplayerhq-2\\\/\",\"url\":\"https:\\\/\\\/shop.ultimateplayerhq.com\\\/fr\\\/product\\\/bloc-notes-dentrainement-ultimateplayerhq-2\\\/\",\"name\":\"Bloc-notes d'entra\u00eenement UltimateplayerHQ - UltimatePlayerHQ\",\"isPartOf\":{\"@id\":\"https:\\\/\\\/shop.ultimateplayerhq.com\\\/fr\\\/#website\"},\"primaryImageOfPage\":{\"@id\":\"https:\\\/\\\/shop.ultimateplayerhq.com\\\/fr\\\/product\\\/bloc-notes-dentrainement-ultimateplayerhq-2\\\/#primaryimage\"},\"image\":{\"@id\":\"https:\\\/\\\/shop.ultimateplayerhq.com\\\/fr\\\/product\\\/bloc-notes-dentrainement-ultimateplayerhq-2\\\/#primaryimage\"},\"thumbnailUrl\":\"https:\\\/\\\/shop.ultimateplayerhq.com\\\/wp-content\\\/uploads\\\/2025\\\/02\\\/PocketSizeCoachNotepad_IMG_1.png\",\"datePublished\":\"2025-02-03T09:19:35+00:00\",\"dateModified\":\"2025-11-26T15:16:47+00:00\",\"breadcrumb\":{\"@id\":\"https:\\\/\\\/shop.ultimateplayerhq.com\\\/fr\\\/product\\\/bloc-notes-dentrainement-ultimateplayerhq-2\\\/#breadcrumb\"},\"inLanguage\":\"fr-FR\",\"potentialAction\":[{\"@type\":\"ReadAction\",\"target\":[\"https:\\\/\\\/shop.ultimateplayerhq.com\\\/fr\\\/product\\\/bloc-notes-dentrainement-ultimateplayerhq-2\\\/\"]}]},{\"@type\":\"ImageObject\",\"inLanguage\":\"fr-FR\",\"@id\":\"https:\\\/\\\/shop.ultimateplayerhq.com\\\/fr\\\/product\\\/bloc-notes-dentrainement-ultimateplayerhq-2\\\/#primaryimage\",\"url\":\"https:\\\/\\\/shop.ultimateplayerhq.com\\\/wp-content\\\/uploads\\\/2025\\\/02\\\/PocketSizeCoachNotepad_IMG_1.png\",\"contentUrl\":\"https:\\\/\\\/shop.ultimateplayerhq.com\\\/wp-content\\\/uploads\\\/2025\\\/02\\\/PocketSizeCoachNotepad_IMG_1.png\",\"width\":700,\"height\":700},{\"@type\":\"BreadcrumbList\",\"@id\":\"https:\\\/\\\/shop.ultimateplayerhq.com\\\/fr\\\/product\\\/bloc-notes-dentrainement-ultimateplayerhq-2\\\/#breadcrumb\",\"itemListElement\":[{\"@type\":\"ListItem\",\"position\":1,\"name\":\"Home\",\"item\":\"https:\\\/\\\/shop.ultimateplayerhq.com\\\/fr\\\/boutique\\\/\"},{\"@type\":\"ListItem\",\"position\":2,\"name\":\"Boutique\",\"item\":\"https:\\\/\\\/shop.ultimateplayerhq.com\\\/fr\\\/boutique\\\/\"},{\"@type\":\"ListItem\",\"position\":3,\"name\":\"Bloc-notes d&#8217;entra\u00eenement UltimateplayerHQ\"}]},{\"@type\":\"WebSite\",\"@id\":\"https:\\\/\\\/shop.ultimateplayerhq.com\\\/fr\\\/#website\",\"url\":\"https:\\\/\\\/shop.ultimateplayerhq.com\\\/fr\\\/\",\"name\":\"UltimatePlayerHQ\",\"description\":\"\",\"potentialAction\":[{\"@type\":\"SearchAction\",\"target\":{\"@type\":\"EntryPoint\",\"urlTemplate\":\"https:\\\/\\\/shop.ultimateplayerhq.com\\\/fr\\\/?s={search_term_string}\"},\"query-input\":{\"@type\":\"PropertyValueSpecification\",\"valueRequired\":true,\"valueName\":\"search_term_string\"}}],\"inLanguage\":\"fr-FR\"}]}<\/script>\n<!-- \/ Yoast SEO plugin. -->","yoast_head_json":{"title":"Bloc-notes d'entra\u00eenement UltimateplayerHQ - UltimatePlayerHQ","robots":{"index":"index","follow":"follow","max-snippet":"max-snippet:-1","max-image-preview":"max-image-preview:large","max-video-preview":"max-video-preview:-1"},"canonical":"https:\/\/shop.ultimateplayerhq.com\/fr\/product\/bloc-notes-dentrainement-ultimateplayerhq-2\/","og_locale":"fr_FR","og_type":"article","og_title":"Bloc-notes d'entra\u00eenement UltimateplayerHQ - UltimatePlayerHQ","og_description":"Ce carnet de diagrammes de terrain est un incontournable pour les entra\u00eeneurs. Avec 50 pages de diagrammes de terrain vierges, il peut \u00eatre utilis\u00e9 pour dessiner vos propres sessions, comme livre de jeu, formation, carnet de scoutisme ou planificateur d'entra\u00eenement. Chaque page contient des sections pour enregistrer des exercices &amp; Remarques.  Papier lisse de qualit\u00e9 120gsm coll\u00e9 sur un bord. Format A5 50 feuilles imprim\u00e9es par bloc et soutenues par un carton gris \u00e9pais","og_url":"https:\/\/shop.ultimateplayerhq.com\/fr\/product\/bloc-notes-dentrainement-ultimateplayerhq-2\/","og_site_name":"UltimatePlayerHQ","article_publisher":"https:\/\/www.facebook.com\/UltimatePlayerHQ\/","article_modified_time":"2025-11-26T15:16:47+00:00","og_image":[{"width":700,"height":700,"url":"https:\/\/shop.ultimateplayerhq.com\/wp-content\/uploads\/2025\/02\/Artboard1-1-700x700-1.png","type":"image\/png"}],"twitter_misc":{"Dur\u00e9e de lecture estim\u00e9e":"1 minute"},"schema":{"@context":"https:\/\/schema.org","@graph":[{"@type":"WebPage","@id":"https:\/\/shop.ultimateplayerhq.com\/fr\/product\/bloc-notes-dentrainement-ultimateplayerhq-2\/","url":"https:\/\/shop.ultimateplayerhq.com\/fr\/product\/bloc-notes-dentrainement-ultimateplayerhq-2\/","name":"Bloc-notes d'entra\u00eenement UltimateplayerHQ - UltimatePlayerHQ","isPartOf":{"@id":"https:\/\/shop.ultimateplayerhq.com\/fr\/#website"},"primaryImageOfPage":{"@id":"https:\/\/shop.ultimateplayerhq.com\/fr\/product\/bloc-notes-dentrainement-ultimateplayerhq-2\/#primaryimage"},"image":{"@id":"https:\/\/shop.ultimateplayerhq.com\/fr\/product\/bloc-notes-dentrainement-ultimateplayerhq-2\/#primaryimage"},"thumbnailUrl":"https:\/\/shop.ultimateplayerhq.com\/wp-content\/uploads\/2025\/02\/PocketSizeCoachNotepad_IMG_1.png","datePublished":"2025-02-03T09:19:35+00:00","dateModified":"2025-11-26T15:16:47+00:00","breadcrumb":{"@id":"https:\/\/shop.ultimateplayerhq.com\/fr\/product\/bloc-notes-dentrainement-ultimateplayerhq-2\/#breadcrumb"},"inLanguage":"fr-FR","potentialAction":[{"@type":"ReadAction","target":["https:\/\/shop.ultimateplayerhq.com\/fr\/product\/bloc-notes-dentrainement-ultimateplayerhq-2\/"]}]},{"@type":"ImageObject","inLanguage":"fr-FR","@id":"https:\/\/shop.ultimateplayerhq.com\/fr\/product\/bloc-notes-dentrainement-ultimateplayerhq-2\/#primaryimage","url":"https:\/\/shop.ultimateplayerhq.com\/wp-content\/uploads\/2025\/02\/PocketSizeCoachNotepad_IMG_1.png","contentUrl":"https:\/\/shop.ultimateplayerhq.com\/wp-content\/uploads\/2025\/02\/PocketSizeCoachNotepad_IMG_1.png","width":700,"height":700},{"@type":"BreadcrumbList","@id":"https:\/\/shop.ultimateplayerhq.com\/fr\/product\/bloc-notes-dentrainement-ultimateplayerhq-2\/#breadcrumb","itemListElement":[{"@type":"ListItem","position":1,"name":"Home","item":"https:\/\/shop.ultimateplayerhq.com\/fr\/boutique\/"},{"@type":"ListItem","position":2,"name":"Boutique","item":"https:\/\/shop.ultimateplayerhq.com\/fr\/boutique\/"},{"@type":"ListItem","position":3,"name":"Bloc-notes d&#8217;entra\u00eenement UltimateplayerHQ"}]},{"@type":"WebSite","@id":"https:\/\/shop.ultimateplayerhq.com\/fr\/#website","url":"https:\/\/shop.ultimateplayerhq.com\/fr\/","name":"UltimatePlayerHQ","description":"","potentialAction":[{"@type":"SearchAction","target":{"@type":"EntryPoint","urlTemplate":"https:\/\/shop.ultimateplayerhq.com\/fr\/?s={search_term_string}"},"query-input":{"@type":"PropertyValueSpecification","valueRequired":true,"valueName":"search_term_string"}}],"inLanguage":"fr-FR"}]}},"jetpack_sharing_enabled":true,"_links":{"self":[{"href":"https:\/\/shop.ultimateplayerhq.com\/fr\/wp-json\/wp\/v2\/product\/130000","targetHints":{"allow":["GET"]}}],"collection":[{"href":"https:\/\/shop.ultimateplayerhq.com\/fr\/wp-json\/wp\/v2\/product"}],"about":[{"href":"https:\/\/shop.ultimateplayerhq.com\/fr\/wp-json\/wp\/v2\/types\/product"}],"replies":[{"embeddable":true,"href":"https:\/\/shop.ultimateplayerhq.com\/fr\/wp-json\/wp\/v2\/comments?post=130000"}],"wp:featuredmedia":[{"embeddable":true,"href":"https:\/\/shop.ultimateplayerhq.com\/fr\/wp-json\/wp\/v2\/media\/157138"}],"wp:attachment":[{"href":"https:\/\/shop.ultimateplayerhq.com\/fr\/wp-json\/wp\/v2\/media?parent=130000"}],"wp:term":[{"taxonomy":"product_brand","embeddable":true,"href":"https:\/\/shop.ultimateplayerhq.com\/fr\/wp-json\/wp\/v2\/product_brand?post=130000"},{"taxonomy":"product_cat","embeddable":true,"href":"https:\/\/shop.ultimateplayerhq.com\/fr\/wp-json\/wp\/v2\/product_cat?post=130000"},{"taxonomy":"product_tag","embeddable":true,"href":"https:\/\/shop.ultimateplayerhq.com\/fr\/wp-json\/wp\/v2\/product_tag?post=130000"}],"curies":[{"name":"wp","href":"https:\/\/api.w.org\/{rel}","templated":true}]}}