{"id":135976,"date":"2025-02-03T09:19:34","date_gmt":"2025-02-03T09:19:34","guid":{"rendered":"https:\/\/shop.ultimateplayerhq.com\/?post_type=product&#038;p=135976"},"modified":"2026-01-19T13:20:54","modified_gmt":"2026-01-19T13:20:54","slug":"planificateur-dentrainement-ultimateplayerhq-2","status":"publish","type":"product","link":"https:\/\/shop.ultimateplayerhq.com\/fr\/product\/planificateur-dentrainement-ultimateplayerhq-2\/","title":{"rendered":"Ensemble planificateur d&#8217;entra\u00eenement + bloc-notes de l&#8217;entra\u00eeneur"},"content":{"rendered":"","protected":false},"excerpt":{"rendered":"<p>Deux produits \u00e0 prix r\u00e9duit !<\/p>\n<p>Le planificateur d&#8217;entra\u00eenement est un outil indispensable pour les entra\u00eeneurs s\u00e9rieux. Avec 50 pages recto-verso contenant des diagrammes de terrain vierges et de l&#8217;espace pour des notes, vous pouvez l&#8217;utiliser pour mieux pr\u00e9parer et diriger vos s\u00e9ances d&#8217;entra\u00eenement.<\/p>\n<ul>\n<li>Plastifi\u00e9 au recto et au verso<\/li>\n<li>50 pages recto-verso<\/li>\n<li>4 emplacements divis\u00e9s de taille normale<\/li>\n<li>Section &#8220;Notes&#8221; pour ajouter des points cl\u00e9s et des informations \u00e0 vos sessions<\/li>\n<\/ul>\n<div class=\"p-rich_text_section\">Le bloc-notes de poche pour entra\u00eeneurs est un outil indispensable pour les entra\u00eeneurs s\u00e9rieux. Avec 25 pages recto-verso contenant des diagrammes de terrain vierges et de l&#8217;espace pour des notes, vous pouvez l&#8217;utiliser pour mieux pr\u00e9parer et diriger vos s\u00e9ances d&#8217;entra\u00eenement ou planifier votre \u00e9quipe du jour du match.<\/div>\n<ul class=\"p-rich_text_list p-rich_text_list__bullet\" data-stringify-type=\"unordered-list\" data-indent=\"0\" data-border=\"0\">\n<li data-stringify-indent=\"0\" data-stringify-border=\"0\">Plastifi\u00e9 au recto et au verso<\/li>\n<li data-stringify-indent=\"0\" data-stringify-border=\"0\">25 pages recto-verso<\/li>\n<li data-stringify-indent=\"0\" data-stringify-border=\"0\">Page divis\u00e9e en 2 parties, avec les notes \u00e0 gauche et la disposition des hauteurs \u00e0 droite.<\/li>\n<li data-stringify-indent=\"0\" data-stringify-border=\"0\">Petit et l\u00e9ger, facile \u00e0 mettre dans votre poche<\/li>\n<\/ul>\n","protected":false},"featured_media":157182,"comment_status":"open","ping_status":"closed","template":"","meta":{"_acf_changed":false},"product_brand":[],"product_cat":[2679,2685],"product_tag":[],"class_list":{"0":"post-135976","1":"product","2":"type-product","3":"status-publish","4":"has-post-thumbnail","6":"product_cat-boutique","7":"product_cat-livres-electroniques","8":"product_shipping_class-poche-et-pre-saison","10":"first","11":"instock","12":"shipping-taxable","13":"purchasable","14":"product-type-simple"},"acf":[],"yoast_head":"<!-- This site is optimized with the Yoast SEO plugin v27.4 - https:\/\/yoast.com\/product\/yoast-seo-wordpress\/ -->\n<title>Ensemble planificateur d&#039;entra\u00eenement + bloc-notes de l&#039;entra\u00eeneur - UltimatePlayerHQ<\/title>\n<meta name=\"robots\" content=\"index, follow, max-snippet:-1, max-image-preview:large, max-video-preview:-1\" \/>\n<link rel=\"canonical\" href=\"https:\/\/shop.ultimateplayerhq.com\/fr\/product\/planificateur-dentrainement-ultimateplayerhq-2\/\" \/>\n<meta property=\"og:locale\" content=\"fr_FR\" \/>\n<meta property=\"og:type\" content=\"article\" \/>\n<meta property=\"og:title\" content=\"Ensemble planificateur d&#039;entra\u00eenement + bloc-notes de l&#039;entra\u00eeneur - UltimatePlayerHQ\" \/>\n<meta property=\"og:description\" content=\"Deux produits \u00e0 prix r\u00e9duit ! Le planificateur d&#039;entra\u00eenement est un outil indispensable pour les entra\u00eeneurs s\u00e9rieux. Avec 50 pages recto-verso contenant des diagrammes de terrain vierges et de l&#039;espace pour des notes, vous pouvez l&#039;utiliser pour mieux pr\u00e9parer et diriger vos s\u00e9ances d&#039;entra\u00eenement.  Plastifi\u00e9 au recto et au verso  50 pages recto-verso  4 emplacements divis\u00e9s de taille normale  Section &quot;Notes&quot; pour ajouter des points cl\u00e9s et des informations \u00e0 vos sessions Le bloc-notes de poche pour entra\u00eeneurs est un outil indispensable pour les entra\u00eeneurs s\u00e9rieux. Avec 25 pages recto-verso contenant des diagrammes de terrain vierges et de l&#039;espace pour des notes, vous pouvez l&#039;utiliser pour mieux pr\u00e9parer et diriger vos s\u00e9ances d&#039;entra\u00eenement ou planifier votre \u00e9quipe du jour du match.  Plastifi\u00e9 au recto et au verso  25 pages recto-verso  Page divis\u00e9e en 2 parties, avec les notes \u00e0 gauche et la disposition des hauteurs \u00e0 droite.  Petit et l\u00e9ger, facile \u00e0 mettre dans votre poche\" \/>\n<meta property=\"og:url\" content=\"https:\/\/shop.ultimateplayerhq.com\/fr\/product\/planificateur-dentrainement-ultimateplayerhq-2\/\" \/>\n<meta property=\"og:site_name\" content=\"UltimatePlayerHQ\" \/>\n<meta property=\"article:publisher\" content=\"https:\/\/www.facebook.com\/UltimatePlayerHQ\/\" \/>\n<meta property=\"article:modified_time\" content=\"2026-01-19T13:20:54+00:00\" \/>\n<meta property=\"og:image\" content=\"https:\/\/shop.ultimateplayerhq.com\/wp-content\/uploads\/2022\/02\/thumbnail.jpg\" \/>\n<meta name=\"twitter:label1\" content=\"Dur\u00e9e de lecture estim\u00e9e\" \/>\n\t<meta name=\"twitter:data1\" content=\"1 minute\" \/>\n<script type=\"application\/ld+json\" class=\"yoast-schema-graph\">{\"@context\":\"https:\\\/\\\/schema.org\",\"@graph\":[{\"@type\":\"WebPage\",\"@id\":\"https:\\\/\\\/shop.ultimateplayerhq.com\\\/fr\\\/product\\\/planificateur-dentrainement-ultimateplayerhq-2\\\/\",\"url\":\"https:\\\/\\\/shop.ultimateplayerhq.com\\\/fr\\\/product\\\/planificateur-dentrainement-ultimateplayerhq-2\\\/\",\"name\":\"Ensemble planificateur d'entra\u00eenement + bloc-notes de l'entra\u00eeneur - UltimatePlayerHQ\",\"isPartOf\":{\"@id\":\"https:\\\/\\\/shop.ultimateplayerhq.com\\\/fr\\\/#website\"},\"primaryImageOfPage\":{\"@id\":\"https:\\\/\\\/shop.ultimateplayerhq.com\\\/fr\\\/product\\\/planificateur-dentrainement-ultimateplayerhq-2\\\/#primaryimage\"},\"image\":{\"@id\":\"https:\\\/\\\/shop.ultimateplayerhq.com\\\/fr\\\/product\\\/planificateur-dentrainement-ultimateplayerhq-2\\\/#primaryimage\"},\"thumbnailUrl\":\"https:\\\/\\\/shop.ultimateplayerhq.com\\\/wp-content\\\/uploads\\\/2025\\\/02\\\/TrainingPlannerCoachNotepad_IMG_1.jpg\",\"datePublished\":\"2025-02-03T09:19:34+00:00\",\"dateModified\":\"2026-01-19T13:20:54+00:00\",\"breadcrumb\":{\"@id\":\"https:\\\/\\\/shop.ultimateplayerhq.com\\\/fr\\\/product\\\/planificateur-dentrainement-ultimateplayerhq-2\\\/#breadcrumb\"},\"inLanguage\":\"fr-FR\",\"potentialAction\":[{\"@type\":\"ReadAction\",\"target\":[\"https:\\\/\\\/shop.ultimateplayerhq.com\\\/fr\\\/product\\\/planificateur-dentrainement-ultimateplayerhq-2\\\/\"]}]},{\"@type\":\"ImageObject\",\"inLanguage\":\"fr-FR\",\"@id\":\"https:\\\/\\\/shop.ultimateplayerhq.com\\\/fr\\\/product\\\/planificateur-dentrainement-ultimateplayerhq-2\\\/#primaryimage\",\"url\":\"https:\\\/\\\/shop.ultimateplayerhq.com\\\/wp-content\\\/uploads\\\/2025\\\/02\\\/TrainingPlannerCoachNotepad_IMG_1.jpg\",\"contentUrl\":\"https:\\\/\\\/shop.ultimateplayerhq.com\\\/wp-content\\\/uploads\\\/2025\\\/02\\\/TrainingPlannerCoachNotepad_IMG_1.jpg\",\"width\":1200,\"height\":1200},{\"@type\":\"BreadcrumbList\",\"@id\":\"https:\\\/\\\/shop.ultimateplayerhq.com\\\/fr\\\/product\\\/planificateur-dentrainement-ultimateplayerhq-2\\\/#breadcrumb\",\"itemListElement\":[{\"@type\":\"ListItem\",\"position\":1,\"name\":\"Home\",\"item\":\"https:\\\/\\\/shop.ultimateplayerhq.com\\\/fr\\\/boutique\\\/\"},{\"@type\":\"ListItem\",\"position\":2,\"name\":\"Boutique\",\"item\":\"https:\\\/\\\/shop.ultimateplayerhq.com\\\/fr\\\/boutique\\\/\"},{\"@type\":\"ListItem\",\"position\":3,\"name\":\"Ensemble planificateur d&#8217;entra\u00eenement + bloc-notes de l&#8217;entra\u00eeneur\"}]},{\"@type\":\"WebSite\",\"@id\":\"https:\\\/\\\/shop.ultimateplayerhq.com\\\/fr\\\/#website\",\"url\":\"https:\\\/\\\/shop.ultimateplayerhq.com\\\/fr\\\/\",\"name\":\"UltimatePlayerHQ\",\"description\":\"\",\"potentialAction\":[{\"@type\":\"SearchAction\",\"target\":{\"@type\":\"EntryPoint\",\"urlTemplate\":\"https:\\\/\\\/shop.ultimateplayerhq.com\\\/fr\\\/?s={search_term_string}\"},\"query-input\":{\"@type\":\"PropertyValueSpecification\",\"valueRequired\":true,\"valueName\":\"search_term_string\"}}],\"inLanguage\":\"fr-FR\"}]}<\/script>\n<!-- \/ Yoast SEO plugin. -->","yoast_head_json":{"title":"Ensemble planificateur d'entra\u00eenement + bloc-notes de l'entra\u00eeneur - UltimatePlayerHQ","robots":{"index":"index","follow":"follow","max-snippet":"max-snippet:-1","max-image-preview":"max-image-preview:large","max-video-preview":"max-video-preview:-1"},"canonical":"https:\/\/shop.ultimateplayerhq.com\/fr\/product\/planificateur-dentrainement-ultimateplayerhq-2\/","og_locale":"fr_FR","og_type":"article","og_title":"Ensemble planificateur d'entra\u00eenement + bloc-notes de l'entra\u00eeneur - UltimatePlayerHQ","og_description":"Deux produits \u00e0 prix r\u00e9duit ! Le planificateur d'entra\u00eenement est un outil indispensable pour les entra\u00eeneurs s\u00e9rieux. Avec 50 pages recto-verso contenant des diagrammes de terrain vierges et de l'espace pour des notes, vous pouvez l'utiliser pour mieux pr\u00e9parer et diriger vos s\u00e9ances d'entra\u00eenement.  Plastifi\u00e9 au recto et au verso  50 pages recto-verso  4 emplacements divis\u00e9s de taille normale  Section \"Notes\" pour ajouter des points cl\u00e9s et des informations \u00e0 vos sessions Le bloc-notes de poche pour entra\u00eeneurs est un outil indispensable pour les entra\u00eeneurs s\u00e9rieux. Avec 25 pages recto-verso contenant des diagrammes de terrain vierges et de l'espace pour des notes, vous pouvez l'utiliser pour mieux pr\u00e9parer et diriger vos s\u00e9ances d'entra\u00eenement ou planifier votre \u00e9quipe du jour du match.  Plastifi\u00e9 au recto et au verso  25 pages recto-verso  Page divis\u00e9e en 2 parties, avec les notes \u00e0 gauche et la disposition des hauteurs \u00e0 droite.  Petit et l\u00e9ger, facile \u00e0 mettre dans votre poche","og_url":"https:\/\/shop.ultimateplayerhq.com\/fr\/product\/planificateur-dentrainement-ultimateplayerhq-2\/","og_site_name":"UltimatePlayerHQ","article_publisher":"https:\/\/www.facebook.com\/UltimatePlayerHQ\/","article_modified_time":"2026-01-19T13:20:54+00:00","og_image":[{"url":"https:\/\/shop.ultimateplayerhq.com\/wp-content\/uploads\/2022\/02\/thumbnail.jpg","type":"","width":"","height":""}],"twitter_misc":{"Dur\u00e9e de lecture estim\u00e9e":"1 minute"},"schema":{"@context":"https:\/\/schema.org","@graph":[{"@type":"WebPage","@id":"https:\/\/shop.ultimateplayerhq.com\/fr\/product\/planificateur-dentrainement-ultimateplayerhq-2\/","url":"https:\/\/shop.ultimateplayerhq.com\/fr\/product\/planificateur-dentrainement-ultimateplayerhq-2\/","name":"Ensemble planificateur d'entra\u00eenement + bloc-notes de l'entra\u00eeneur - UltimatePlayerHQ","isPartOf":{"@id":"https:\/\/shop.ultimateplayerhq.com\/fr\/#website"},"primaryImageOfPage":{"@id":"https:\/\/shop.ultimateplayerhq.com\/fr\/product\/planificateur-dentrainement-ultimateplayerhq-2\/#primaryimage"},"image":{"@id":"https:\/\/shop.ultimateplayerhq.com\/fr\/product\/planificateur-dentrainement-ultimateplayerhq-2\/#primaryimage"},"thumbnailUrl":"https:\/\/shop.ultimateplayerhq.com\/wp-content\/uploads\/2025\/02\/TrainingPlannerCoachNotepad_IMG_1.jpg","datePublished":"2025-02-03T09:19:34+00:00","dateModified":"2026-01-19T13:20:54+00:00","breadcrumb":{"@id":"https:\/\/shop.ultimateplayerhq.com\/fr\/product\/planificateur-dentrainement-ultimateplayerhq-2\/#breadcrumb"},"inLanguage":"fr-FR","potentialAction":[{"@type":"ReadAction","target":["https:\/\/shop.ultimateplayerhq.com\/fr\/product\/planificateur-dentrainement-ultimateplayerhq-2\/"]}]},{"@type":"ImageObject","inLanguage":"fr-FR","@id":"https:\/\/shop.ultimateplayerhq.com\/fr\/product\/planificateur-dentrainement-ultimateplayerhq-2\/#primaryimage","url":"https:\/\/shop.ultimateplayerhq.com\/wp-content\/uploads\/2025\/02\/TrainingPlannerCoachNotepad_IMG_1.jpg","contentUrl":"https:\/\/shop.ultimateplayerhq.com\/wp-content\/uploads\/2025\/02\/TrainingPlannerCoachNotepad_IMG_1.jpg","width":1200,"height":1200},{"@type":"BreadcrumbList","@id":"https:\/\/shop.ultimateplayerhq.com\/fr\/product\/planificateur-dentrainement-ultimateplayerhq-2\/#breadcrumb","itemListElement":[{"@type":"ListItem","position":1,"name":"Home","item":"https:\/\/shop.ultimateplayerhq.com\/fr\/boutique\/"},{"@type":"ListItem","position":2,"name":"Boutique","item":"https:\/\/shop.ultimateplayerhq.com\/fr\/boutique\/"},{"@type":"ListItem","position":3,"name":"Ensemble planificateur d&#8217;entra\u00eenement + bloc-notes de l&#8217;entra\u00eeneur"}]},{"@type":"WebSite","@id":"https:\/\/shop.ultimateplayerhq.com\/fr\/#website","url":"https:\/\/shop.ultimateplayerhq.com\/fr\/","name":"UltimatePlayerHQ","description":"","potentialAction":[{"@type":"SearchAction","target":{"@type":"EntryPoint","urlTemplate":"https:\/\/shop.ultimateplayerhq.com\/fr\/?s={search_term_string}"},"query-input":{"@type":"PropertyValueSpecification","valueRequired":true,"valueName":"search_term_string"}}],"inLanguage":"fr-FR"}]}},"jetpack_sharing_enabled":true,"_links":{"self":[{"href":"https:\/\/shop.ultimateplayerhq.com\/fr\/wp-json\/wp\/v2\/product\/135976","targetHints":{"allow":["GET"]}}],"collection":[{"href":"https:\/\/shop.ultimateplayerhq.com\/fr\/wp-json\/wp\/v2\/product"}],"about":[{"href":"https:\/\/shop.ultimateplayerhq.com\/fr\/wp-json\/wp\/v2\/types\/product"}],"replies":[{"embeddable":true,"href":"https:\/\/shop.ultimateplayerhq.com\/fr\/wp-json\/wp\/v2\/comments?post=135976"}],"wp:featuredmedia":[{"embeddable":true,"href":"https:\/\/shop.ultimateplayerhq.com\/fr\/wp-json\/wp\/v2\/media\/157182"}],"wp:attachment":[{"href":"https:\/\/shop.ultimateplayerhq.com\/fr\/wp-json\/wp\/v2\/media?parent=135976"}],"wp:term":[{"taxonomy":"product_brand","embeddable":true,"href":"https:\/\/shop.ultimateplayerhq.com\/fr\/wp-json\/wp\/v2\/product_brand?post=135976"},{"taxonomy":"product_cat","embeddable":true,"href":"https:\/\/shop.ultimateplayerhq.com\/fr\/wp-json\/wp\/v2\/product_cat?post=135976"},{"taxonomy":"product_tag","embeddable":true,"href":"https:\/\/shop.ultimateplayerhq.com\/fr\/wp-json\/wp\/v2\/product_tag?post=135976"}],"curies":[{"name":"wp","href":"https:\/\/api.w.org\/{rel}","templated":true}]}}