{"id":136024,"date":"2025-02-03T09:19:33","date_gmt":"2025-02-03T09:19:33","guid":{"rendered":"https:\/\/shop.ultimateplayerhq.com\/?post_type=product&#038;p=136024"},"modified":"2025-02-04T11:21:36","modified_gmt":"2025-02-04T11:21:36","slug":"planificateur-de-jour-de-match-ultimateplayerhq-3","status":"publish","type":"product","link":"https:\/\/shop.ultimateplayerhq.com\/fr\/product\/planificateur-de-jour-de-match-ultimateplayerhq-3\/","title":{"rendered":"Planificateur de jour de match UltimateplayerHQ"},"content":{"rendered":"","protected":false},"excerpt":{"rendered":"<p><strong>NOUVEAU\u00a0!<\/strong><\/p>\n<p>C&#8217;est l&#8217;outil de coaching parfait pour planifier votre journ\u00e9e de match.<\/p>\n<p>Chaque section contient la date, les \u00e9quipes, la composition, les notes d&#8217;avant-match, les plans de jeu d\u00e9finis, le diagramme de pitch, la page des notes de r\u00e9sum\u00e9 du match et plus encore.<\/p>\n<p>Ce planificateur de jour de match est id\u00e9al pour tous les niveaux du jeu et aide les entra\u00eeneurs \u00e0 organiser leurs \u00e9quipes et constitue un enregistrement utile pour les matchs futurs.<\/p>\n","protected":false},"featured_media":157242,"comment_status":"open","ping_status":"closed","template":"","meta":{"_acf_changed":false},"product_brand":[],"product_cat":[2679,2685],"product_tag":[],"class_list":{"0":"post-136024","1":"product","2":"type-product","3":"status-publish","4":"has-post-thumbnail","6":"product_cat-boutique","7":"product_cat-livres-electroniques","8":"product_shipping_class-poche-et-pre-saison","10":"first","11":"instock","12":"shipping-taxable","13":"purchasable","14":"product-type-simple"},"acf":[],"yoast_head":"<!-- This site is optimized with the Yoast SEO plugin v27.4 - https:\/\/yoast.com\/product\/yoast-seo-wordpress\/ -->\n<title>Planificateur de jour de match UltimateplayerHQ - UltimatePlayerHQ<\/title>\n<meta name=\"robots\" content=\"index, follow, max-snippet:-1, max-image-preview:large, max-video-preview:-1\" \/>\n<link rel=\"canonical\" href=\"https:\/\/shop.ultimateplayerhq.com\/fr\/product\/planificateur-de-jour-de-match-ultimateplayerhq-3\/\" \/>\n<meta property=\"og:locale\" content=\"fr_FR\" \/>\n<meta property=\"og:type\" content=\"article\" \/>\n<meta property=\"og:title\" content=\"Planificateur de jour de match UltimateplayerHQ - UltimatePlayerHQ\" \/>\n<meta property=\"og:description\" content=\"NOUVEAU\u00a0!  C&#039;est l&#039;outil de coaching parfait pour planifier votre journ\u00e9e de match.  Chaque section contient la date, les \u00e9quipes, la composition, les notes d&#039;avant-match, les plans de jeu d\u00e9finis, le diagramme de pitch, la page des notes de r\u00e9sum\u00e9 du match et plus encore.  Ce planificateur de jour de match est id\u00e9al pour tous les niveaux du jeu et aide les entra\u00eeneurs \u00e0 organiser leurs \u00e9quipes et constitue un enregistrement utile pour les matchs futurs.\" \/>\n<meta property=\"og:url\" content=\"https:\/\/shop.ultimateplayerhq.com\/fr\/product\/planificateur-de-jour-de-match-ultimateplayerhq-3\/\" \/>\n<meta property=\"og:site_name\" content=\"UltimatePlayerHQ\" \/>\n<meta property=\"article:publisher\" content=\"https:\/\/www.facebook.com\/UltimatePlayerHQ\/\" \/>\n<meta property=\"article:modified_time\" content=\"2025-02-04T11:21:36+00:00\" \/>\n<meta property=\"og:image\" content=\"https:\/\/shop.ultimateplayerhq.com\/wp-content\/uploads\/2025\/02\/Bundle-one-1.jpg\" \/>\n\t<meta property=\"og:image:width\" content=\"1200\" \/>\n\t<meta property=\"og:image:height\" content=\"1200\" \/>\n\t<meta property=\"og:image:type\" content=\"image\/jpeg\" \/>\n<meta name=\"twitter:label1\" content=\"Dur\u00e9e de lecture estim\u00e9e\" \/>\n\t<meta name=\"twitter:data1\" content=\"1 minute\" \/>\n<script type=\"application\/ld+json\" class=\"yoast-schema-graph\">{\"@context\":\"https:\\\/\\\/schema.org\",\"@graph\":[{\"@type\":\"WebPage\",\"@id\":\"https:\\\/\\\/shop.ultimateplayerhq.com\\\/fr\\\/product\\\/planificateur-de-jour-de-match-ultimateplayerhq-3\\\/\",\"url\":\"https:\\\/\\\/shop.ultimateplayerhq.com\\\/fr\\\/product\\\/planificateur-de-jour-de-match-ultimateplayerhq-3\\\/\",\"name\":\"Planificateur de jour de match UltimateplayerHQ - UltimatePlayerHQ\",\"isPartOf\":{\"@id\":\"https:\\\/\\\/shop.ultimateplayerhq.com\\\/fr\\\/#website\"},\"primaryImageOfPage\":{\"@id\":\"https:\\\/\\\/shop.ultimateplayerhq.com\\\/fr\\\/product\\\/planificateur-de-jour-de-match-ultimateplayerhq-3\\\/#primaryimage\"},\"image\":{\"@id\":\"https:\\\/\\\/shop.ultimateplayerhq.com\\\/fr\\\/product\\\/planificateur-de-jour-de-match-ultimateplayerhq-3\\\/#primaryimage\"},\"thumbnailUrl\":\"https:\\\/\\\/shop.ultimateplayerhq.com\\\/wp-content\\\/uploads\\\/2025\\\/02\\\/MatchdayPlannerCoachNotepad_IMG_1.jpg\",\"datePublished\":\"2025-02-03T09:19:33+00:00\",\"dateModified\":\"2025-02-04T11:21:36+00:00\",\"breadcrumb\":{\"@id\":\"https:\\\/\\\/shop.ultimateplayerhq.com\\\/fr\\\/product\\\/planificateur-de-jour-de-match-ultimateplayerhq-3\\\/#breadcrumb\"},\"inLanguage\":\"fr-FR\",\"potentialAction\":[{\"@type\":\"ReadAction\",\"target\":[\"https:\\\/\\\/shop.ultimateplayerhq.com\\\/fr\\\/product\\\/planificateur-de-jour-de-match-ultimateplayerhq-3\\\/\"]}]},{\"@type\":\"ImageObject\",\"inLanguage\":\"fr-FR\",\"@id\":\"https:\\\/\\\/shop.ultimateplayerhq.com\\\/fr\\\/product\\\/planificateur-de-jour-de-match-ultimateplayerhq-3\\\/#primaryimage\",\"url\":\"https:\\\/\\\/shop.ultimateplayerhq.com\\\/wp-content\\\/uploads\\\/2025\\\/02\\\/MatchdayPlannerCoachNotepad_IMG_1.jpg\",\"contentUrl\":\"https:\\\/\\\/shop.ultimateplayerhq.com\\\/wp-content\\\/uploads\\\/2025\\\/02\\\/MatchdayPlannerCoachNotepad_IMG_1.jpg\",\"width\":1200,\"height\":1200},{\"@type\":\"BreadcrumbList\",\"@id\":\"https:\\\/\\\/shop.ultimateplayerhq.com\\\/fr\\\/product\\\/planificateur-de-jour-de-match-ultimateplayerhq-3\\\/#breadcrumb\",\"itemListElement\":[{\"@type\":\"ListItem\",\"position\":1,\"name\":\"Home\",\"item\":\"https:\\\/\\\/shop.ultimateplayerhq.com\\\/fr\\\/boutique\\\/\"},{\"@type\":\"ListItem\",\"position\":2,\"name\":\"Boutique\",\"item\":\"https:\\\/\\\/shop.ultimateplayerhq.com\\\/fr\\\/boutique\\\/\"},{\"@type\":\"ListItem\",\"position\":3,\"name\":\"Planificateur de jour de match UltimateplayerHQ\"}]},{\"@type\":\"WebSite\",\"@id\":\"https:\\\/\\\/shop.ultimateplayerhq.com\\\/fr\\\/#website\",\"url\":\"https:\\\/\\\/shop.ultimateplayerhq.com\\\/fr\\\/\",\"name\":\"UltimatePlayerHQ\",\"description\":\"\",\"potentialAction\":[{\"@type\":\"SearchAction\",\"target\":{\"@type\":\"EntryPoint\",\"urlTemplate\":\"https:\\\/\\\/shop.ultimateplayerhq.com\\\/fr\\\/?s={search_term_string}\"},\"query-input\":{\"@type\":\"PropertyValueSpecification\",\"valueRequired\":true,\"valueName\":\"search_term_string\"}}],\"inLanguage\":\"fr-FR\"}]}<\/script>\n<!-- \/ Yoast SEO plugin. -->","yoast_head_json":{"title":"Planificateur de jour de match UltimateplayerHQ - UltimatePlayerHQ","robots":{"index":"index","follow":"follow","max-snippet":"max-snippet:-1","max-image-preview":"max-image-preview:large","max-video-preview":"max-video-preview:-1"},"canonical":"https:\/\/shop.ultimateplayerhq.com\/fr\/product\/planificateur-de-jour-de-match-ultimateplayerhq-3\/","og_locale":"fr_FR","og_type":"article","og_title":"Planificateur de jour de match UltimateplayerHQ - UltimatePlayerHQ","og_description":"NOUVEAU\u00a0!  C'est l'outil de coaching parfait pour planifier votre journ\u00e9e de match.  Chaque section contient la date, les \u00e9quipes, la composition, les notes d'avant-match, les plans de jeu d\u00e9finis, le diagramme de pitch, la page des notes de r\u00e9sum\u00e9 du match et plus encore.  Ce planificateur de jour de match est id\u00e9al pour tous les niveaux du jeu et aide les entra\u00eeneurs \u00e0 organiser leurs \u00e9quipes et constitue un enregistrement utile pour les matchs futurs.","og_url":"https:\/\/shop.ultimateplayerhq.com\/fr\/product\/planificateur-de-jour-de-match-ultimateplayerhq-3\/","og_site_name":"UltimatePlayerHQ","article_publisher":"https:\/\/www.facebook.com\/UltimatePlayerHQ\/","article_modified_time":"2025-02-04T11:21:36+00:00","og_image":[{"width":1200,"height":1200,"url":"https:\/\/shop.ultimateplayerhq.com\/wp-content\/uploads\/2025\/02\/Bundle-one-1.jpg","type":"image\/jpeg"}],"twitter_misc":{"Dur\u00e9e de lecture estim\u00e9e":"1 minute"},"schema":{"@context":"https:\/\/schema.org","@graph":[{"@type":"WebPage","@id":"https:\/\/shop.ultimateplayerhq.com\/fr\/product\/planificateur-de-jour-de-match-ultimateplayerhq-3\/","url":"https:\/\/shop.ultimateplayerhq.com\/fr\/product\/planificateur-de-jour-de-match-ultimateplayerhq-3\/","name":"Planificateur de jour de match UltimateplayerHQ - UltimatePlayerHQ","isPartOf":{"@id":"https:\/\/shop.ultimateplayerhq.com\/fr\/#website"},"primaryImageOfPage":{"@id":"https:\/\/shop.ultimateplayerhq.com\/fr\/product\/planificateur-de-jour-de-match-ultimateplayerhq-3\/#primaryimage"},"image":{"@id":"https:\/\/shop.ultimateplayerhq.com\/fr\/product\/planificateur-de-jour-de-match-ultimateplayerhq-3\/#primaryimage"},"thumbnailUrl":"https:\/\/shop.ultimateplayerhq.com\/wp-content\/uploads\/2025\/02\/MatchdayPlannerCoachNotepad_IMG_1.jpg","datePublished":"2025-02-03T09:19:33+00:00","dateModified":"2025-02-04T11:21:36+00:00","breadcrumb":{"@id":"https:\/\/shop.ultimateplayerhq.com\/fr\/product\/planificateur-de-jour-de-match-ultimateplayerhq-3\/#breadcrumb"},"inLanguage":"fr-FR","potentialAction":[{"@type":"ReadAction","target":["https:\/\/shop.ultimateplayerhq.com\/fr\/product\/planificateur-de-jour-de-match-ultimateplayerhq-3\/"]}]},{"@type":"ImageObject","inLanguage":"fr-FR","@id":"https:\/\/shop.ultimateplayerhq.com\/fr\/product\/planificateur-de-jour-de-match-ultimateplayerhq-3\/#primaryimage","url":"https:\/\/shop.ultimateplayerhq.com\/wp-content\/uploads\/2025\/02\/MatchdayPlannerCoachNotepad_IMG_1.jpg","contentUrl":"https:\/\/shop.ultimateplayerhq.com\/wp-content\/uploads\/2025\/02\/MatchdayPlannerCoachNotepad_IMG_1.jpg","width":1200,"height":1200},{"@type":"BreadcrumbList","@id":"https:\/\/shop.ultimateplayerhq.com\/fr\/product\/planificateur-de-jour-de-match-ultimateplayerhq-3\/#breadcrumb","itemListElement":[{"@type":"ListItem","position":1,"name":"Home","item":"https:\/\/shop.ultimateplayerhq.com\/fr\/boutique\/"},{"@type":"ListItem","position":2,"name":"Boutique","item":"https:\/\/shop.ultimateplayerhq.com\/fr\/boutique\/"},{"@type":"ListItem","position":3,"name":"Planificateur de jour de match UltimateplayerHQ"}]},{"@type":"WebSite","@id":"https:\/\/shop.ultimateplayerhq.com\/fr\/#website","url":"https:\/\/shop.ultimateplayerhq.com\/fr\/","name":"UltimatePlayerHQ","description":"","potentialAction":[{"@type":"SearchAction","target":{"@type":"EntryPoint","urlTemplate":"https:\/\/shop.ultimateplayerhq.com\/fr\/?s={search_term_string}"},"query-input":{"@type":"PropertyValueSpecification","valueRequired":true,"valueName":"search_term_string"}}],"inLanguage":"fr-FR"}]}},"jetpack_sharing_enabled":true,"_links":{"self":[{"href":"https:\/\/shop.ultimateplayerhq.com\/fr\/wp-json\/wp\/v2\/product\/136024","targetHints":{"allow":["GET"]}}],"collection":[{"href":"https:\/\/shop.ultimateplayerhq.com\/fr\/wp-json\/wp\/v2\/product"}],"about":[{"href":"https:\/\/shop.ultimateplayerhq.com\/fr\/wp-json\/wp\/v2\/types\/product"}],"replies":[{"embeddable":true,"href":"https:\/\/shop.ultimateplayerhq.com\/fr\/wp-json\/wp\/v2\/comments?post=136024"}],"wp:featuredmedia":[{"embeddable":true,"href":"https:\/\/shop.ultimateplayerhq.com\/fr\/wp-json\/wp\/v2\/media\/157242"}],"wp:attachment":[{"href":"https:\/\/shop.ultimateplayerhq.com\/fr\/wp-json\/wp\/v2\/media?parent=136024"}],"wp:term":[{"taxonomy":"product_brand","embeddable":true,"href":"https:\/\/shop.ultimateplayerhq.com\/fr\/wp-json\/wp\/v2\/product_brand?post=136024"},{"taxonomy":"product_cat","embeddable":true,"href":"https:\/\/shop.ultimateplayerhq.com\/fr\/wp-json\/wp\/v2\/product_cat?post=136024"},{"taxonomy":"product_tag","embeddable":true,"href":"https:\/\/shop.ultimateplayerhq.com\/fr\/wp-json\/wp\/v2\/product_tag?post=136024"}],"curies":[{"name":"wp","href":"https:\/\/api.w.org\/{rel}","templated":true}]}}