{"id":154068,"date":"2025-05-21T05:59:52","date_gmt":"2025-05-21T05:59:52","guid":{"rendered":"https:\/\/shop.ultimateplayerhq.com\/product\/livre-de-session-ultimateplayerhq\/"},"modified":"2025-09-11T08:23:52","modified_gmt":"2025-09-11T08:23:52","slug":"livre-de-session-ultimateplayerhq","status":"publish","type":"product","link":"https:\/\/shop.ultimateplayerhq.com\/fr\/product\/livre-de-session-ultimateplayerhq\/","title":{"rendered":"Livre de session UltimatePlayerHQ"},"content":{"rendered":"<div style=\"padding: 56.25% 0 0 0; position: relative;\"><iframe style=\"position: absolute; top: 0; left: 0; width: 100%; height: 100%;\" title=\"UltimatePlayerHQ Session Book\" src=\"https:\/\/player.vimeo.com\/video\/1083867834?badge=0&amp;autopause=0&amp;player_id=0&amp;app_id=58479\" frameborder=\"0\"><\/iframe><\/div>\n<p><script src=\"https:\/\/player.vimeo.com\/api\/player.js\"><\/script><\/p>\n","protected":false},"excerpt":{"rendered":"<div class=\"p-rich_text_section\"><i data-stringify-type=\"italic\">Le guide complet du coaching \u2013 100 s\u00e9ances, un d\u00e9veloppement continu<\/i><br \/>\nExploitez la puissance d&#8217;un entra\u00eenement structur\u00e9 et adaptable avec le <b data-stringify-type=\"bold\">Cahier de s\u00e9ances UltimatePlayerHQ<\/b>\u00a0\u2013 votre ressource tout-en-un pour le coaching de football \u00e0 tous les niveaux.<\/div>\n<ul class=\"p-rich_text_list p-rich_text_list__bullet p-rich_text_list--nested\" data-stringify-type=\"unordered-list\" data-list-tree=\"true\" data-indent=\"0\" data-border=\"0\">\n<li data-stringify-indent=\"0\" data-stringify-border=\"0\"><span class=\"c-emoji c-emoji__medium c-emoji--inline\" data-qa=\"emoji\" data-sk=\"tooltip_parent\"><img decoding=\"async\" src=\"https:\/\/a.slack-edge.com\/production-standard-emoji-assets\/14.0\/google-medium\/2705.png\" alt=\":white_tick:\" aria-label=\"white tick emoji\" data-stringify-type=\"emoji\" data-stringify-emoji=\":white_check_mark:\" \/><\/span>\u00a0<b data-stringify-type=\"bold\">100 s\u00e9ances de haute qualit\u00e9<\/b>, soigneusement divis\u00e9es en\u00a0<b data-stringify-type=\"bold\">10 cat\u00e9gories de coaching essentielles<\/b><\/li>\n<li data-stringify-indent=\"0\" data-stringify-border=\"0\"><span class=\"c-emoji c-emoji__medium c-emoji--inline\" data-qa=\"emoji\" data-sk=\"tooltip_parent\"><img decoding=\"async\" src=\"https:\/\/a.slack-edge.com\/production-standard-emoji-assets\/14.0\/google-medium\/1f4f1.png\" alt=\":mobile_phone:\" aria-label=\"emoji t\u00e9l\u00e9phone portable\" data-stringify-type=\"emoji\" data-stringify-emoji=\":iphone:\" \/><\/span>\u00a0<b data-stringify-type=\"bold\">Codes QR interactifs<\/b>\u00a0: Regardez des sessions anim\u00e9es en direct directement sur votre t\u00e9l\u00e9phone ou votre tablette<\/li>\n<li data-stringify-indent=\"0\" data-stringify-border=\"0\"><span class=\"c-emoji c-emoji__medium c-emoji--inline\" data-qa=\"emoji\" data-sk=\"tooltip_parent\"><img decoding=\"async\" src=\"https:\/\/a.slack-edge.com\/production-standard-emoji-assets\/14.0\/google-medium\/1f4ca.png\" alt=\":bar_chart:\" aria-label=\"bar chart emoji\" data-stringify-type=\"emoji\" data-stringify-emoji=\":bar_chart:\" \/><\/span>\u00a0<b data-stringify-type=\"bold\">Tableau de planification exclusif<\/b> inclus \u00e0 l&#8217;int\u00e9rieur pour faciliter le suivi des sessions et la planification des progr\u00e8s<\/li>\n<li data-stringify-indent=\"0\" data-stringify-border=\"0\"><span class=\"c-emoji c-emoji__medium c-emoji--inline\" data-qa=\"emoji\" data-sk=\"tooltip_parent\"><img decoding=\"async\" src=\"https:\/\/a.slack-edge.com\/production-standard-emoji-assets\/14.0\/google-medium\/1f3c6.png\" alt=\":trophy:\" aria-label=\"trophy emoji\" data-stringify-type=\"emoji\" data-stringify-emoji=\":trophy:\" \/><\/span>\u00a0<b data-stringify-type=\"bold\">Adapt\u00e9 \u00e0 tous les niveaux<\/b>\u00a0\u2013 des moins de 8 ans aux performances d&#8217;\u00e9lite<\/li>\n<\/ul>\n<div class=\"p-rich_text_section\">Que vous enseigniez des joueurs d\u00e9butants ou des professionnels, ce livre \u00e9volue avec vos joueurs. Am\u00e9liorez votre coaching d\u00e8s aujourd&#8217;hui.<\/div>\n<p>Regardez les s\u00e9ances compl\u00e8tes en scannant le code QR (Remarque\u00a0: vous devez \u00eatre membre pour regarder les s\u00e9ances en ligne.)<\/p>\n","protected":false},"featured_media":157073,"comment_status":"open","ping_status":"closed","template":"","meta":{"_acf_changed":false},"product_brand":[],"product_cat":[2679,2694],"product_tag":[],"class_list":{"0":"post-154068","1":"product","2":"type-product","3":"status-publish","4":"has-post-thumbnail","6":"product_cat-boutique","7":"product_cat-manuels-de-session","8":"product_shipping_class-livre-de-seance","10":"first","11":"instock","12":"shipping-taxable","13":"purchasable","14":"product-type-simple"},"acf":[],"yoast_head":"<!-- This site is optimized with the Yoast SEO plugin v27.4 - https:\/\/yoast.com\/product\/yoast-seo-wordpress\/ -->\n<title>Livre de session UltimatePlayerHQ - UltimatePlayerHQ<\/title>\n<meta name=\"robots\" content=\"index, follow, max-snippet:-1, max-image-preview:large, max-video-preview:-1\" \/>\n<link rel=\"canonical\" href=\"https:\/\/shop.ultimateplayerhq.com\/fr\/product\/livre-de-session-ultimateplayerhq\/\" \/>\n<meta property=\"og:locale\" content=\"fr_FR\" \/>\n<meta property=\"og:type\" content=\"article\" \/>\n<meta property=\"og:title\" content=\"Livre de session UltimatePlayerHQ - UltimatePlayerHQ\" \/>\n<meta property=\"og:description\" content=\"Le guide complet du coaching \u2013 100 s\u00e9ances, un d\u00e9veloppement continu Exploitez la puissance d&#039;un entra\u00eenement structur\u00e9 et adaptable avec le Cahier de s\u00e9ances UltimatePlayerHQ\u00a0\u2013 votre ressource tout-en-un pour le coaching de football \u00e0 tous les niveaux.   \u00a0100 s\u00e9ances de haute qualit\u00e9, soigneusement divis\u00e9es en\u00a010 cat\u00e9gories de coaching essentielles  \u00a0Codes QR interactifs\u00a0: Regardez des sessions anim\u00e9es en direct directement sur votre t\u00e9l\u00e9phone ou votre tablette  \u00a0Tableau de planification exclusif inclus \u00e0 l&#039;int\u00e9rieur pour faciliter le suivi des sessions et la planification des progr\u00e8s  \u00a0Adapt\u00e9 \u00e0 tous les niveaux\u00a0\u2013 des moins de 8 ans aux performances d&#039;\u00e9lite  Que vous enseigniez des joueurs d\u00e9butants ou des professionnels, ce livre \u00e9volue avec vos joueurs. Am\u00e9liorez votre coaching d\u00e8s aujourd&#039;hui. Regardez les s\u00e9ances compl\u00e8tes en scannant le code QR (Remarque\u00a0: vous devez \u00eatre membre pour regarder les s\u00e9ances en ligne.)\" \/>\n<meta property=\"og:url\" content=\"https:\/\/shop.ultimateplayerhq.com\/fr\/product\/livre-de-session-ultimateplayerhq\/\" \/>\n<meta property=\"og:site_name\" content=\"UltimatePlayerHQ\" \/>\n<meta property=\"article:publisher\" content=\"https:\/\/www.facebook.com\/UltimatePlayerHQ\/\" \/>\n<meta property=\"article:modified_time\" content=\"2025-09-11T08:23:52+00:00\" \/>\n<meta property=\"og:image\" content=\"https:\/\/ultimatehq.fra1.digitaloceanspaces.com\/wp-content\/uploads\/2025\/05\/IMG_9617.jpg\" \/>\n\t<meta property=\"og:image:width\" content=\"1000\" \/>\n\t<meta property=\"og:image:height\" content=\"1000\" \/>\n\t<meta property=\"og:image:type\" content=\"image\/jpeg\" \/>\n<meta name=\"twitter:label1\" content=\"Dur\u00e9e de lecture estim\u00e9e\" \/>\n\t<meta name=\"twitter:data1\" content=\"1 minute\" \/>\n<script type=\"application\/ld+json\" class=\"yoast-schema-graph\">{\"@context\":\"https:\\\/\\\/schema.org\",\"@graph\":[{\"@type\":\"WebPage\",\"@id\":\"https:\\\/\\\/shop.ultimateplayerhq.com\\\/fr\\\/product\\\/livre-de-session-ultimateplayerhq\\\/\",\"url\":\"https:\\\/\\\/shop.ultimateplayerhq.com\\\/fr\\\/product\\\/livre-de-session-ultimateplayerhq\\\/\",\"name\":\"Livre de session UltimatePlayerHQ - UltimatePlayerHQ\",\"isPartOf\":{\"@id\":\"https:\\\/\\\/shop.ultimateplayerhq.com\\\/fr\\\/#website\"},\"primaryImageOfPage\":{\"@id\":\"https:\\\/\\\/shop.ultimateplayerhq.com\\\/fr\\\/product\\\/livre-de-session-ultimateplayerhq\\\/#primaryimage\"},\"image\":{\"@id\":\"https:\\\/\\\/shop.ultimateplayerhq.com\\\/fr\\\/product\\\/livre-de-session-ultimateplayerhq\\\/#primaryimage\"},\"thumbnailUrl\":\"https:\\\/\\\/shop.ultimateplayerhq.com\\\/wp-content\\\/uploads\\\/2025\\\/05\\\/UltimatePlayerHQ-Session-Book_IMG_1.jpg\",\"datePublished\":\"2025-05-21T05:59:52+00:00\",\"dateModified\":\"2025-09-11T08:23:52+00:00\",\"breadcrumb\":{\"@id\":\"https:\\\/\\\/shop.ultimateplayerhq.com\\\/fr\\\/product\\\/livre-de-session-ultimateplayerhq\\\/#breadcrumb\"},\"inLanguage\":\"fr-FR\",\"potentialAction\":[{\"@type\":\"ReadAction\",\"target\":[\"https:\\\/\\\/shop.ultimateplayerhq.com\\\/fr\\\/product\\\/livre-de-session-ultimateplayerhq\\\/\"]}]},{\"@type\":\"ImageObject\",\"inLanguage\":\"fr-FR\",\"@id\":\"https:\\\/\\\/shop.ultimateplayerhq.com\\\/fr\\\/product\\\/livre-de-session-ultimateplayerhq\\\/#primaryimage\",\"url\":\"https:\\\/\\\/shop.ultimateplayerhq.com\\\/wp-content\\\/uploads\\\/2025\\\/05\\\/UltimatePlayerHQ-Session-Book_IMG_1.jpg\",\"contentUrl\":\"https:\\\/\\\/shop.ultimateplayerhq.com\\\/wp-content\\\/uploads\\\/2025\\\/05\\\/UltimatePlayerHQ-Session-Book_IMG_1.jpg\",\"width\":1000,\"height\":1000},{\"@type\":\"BreadcrumbList\",\"@id\":\"https:\\\/\\\/shop.ultimateplayerhq.com\\\/fr\\\/product\\\/livre-de-session-ultimateplayerhq\\\/#breadcrumb\",\"itemListElement\":[{\"@type\":\"ListItem\",\"position\":1,\"name\":\"Home\",\"item\":\"https:\\\/\\\/shop.ultimateplayerhq.com\\\/fr\\\/boutique\\\/\"},{\"@type\":\"ListItem\",\"position\":2,\"name\":\"Boutique\",\"item\":\"https:\\\/\\\/shop.ultimateplayerhq.com\\\/fr\\\/boutique\\\/\"},{\"@type\":\"ListItem\",\"position\":3,\"name\":\"Livre de session UltimatePlayerHQ\"}]},{\"@type\":\"WebSite\",\"@id\":\"https:\\\/\\\/shop.ultimateplayerhq.com\\\/fr\\\/#website\",\"url\":\"https:\\\/\\\/shop.ultimateplayerhq.com\\\/fr\\\/\",\"name\":\"UltimatePlayerHQ\",\"description\":\"\",\"potentialAction\":[{\"@type\":\"SearchAction\",\"target\":{\"@type\":\"EntryPoint\",\"urlTemplate\":\"https:\\\/\\\/shop.ultimateplayerhq.com\\\/fr\\\/?s={search_term_string}\"},\"query-input\":{\"@type\":\"PropertyValueSpecification\",\"valueRequired\":true,\"valueName\":\"search_term_string\"}}],\"inLanguage\":\"fr-FR\"}]}<\/script>\n<!-- \/ Yoast SEO plugin. -->","yoast_head_json":{"title":"Livre de session UltimatePlayerHQ - UltimatePlayerHQ","robots":{"index":"index","follow":"follow","max-snippet":"max-snippet:-1","max-image-preview":"max-image-preview:large","max-video-preview":"max-video-preview:-1"},"canonical":"https:\/\/shop.ultimateplayerhq.com\/fr\/product\/livre-de-session-ultimateplayerhq\/","og_locale":"fr_FR","og_type":"article","og_title":"Livre de session UltimatePlayerHQ - UltimatePlayerHQ","og_description":"Le guide complet du coaching \u2013 100 s\u00e9ances, un d\u00e9veloppement continu Exploitez la puissance d'un entra\u00eenement structur\u00e9 et adaptable avec le Cahier de s\u00e9ances UltimatePlayerHQ\u00a0\u2013 votre ressource tout-en-un pour le coaching de football \u00e0 tous les niveaux.   \u00a0100 s\u00e9ances de haute qualit\u00e9, soigneusement divis\u00e9es en\u00a010 cat\u00e9gories de coaching essentielles  \u00a0Codes QR interactifs\u00a0: Regardez des sessions anim\u00e9es en direct directement sur votre t\u00e9l\u00e9phone ou votre tablette  \u00a0Tableau de planification exclusif inclus \u00e0 l'int\u00e9rieur pour faciliter le suivi des sessions et la planification des progr\u00e8s  \u00a0Adapt\u00e9 \u00e0 tous les niveaux\u00a0\u2013 des moins de 8 ans aux performances d'\u00e9lite  Que vous enseigniez des joueurs d\u00e9butants ou des professionnels, ce livre \u00e9volue avec vos joueurs. Am\u00e9liorez votre coaching d\u00e8s aujourd'hui. Regardez les s\u00e9ances compl\u00e8tes en scannant le code QR (Remarque\u00a0: vous devez \u00eatre membre pour regarder les s\u00e9ances en ligne.)","og_url":"https:\/\/shop.ultimateplayerhq.com\/fr\/product\/livre-de-session-ultimateplayerhq\/","og_site_name":"UltimatePlayerHQ","article_publisher":"https:\/\/www.facebook.com\/UltimatePlayerHQ\/","article_modified_time":"2025-09-11T08:23:52+00:00","og_image":[{"width":1000,"height":1000,"url":"https:\/\/ultimatehq.fra1.digitaloceanspaces.com\/wp-content\/uploads\/2025\/05\/IMG_9617.jpg","type":"image\/jpeg"}],"twitter_misc":{"Dur\u00e9e de lecture estim\u00e9e":"1 minute"},"schema":{"@context":"https:\/\/schema.org","@graph":[{"@type":"WebPage","@id":"https:\/\/shop.ultimateplayerhq.com\/fr\/product\/livre-de-session-ultimateplayerhq\/","url":"https:\/\/shop.ultimateplayerhq.com\/fr\/product\/livre-de-session-ultimateplayerhq\/","name":"Livre de session UltimatePlayerHQ - UltimatePlayerHQ","isPartOf":{"@id":"https:\/\/shop.ultimateplayerhq.com\/fr\/#website"},"primaryImageOfPage":{"@id":"https:\/\/shop.ultimateplayerhq.com\/fr\/product\/livre-de-session-ultimateplayerhq\/#primaryimage"},"image":{"@id":"https:\/\/shop.ultimateplayerhq.com\/fr\/product\/livre-de-session-ultimateplayerhq\/#primaryimage"},"thumbnailUrl":"https:\/\/shop.ultimateplayerhq.com\/wp-content\/uploads\/2025\/05\/UltimatePlayerHQ-Session-Book_IMG_1.jpg","datePublished":"2025-05-21T05:59:52+00:00","dateModified":"2025-09-11T08:23:52+00:00","breadcrumb":{"@id":"https:\/\/shop.ultimateplayerhq.com\/fr\/product\/livre-de-session-ultimateplayerhq\/#breadcrumb"},"inLanguage":"fr-FR","potentialAction":[{"@type":"ReadAction","target":["https:\/\/shop.ultimateplayerhq.com\/fr\/product\/livre-de-session-ultimateplayerhq\/"]}]},{"@type":"ImageObject","inLanguage":"fr-FR","@id":"https:\/\/shop.ultimateplayerhq.com\/fr\/product\/livre-de-session-ultimateplayerhq\/#primaryimage","url":"https:\/\/shop.ultimateplayerhq.com\/wp-content\/uploads\/2025\/05\/UltimatePlayerHQ-Session-Book_IMG_1.jpg","contentUrl":"https:\/\/shop.ultimateplayerhq.com\/wp-content\/uploads\/2025\/05\/UltimatePlayerHQ-Session-Book_IMG_1.jpg","width":1000,"height":1000},{"@type":"BreadcrumbList","@id":"https:\/\/shop.ultimateplayerhq.com\/fr\/product\/livre-de-session-ultimateplayerhq\/#breadcrumb","itemListElement":[{"@type":"ListItem","position":1,"name":"Home","item":"https:\/\/shop.ultimateplayerhq.com\/fr\/boutique\/"},{"@type":"ListItem","position":2,"name":"Boutique","item":"https:\/\/shop.ultimateplayerhq.com\/fr\/boutique\/"},{"@type":"ListItem","position":3,"name":"Livre de session UltimatePlayerHQ"}]},{"@type":"WebSite","@id":"https:\/\/shop.ultimateplayerhq.com\/fr\/#website","url":"https:\/\/shop.ultimateplayerhq.com\/fr\/","name":"UltimatePlayerHQ","description":"","potentialAction":[{"@type":"SearchAction","target":{"@type":"EntryPoint","urlTemplate":"https:\/\/shop.ultimateplayerhq.com\/fr\/?s={search_term_string}"},"query-input":{"@type":"PropertyValueSpecification","valueRequired":true,"valueName":"search_term_string"}}],"inLanguage":"fr-FR"}]}},"jetpack_sharing_enabled":true,"_links":{"self":[{"href":"https:\/\/shop.ultimateplayerhq.com\/fr\/wp-json\/wp\/v2\/product\/154068","targetHints":{"allow":["GET"]}}],"collection":[{"href":"https:\/\/shop.ultimateplayerhq.com\/fr\/wp-json\/wp\/v2\/product"}],"about":[{"href":"https:\/\/shop.ultimateplayerhq.com\/fr\/wp-json\/wp\/v2\/types\/product"}],"replies":[{"embeddable":true,"href":"https:\/\/shop.ultimateplayerhq.com\/fr\/wp-json\/wp\/v2\/comments?post=154068"}],"wp:featuredmedia":[{"embeddable":true,"href":"https:\/\/shop.ultimateplayerhq.com\/fr\/wp-json\/wp\/v2\/media\/157073"}],"wp:attachment":[{"href":"https:\/\/shop.ultimateplayerhq.com\/fr\/wp-json\/wp\/v2\/media?parent=154068"}],"wp:term":[{"taxonomy":"product_brand","embeddable":true,"href":"https:\/\/shop.ultimateplayerhq.com\/fr\/wp-json\/wp\/v2\/product_brand?post=154068"},{"taxonomy":"product_cat","embeddable":true,"href":"https:\/\/shop.ultimateplayerhq.com\/fr\/wp-json\/wp\/v2\/product_cat?post=154068"},{"taxonomy":"product_tag","embeddable":true,"href":"https:\/\/shop.ultimateplayerhq.com\/fr\/wp-json\/wp\/v2\/product_tag?post=154068"}],"curies":[{"name":"wp","href":"https:\/\/api.w.org\/{rel}","templated":true}]}}