{"id":155532,"date":"2025-10-08T06:18:37","date_gmt":"2025-10-08T06:18:37","guid":{"rendered":"https:\/\/shop.ultimateplayerhq.com\/?post_type=product&#038;p=155532"},"modified":"2026-01-29T11:33:15","modified_gmt":"2026-01-29T11:33:15","slug":"ensemble-tableau-smarttact-et-livre-de-session","status":"publish","type":"product","link":"https:\/\/shop.ultimateplayerhq.com\/fr\/product\/ensemble-tableau-smarttact-et-livre-de-session\/","title":{"rendered":"Ensemble tableau SmartTact et livre de session"},"content":{"rendered":"<div style=\"display: flex; gap: 30px; padding-top: 50px;\">\n<div style=\"position: relative; padding-top: 56.25%; width: 50%;\"><iframe style=\"position: absolute; top: 0; left: 0; width: 100%; height: 100%;\" title=\"UltimatePlayerHQ Session Book 1\" src=\"https:\/\/player.vimeo.com\/video\/1098449252?share=copy#t=0\" frameborder=\"0\" allowfullscreen=\"allowfullscreen\"><\/iframe><\/div>\n<div style=\"position: relative; padding-top: 56.25%; width: 50%;\"><iframe style=\"position: absolute; top: 0; left: 0; width: 100%; height: 100%;\" title=\"UltimatePlayerHQ Session Book 2\" src=\"https:\/\/player.vimeo.com\/video\/1101871172?share=copy#t=0\" frameborder=\"0\" allowfullscreen=\"allowfullscreen\"><span data-mce-type=\"bookmark\" style=\"display: inline-block; width: 0px; overflow: hidden; line-height: 0;\" class=\"mce_SELRES_start\">\ufeff<\/span><\/iframe><\/div>\n<\/div>\n<p><script src=\"https:\/\/player.vimeo.com\/api\/player.js\"><\/script><\/p>\n","protected":false},"excerpt":{"rendered":"<p>Am\u00e9liorez votre coaching avec le SmartTact 2-en-1 \u00e9lectrique et Tableau tactique et carnet de s\u00e9ances UltimatePlayerHQ : une combinaison puissante con\u00e7ue pour am\u00e9liorer la planification, la communication et les performances sur le terrain.<\/p>\n<p>Am\u00e9liorez votre coaching avec le tableau tactique \u00e9lectronique et blanc 2-en-1 SmartTact et le cahier de sessions UltimatePlayerHQ. Planifiez, d\u00e9montrez et analysez comme un pro gr\u00e2ce \u00e0 un tableau num\u00e9rique magn\u00e9tique et 100 sessions d&#8217;entra\u00eenement expertes avec animations accessibles par QR code. Inclus\u00a0: stylo \u00e9lectronique, marqueur, gomme, 27 aimants et \u00e9tui UPHQ \u00e9tanche.<\/p>\n<p><span class=\"c-emoji c-emoji__medium c-emoji--inline\" data-qa=\"emoji\" data-sk=\"tooltip_parent\"><img decoding=\"async\" class=\"\" src=\"https:\/\/a.slack-edge.com\/production-standard-emoji-assets\/14.0\/google-medium\/1f4cb.png\" alt=\":clipboard:\" aria-label=\"clipboard emoji\" data-stringify-type=\"emoji\" data-stringify-emoji=\":clipboard:\" \/><\/span>\u00a0Contenu\u00a0:<\/p>\n<ul>\n<li>Tableau 2-en-1 SmartTact (tableau \u00e9lectrique 16 pouces + tableau blanc)<br aria-hidden=\"true\" \/>Basculez entre l&#8217;affichage num\u00e9rique et le tableau blanc classique<br aria-hidden=\"true\" \/>Pitch magn\u00e9tique pour visualiser les tactiques<br aria-hidden=\"true\" \/>Comprend un stylo \u00e9lectrique, un marqueur, une gomme et 27 aimants<\/li>\n<li>\u00c9tui UPHQ \u00e9tanche exclusif<\/li>\n<li>Carnet de s\u00e9ances (100 s\u00e9ances expertes)<br aria-hidden=\"true\" \/>10 cat\u00e9gories de coaching pour tous les niveaux (des moins de 8 ans \u00e0 l&#8217;\u00e9lite)<br aria-hidden=\"true\" \/>Codes QR pour des s\u00e9ances anim\u00e9es sur votre t\u00e9l\u00e9phone\/tablette<br aria-hidden=\"true\" \/>Tableau de planification int\u00e9gr\u00e9 pour suivre les progr\u00e8s<\/li>\n<\/ul>\n","protected":false},"featured_media":157671,"comment_status":"open","ping_status":"closed","template":"","meta":{"_acf_changed":false},"product_brand":[],"product_cat":[2679,4088],"product_tag":[],"class_list":{"0":"post-155532","1":"product","2":"type-product","3":"status-publish","4":"has-post-thumbnail","6":"product_cat-boutique","7":"product_cat-partners","8":"product_shipping_class-smart-tact-fr","10":"first","11":"instock","12":"shipping-taxable","13":"purchasable","14":"product-type-simple"},"acf":[],"yoast_head":"<!-- This site is optimized with the Yoast SEO plugin v27.4 - https:\/\/yoast.com\/product\/yoast-seo-wordpress\/ -->\n<title>Ensemble tableau SmartTact et livre de session - UltimatePlayerHQ<\/title>\n<meta name=\"robots\" content=\"index, follow, max-snippet:-1, max-image-preview:large, max-video-preview:-1\" \/>\n<link rel=\"canonical\" href=\"https:\/\/shop.ultimateplayerhq.com\/fr\/product\/ensemble-tableau-smarttact-et-livre-de-session\/\" \/>\n<meta property=\"og:locale\" content=\"fr_FR\" \/>\n<meta property=\"og:type\" content=\"article\" \/>\n<meta property=\"og:title\" content=\"Ensemble tableau SmartTact et livre de session - UltimatePlayerHQ\" \/>\n<meta property=\"og:description\" content=\"Am\u00e9liorez votre coaching avec le SmartTact 2-en-1 \u00e9lectrique et Tableau tactique et carnet de s\u00e9ances UltimatePlayerHQ : une combinaison puissante con\u00e7ue pour am\u00e9liorer la planification, la communication et les performances sur le terrain.  Am\u00e9liorez votre coaching avec le tableau tactique \u00e9lectronique et blanc 2-en-1 SmartTact et le cahier de sessions UltimatePlayerHQ. Planifiez, d\u00e9montrez et analysez comme un pro gr\u00e2ce \u00e0 un tableau num\u00e9rique magn\u00e9tique et 100 sessions d&#039;entra\u00eenement expertes avec animations accessibles par QR code. Inclus\u00a0: stylo \u00e9lectronique, marqueur, gomme, 27 aimants et \u00e9tui UPHQ \u00e9tanche.  \u00a0Contenu\u00a0:   Tableau 2-en-1 SmartTact (tableau \u00e9lectrique 16 pouces + tableau blanc)Basculez entre l&#039;affichage num\u00e9rique et le tableau blanc classiquePitch magn\u00e9tique pour visualiser les tactiquesComprend un stylo \u00e9lectrique, un marqueur, une gomme et 27 aimants  \u00c9tui UPHQ \u00e9tanche exclusif  Carnet de s\u00e9ances (100 s\u00e9ances expertes)10 cat\u00e9gories de coaching pour tous les niveaux (des moins de 8 ans \u00e0 l&#039;\u00e9lite)Codes QR pour des s\u00e9ances anim\u00e9es sur votre t\u00e9l\u00e9phone\/tabletteTableau de planification int\u00e9gr\u00e9 pour suivre les progr\u00e8s\" \/>\n<meta property=\"og:url\" content=\"https:\/\/shop.ultimateplayerhq.com\/fr\/product\/ensemble-tableau-smarttact-et-livre-de-session\/\" \/>\n<meta property=\"og:site_name\" content=\"UltimatePlayerHQ\" \/>\n<meta property=\"article:publisher\" content=\"https:\/\/www.facebook.com\/UltimatePlayerHQ\/\" \/>\n<meta property=\"article:modified_time\" content=\"2026-01-29T11:33:15+00:00\" \/>\n<meta property=\"og:image\" content=\"https:\/\/ultimatehq.fra1.digitaloceanspaces.com\/wp-content\/uploads\/2025\/10\/IMG_3482-scaled.jpg\" \/>\n\t<meta property=\"og:image:width\" content=\"2560\" \/>\n\t<meta property=\"og:image:height\" content=\"1706\" \/>\n\t<meta property=\"og:image:type\" content=\"image\/jpeg\" \/>\n<script type=\"application\/ld+json\" class=\"yoast-schema-graph\">{\"@context\":\"https:\\\/\\\/schema.org\",\"@graph\":[{\"@type\":\"WebPage\",\"@id\":\"https:\\\/\\\/shop.ultimateplayerhq.com\\\/fr\\\/product\\\/ensemble-tableau-smarttact-et-livre-de-session\\\/\",\"url\":\"https:\\\/\\\/shop.ultimateplayerhq.com\\\/fr\\\/product\\\/ensemble-tableau-smarttact-et-livre-de-session\\\/\",\"name\":\"Ensemble tableau SmartTact et livre de session - UltimatePlayerHQ\",\"isPartOf\":{\"@id\":\"https:\\\/\\\/shop.ultimateplayerhq.com\\\/fr\\\/#website\"},\"primaryImageOfPage\":{\"@id\":\"https:\\\/\\\/shop.ultimateplayerhq.com\\\/fr\\\/product\\\/ensemble-tableau-smarttact-et-livre-de-session\\\/#primaryimage\"},\"image\":{\"@id\":\"https:\\\/\\\/shop.ultimateplayerhq.com\\\/fr\\\/product\\\/ensemble-tableau-smarttact-et-livre-de-session\\\/#primaryimage\"},\"thumbnailUrl\":\"https:\\\/\\\/shop.ultimateplayerhq.com\\\/wp-content\\\/uploads\\\/2025\\\/10\\\/IMG_3482-700x700-1.jpg\",\"datePublished\":\"2025-10-08T06:18:37+00:00\",\"dateModified\":\"2026-01-29T11:33:15+00:00\",\"breadcrumb\":{\"@id\":\"https:\\\/\\\/shop.ultimateplayerhq.com\\\/fr\\\/product\\\/ensemble-tableau-smarttact-et-livre-de-session\\\/#breadcrumb\"},\"inLanguage\":\"fr-FR\",\"potentialAction\":[{\"@type\":\"ReadAction\",\"target\":[\"https:\\\/\\\/shop.ultimateplayerhq.com\\\/fr\\\/product\\\/ensemble-tableau-smarttact-et-livre-de-session\\\/\"]}]},{\"@type\":\"ImageObject\",\"inLanguage\":\"fr-FR\",\"@id\":\"https:\\\/\\\/shop.ultimateplayerhq.com\\\/fr\\\/product\\\/ensemble-tableau-smarttact-et-livre-de-session\\\/#primaryimage\",\"url\":\"https:\\\/\\\/shop.ultimateplayerhq.com\\\/wp-content\\\/uploads\\\/2025\\\/10\\\/IMG_3482-700x700-1.jpg\",\"contentUrl\":\"https:\\\/\\\/shop.ultimateplayerhq.com\\\/wp-content\\\/uploads\\\/2025\\\/10\\\/IMG_3482-700x700-1.jpg\",\"width\":700,\"height\":700},{\"@type\":\"BreadcrumbList\",\"@id\":\"https:\\\/\\\/shop.ultimateplayerhq.com\\\/fr\\\/product\\\/ensemble-tableau-smarttact-et-livre-de-session\\\/#breadcrumb\",\"itemListElement\":[{\"@type\":\"ListItem\",\"position\":1,\"name\":\"Home\",\"item\":\"https:\\\/\\\/shop.ultimateplayerhq.com\\\/fr\\\/boutique\\\/\"},{\"@type\":\"ListItem\",\"position\":2,\"name\":\"Boutique\",\"item\":\"https:\\\/\\\/shop.ultimateplayerhq.com\\\/fr\\\/boutique\\\/\"},{\"@type\":\"ListItem\",\"position\":3,\"name\":\"Ensemble tableau SmartTact et livre de session\"}]},{\"@type\":\"WebSite\",\"@id\":\"https:\\\/\\\/shop.ultimateplayerhq.com\\\/fr\\\/#website\",\"url\":\"https:\\\/\\\/shop.ultimateplayerhq.com\\\/fr\\\/\",\"name\":\"UltimatePlayerHQ\",\"description\":\"\",\"potentialAction\":[{\"@type\":\"SearchAction\",\"target\":{\"@type\":\"EntryPoint\",\"urlTemplate\":\"https:\\\/\\\/shop.ultimateplayerhq.com\\\/fr\\\/?s={search_term_string}\"},\"query-input\":{\"@type\":\"PropertyValueSpecification\",\"valueRequired\":true,\"valueName\":\"search_term_string\"}}],\"inLanguage\":\"fr-FR\"}]}<\/script>\n<!-- \/ Yoast SEO plugin. -->","yoast_head_json":{"title":"Ensemble tableau SmartTact et livre de session - UltimatePlayerHQ","robots":{"index":"index","follow":"follow","max-snippet":"max-snippet:-1","max-image-preview":"max-image-preview:large","max-video-preview":"max-video-preview:-1"},"canonical":"https:\/\/shop.ultimateplayerhq.com\/fr\/product\/ensemble-tableau-smarttact-et-livre-de-session\/","og_locale":"fr_FR","og_type":"article","og_title":"Ensemble tableau SmartTact et livre de session - UltimatePlayerHQ","og_description":"Am\u00e9liorez votre coaching avec le SmartTact 2-en-1 \u00e9lectrique et Tableau tactique et carnet de s\u00e9ances UltimatePlayerHQ : une combinaison puissante con\u00e7ue pour am\u00e9liorer la planification, la communication et les performances sur le terrain.  Am\u00e9liorez votre coaching avec le tableau tactique \u00e9lectronique et blanc 2-en-1 SmartTact et le cahier de sessions UltimatePlayerHQ. Planifiez, d\u00e9montrez et analysez comme un pro gr\u00e2ce \u00e0 un tableau num\u00e9rique magn\u00e9tique et 100 sessions d'entra\u00eenement expertes avec animations accessibles par QR code. Inclus\u00a0: stylo \u00e9lectronique, marqueur, gomme, 27 aimants et \u00e9tui UPHQ \u00e9tanche.  \u00a0Contenu\u00a0:   Tableau 2-en-1 SmartTact (tableau \u00e9lectrique 16 pouces + tableau blanc)Basculez entre l'affichage num\u00e9rique et le tableau blanc classiquePitch magn\u00e9tique pour visualiser les tactiquesComprend un stylo \u00e9lectrique, un marqueur, une gomme et 27 aimants  \u00c9tui UPHQ \u00e9tanche exclusif  Carnet de s\u00e9ances (100 s\u00e9ances expertes)10 cat\u00e9gories de coaching pour tous les niveaux (des moins de 8 ans \u00e0 l'\u00e9lite)Codes QR pour des s\u00e9ances anim\u00e9es sur votre t\u00e9l\u00e9phone\/tabletteTableau de planification int\u00e9gr\u00e9 pour suivre les progr\u00e8s","og_url":"https:\/\/shop.ultimateplayerhq.com\/fr\/product\/ensemble-tableau-smarttact-et-livre-de-session\/","og_site_name":"UltimatePlayerHQ","article_publisher":"https:\/\/www.facebook.com\/UltimatePlayerHQ\/","article_modified_time":"2026-01-29T11:33:15+00:00","og_image":[{"width":2560,"height":1706,"url":"https:\/\/ultimatehq.fra1.digitaloceanspaces.com\/wp-content\/uploads\/2025\/10\/IMG_3482-scaled.jpg","type":"image\/jpeg"}],"schema":{"@context":"https:\/\/schema.org","@graph":[{"@type":"WebPage","@id":"https:\/\/shop.ultimateplayerhq.com\/fr\/product\/ensemble-tableau-smarttact-et-livre-de-session\/","url":"https:\/\/shop.ultimateplayerhq.com\/fr\/product\/ensemble-tableau-smarttact-et-livre-de-session\/","name":"Ensemble tableau SmartTact et livre de session - UltimatePlayerHQ","isPartOf":{"@id":"https:\/\/shop.ultimateplayerhq.com\/fr\/#website"},"primaryImageOfPage":{"@id":"https:\/\/shop.ultimateplayerhq.com\/fr\/product\/ensemble-tableau-smarttact-et-livre-de-session\/#primaryimage"},"image":{"@id":"https:\/\/shop.ultimateplayerhq.com\/fr\/product\/ensemble-tableau-smarttact-et-livre-de-session\/#primaryimage"},"thumbnailUrl":"https:\/\/shop.ultimateplayerhq.com\/wp-content\/uploads\/2025\/10\/IMG_3482-700x700-1.jpg","datePublished":"2025-10-08T06:18:37+00:00","dateModified":"2026-01-29T11:33:15+00:00","breadcrumb":{"@id":"https:\/\/shop.ultimateplayerhq.com\/fr\/product\/ensemble-tableau-smarttact-et-livre-de-session\/#breadcrumb"},"inLanguage":"fr-FR","potentialAction":[{"@type":"ReadAction","target":["https:\/\/shop.ultimateplayerhq.com\/fr\/product\/ensemble-tableau-smarttact-et-livre-de-session\/"]}]},{"@type":"ImageObject","inLanguage":"fr-FR","@id":"https:\/\/shop.ultimateplayerhq.com\/fr\/product\/ensemble-tableau-smarttact-et-livre-de-session\/#primaryimage","url":"https:\/\/shop.ultimateplayerhq.com\/wp-content\/uploads\/2025\/10\/IMG_3482-700x700-1.jpg","contentUrl":"https:\/\/shop.ultimateplayerhq.com\/wp-content\/uploads\/2025\/10\/IMG_3482-700x700-1.jpg","width":700,"height":700},{"@type":"BreadcrumbList","@id":"https:\/\/shop.ultimateplayerhq.com\/fr\/product\/ensemble-tableau-smarttact-et-livre-de-session\/#breadcrumb","itemListElement":[{"@type":"ListItem","position":1,"name":"Home","item":"https:\/\/shop.ultimateplayerhq.com\/fr\/boutique\/"},{"@type":"ListItem","position":2,"name":"Boutique","item":"https:\/\/shop.ultimateplayerhq.com\/fr\/boutique\/"},{"@type":"ListItem","position":3,"name":"Ensemble tableau SmartTact et livre de session"}]},{"@type":"WebSite","@id":"https:\/\/shop.ultimateplayerhq.com\/fr\/#website","url":"https:\/\/shop.ultimateplayerhq.com\/fr\/","name":"UltimatePlayerHQ","description":"","potentialAction":[{"@type":"SearchAction","target":{"@type":"EntryPoint","urlTemplate":"https:\/\/shop.ultimateplayerhq.com\/fr\/?s={search_term_string}"},"query-input":{"@type":"PropertyValueSpecification","valueRequired":true,"valueName":"search_term_string"}}],"inLanguage":"fr-FR"}]}},"jetpack_sharing_enabled":true,"_links":{"self":[{"href":"https:\/\/shop.ultimateplayerhq.com\/fr\/wp-json\/wp\/v2\/product\/155532","targetHints":{"allow":["GET"]}}],"collection":[{"href":"https:\/\/shop.ultimateplayerhq.com\/fr\/wp-json\/wp\/v2\/product"}],"about":[{"href":"https:\/\/shop.ultimateplayerhq.com\/fr\/wp-json\/wp\/v2\/types\/product"}],"replies":[{"embeddable":true,"href":"https:\/\/shop.ultimateplayerhq.com\/fr\/wp-json\/wp\/v2\/comments?post=155532"}],"wp:featuredmedia":[{"embeddable":true,"href":"https:\/\/shop.ultimateplayerhq.com\/fr\/wp-json\/wp\/v2\/media\/157671"}],"wp:attachment":[{"href":"https:\/\/shop.ultimateplayerhq.com\/fr\/wp-json\/wp\/v2\/media?parent=155532"}],"wp:term":[{"taxonomy":"product_brand","embeddable":true,"href":"https:\/\/shop.ultimateplayerhq.com\/fr\/wp-json\/wp\/v2\/product_brand?post=155532"},{"taxonomy":"product_cat","embeddable":true,"href":"https:\/\/shop.ultimateplayerhq.com\/fr\/wp-json\/wp\/v2\/product_cat?post=155532"},{"taxonomy":"product_tag","embeddable":true,"href":"https:\/\/shop.ultimateplayerhq.com\/fr\/wp-json\/wp\/v2\/product_tag?post=155532"}],"curies":[{"name":"wp","href":"https:\/\/api.w.org\/{rel}","templated":true}]}}