{"id":157731,"date":"2026-03-10T12:28:55","date_gmt":"2026-03-10T12:28:55","guid":{"rendered":"https:\/\/shop.ultimateplayerhq.com\/product\/lagenda-ultime\/"},"modified":"2026-03-10T12:28:55","modified_gmt":"2026-03-10T12:28:55","slug":"lagenda-ultime","status":"publish","type":"product","link":"https:\/\/shop.ultimateplayerhq.com\/fr\/product\/lagenda-ultime\/","title":{"rendered":"L&#8217;agenda ultime"},"content":{"rendered":"","protected":false},"excerpt":{"rendered":"<div style=\"color: #f90a30;\"><strong>Pr\u00e9commandez d\u00e8s maintenant &#8211; Lancement officiel le lundi 6 avril !<\/strong><\/div>\n<p> &nbsp;<br \/>\nUltimatePlanner \u2013 Agenda de coaching de football 2 en 1<\/p>\n<p>Optimisez votre planification et restez organis\u00e9 toute la saison avec l&#8217;UltimatePlanner, un carnet 2 en 1 con\u00e7u sp\u00e9cialement pour les entra\u00eeneurs de football.<br \/>Cet agenda est divis\u00e9 en deux sections d\u00e9di\u00e9es, vous permettant de planifier vos s\u00e9ances d&#8217;entra\u00eenement et de g\u00e9rer vos jours de match au m\u00eame endroit.<\/p>\n<p>Planificateur d&#8217;entra\u00eenement<br \/>48 mod\u00e8les de terrains de football pour concevoir et organiser vos s\u00e9ances d&#8217;entra\u00eenement<\/p>\n<ul>\n<li>Espace pour les notes de coaching, les objectifs de la s\u00e9ance et les points cl\u00e9s<\/li>\n<\/ul>\n<p>&nbsp;<br \/>\n<strong>Planificateur de jour de match<\/strong><br \/>\n46 pages de planification de jour de match pour organiser les tactiques, les alignements et les plans de match.<\/p>\n<ul>\n<li>Suivez les moments cl\u00e9s, les observations et les r\u00e9flexions d&#8217;apr\u00e8s-match.<\/li>\n<\/ul>\n<p>&nbsp;<br \/>\n<strong>Ce qui est inclus<\/strong><\/p>\n<ul>\n<li>Planificateur de coaching 2 en 1 UltimatePlanner<\/li>\n<li>Bo\u00eete de pr\u00e9sentation haut de gamme<\/li>\n<li>Stylo exclusif de l&#8217;UPHQ<\/li>\n<li>Cartouche d&#8217;encre suppl\u00e9mentaire<\/li>\n<\/ul>\n<p>&nbsp;<br \/>\nCon\u00e7u pour les entra\u00eeneurs de tous niveaux, l&#8217;UltimatePlanner vous aide \u00e0 rester pr\u00e9par\u00e9, organis\u00e9 et pr\u00eat pour chaque s\u00e9ance et chaque jour de match.<\/p>\n","protected":false},"featured_media":157713,"comment_status":"open","ping_status":"closed","template":"","meta":{"_acf_changed":false},"product_brand":[],"product_cat":[2679],"product_tag":[],"class_list":{"0":"post-157731","1":"product","2":"type-product","3":"status-publish","4":"has-post-thumbnail","6":"product_cat-boutique","7":"product_shipping_class-livre-de-seance","9":"first","10":"instock","11":"shipping-taxable","12":"purchasable","13":"product-type-simple"},"acf":[],"yoast_head":"<!-- This site is optimized with the Yoast SEO plugin v27.4 - https:\/\/yoast.com\/product\/yoast-seo-wordpress\/ -->\n<title>L&#039;agenda ultime - UltimatePlayerHQ<\/title>\n<meta name=\"robots\" content=\"index, follow, max-snippet:-1, max-image-preview:large, max-video-preview:-1\" \/>\n<link rel=\"canonical\" href=\"https:\/\/shop.ultimateplayerhq.com\/fr\/product\/lagenda-ultime\/\" \/>\n<meta property=\"og:locale\" content=\"fr_FR\" \/>\n<meta property=\"og:type\" content=\"article\" \/>\n<meta property=\"og:title\" content=\"L&#039;agenda ultime - UltimatePlayerHQ\" \/>\n<meta property=\"og:description\" content=\"Pr\u00e9commandez d\u00e8s maintenant - Lancement officiel le lundi 6 avril ! &nbsp; UltimatePlanner \u2013 Agenda de coaching de football 2 en 1 Optimisez votre planification et restez organis\u00e9 toute la saison avec l&#039;UltimatePlanner, un carnet 2 en 1 con\u00e7u sp\u00e9cialement pour les entra\u00eeneurs de football.Cet agenda est divis\u00e9 en deux sections d\u00e9di\u00e9es, vous permettant de planifier vos s\u00e9ances d&#039;entra\u00eenement et de g\u00e9rer vos jours de match au m\u00eame endroit. Planificateur d&#039;entra\u00eenement48 mod\u00e8les de terrains de football pour concevoir et organiser vos s\u00e9ances d&#039;entra\u00eenement  Espace pour les notes de coaching, les objectifs de la s\u00e9ance et les points cl\u00e9s &nbsp; Planificateur de jour de match 46 pages de planification de jour de match pour organiser les tactiques, les alignements et les plans de match.  Suivez les moments cl\u00e9s, les observations et les r\u00e9flexions d&#039;apr\u00e8s-match. &nbsp; Ce qui est inclus  Planificateur de coaching 2 en 1 UltimatePlanner  Bo\u00eete de pr\u00e9sentation haut de gamme  Stylo exclusif de l&#039;UPHQ  Cartouche d&#039;encre suppl\u00e9mentaire &nbsp; Con\u00e7u pour les entra\u00eeneurs de tous niveaux, l&#039;UltimatePlanner vous aide \u00e0 rester pr\u00e9par\u00e9, organis\u00e9 et pr\u00eat pour chaque s\u00e9ance et chaque jour de match.\" \/>\n<meta property=\"og:url\" content=\"https:\/\/shop.ultimateplayerhq.com\/fr\/product\/lagenda-ultime\/\" \/>\n<meta property=\"og:site_name\" content=\"UltimatePlayerHQ\" \/>\n<meta property=\"article:publisher\" content=\"https:\/\/www.facebook.com\/UltimatePlayerHQ\/\" \/>\n<meta property=\"og:image\" content=\"https:\/\/shop.ultimateplayerhq.com\/wp-content\/uploads\/2026\/03\/IMG_7410.jpg\" \/>\n\t<meta property=\"og:image:width\" content=\"1320\" \/>\n\t<meta property=\"og:image:height\" content=\"1318\" \/>\n\t<meta property=\"og:image:type\" content=\"image\/jpeg\" \/>\n<script type=\"application\/ld+json\" class=\"yoast-schema-graph\">{\"@context\":\"https:\\\/\\\/schema.org\",\"@graph\":[{\"@type\":\"WebPage\",\"@id\":\"https:\\\/\\\/shop.ultimateplayerhq.com\\\/fr\\\/product\\\/lagenda-ultime\\\/\",\"url\":\"https:\\\/\\\/shop.ultimateplayerhq.com\\\/fr\\\/product\\\/lagenda-ultime\\\/\",\"name\":\"L'agenda ultime - UltimatePlayerHQ\",\"isPartOf\":{\"@id\":\"https:\\\/\\\/shop.ultimateplayerhq.com\\\/fr\\\/#website\"},\"primaryImageOfPage\":{\"@id\":\"https:\\\/\\\/shop.ultimateplayerhq.com\\\/fr\\\/product\\\/lagenda-ultime\\\/#primaryimage\"},\"image\":{\"@id\":\"https:\\\/\\\/shop.ultimateplayerhq.com\\\/fr\\\/product\\\/lagenda-ultime\\\/#primaryimage\"},\"thumbnailUrl\":\"https:\\\/\\\/shop.ultimateplayerhq.com\\\/wp-content\\\/uploads\\\/2026\\\/03\\\/IMG_7410.jpg\",\"datePublished\":\"2026-03-10T12:28:55+00:00\",\"breadcrumb\":{\"@id\":\"https:\\\/\\\/shop.ultimateplayerhq.com\\\/fr\\\/product\\\/lagenda-ultime\\\/#breadcrumb\"},\"inLanguage\":\"fr-FR\",\"potentialAction\":[{\"@type\":\"ReadAction\",\"target\":[\"https:\\\/\\\/shop.ultimateplayerhq.com\\\/fr\\\/product\\\/lagenda-ultime\\\/\"]}]},{\"@type\":\"ImageObject\",\"inLanguage\":\"fr-FR\",\"@id\":\"https:\\\/\\\/shop.ultimateplayerhq.com\\\/fr\\\/product\\\/lagenda-ultime\\\/#primaryimage\",\"url\":\"https:\\\/\\\/shop.ultimateplayerhq.com\\\/wp-content\\\/uploads\\\/2026\\\/03\\\/IMG_7410.jpg\",\"contentUrl\":\"https:\\\/\\\/shop.ultimateplayerhq.com\\\/wp-content\\\/uploads\\\/2026\\\/03\\\/IMG_7410.jpg\",\"width\":1320,\"height\":1318},{\"@type\":\"BreadcrumbList\",\"@id\":\"https:\\\/\\\/shop.ultimateplayerhq.com\\\/fr\\\/product\\\/lagenda-ultime\\\/#breadcrumb\",\"itemListElement\":[{\"@type\":\"ListItem\",\"position\":1,\"name\":\"Home\",\"item\":\"https:\\\/\\\/shop.ultimateplayerhq.com\\\/fr\\\/boutique\\\/\"},{\"@type\":\"ListItem\",\"position\":2,\"name\":\"Boutique\",\"item\":\"https:\\\/\\\/shop.ultimateplayerhq.com\\\/fr\\\/boutique\\\/\"},{\"@type\":\"ListItem\",\"position\":3,\"name\":\"L&#8217;agenda ultime\"}]},{\"@type\":\"WebSite\",\"@id\":\"https:\\\/\\\/shop.ultimateplayerhq.com\\\/fr\\\/#website\",\"url\":\"https:\\\/\\\/shop.ultimateplayerhq.com\\\/fr\\\/\",\"name\":\"UltimatePlayerHQ\",\"description\":\"\",\"potentialAction\":[{\"@type\":\"SearchAction\",\"target\":{\"@type\":\"EntryPoint\",\"urlTemplate\":\"https:\\\/\\\/shop.ultimateplayerhq.com\\\/fr\\\/?s={search_term_string}\"},\"query-input\":{\"@type\":\"PropertyValueSpecification\",\"valueRequired\":true,\"valueName\":\"search_term_string\"}}],\"inLanguage\":\"fr-FR\"}]}<\/script>\n<!-- \/ Yoast SEO plugin. -->","yoast_head_json":{"title":"L'agenda ultime - UltimatePlayerHQ","robots":{"index":"index","follow":"follow","max-snippet":"max-snippet:-1","max-image-preview":"max-image-preview:large","max-video-preview":"max-video-preview:-1"},"canonical":"https:\/\/shop.ultimateplayerhq.com\/fr\/product\/lagenda-ultime\/","og_locale":"fr_FR","og_type":"article","og_title":"L'agenda ultime - UltimatePlayerHQ","og_description":"Pr\u00e9commandez d\u00e8s maintenant - Lancement officiel le lundi 6 avril ! &nbsp; UltimatePlanner \u2013 Agenda de coaching de football 2 en 1 Optimisez votre planification et restez organis\u00e9 toute la saison avec l'UltimatePlanner, un carnet 2 en 1 con\u00e7u sp\u00e9cialement pour les entra\u00eeneurs de football.Cet agenda est divis\u00e9 en deux sections d\u00e9di\u00e9es, vous permettant de planifier vos s\u00e9ances d'entra\u00eenement et de g\u00e9rer vos jours de match au m\u00eame endroit. Planificateur d'entra\u00eenement48 mod\u00e8les de terrains de football pour concevoir et organiser vos s\u00e9ances d'entra\u00eenement  Espace pour les notes de coaching, les objectifs de la s\u00e9ance et les points cl\u00e9s &nbsp; Planificateur de jour de match 46 pages de planification de jour de match pour organiser les tactiques, les alignements et les plans de match.  Suivez les moments cl\u00e9s, les observations et les r\u00e9flexions d'apr\u00e8s-match. &nbsp; Ce qui est inclus  Planificateur de coaching 2 en 1 UltimatePlanner  Bo\u00eete de pr\u00e9sentation haut de gamme  Stylo exclusif de l'UPHQ  Cartouche d'encre suppl\u00e9mentaire &nbsp; Con\u00e7u pour les entra\u00eeneurs de tous niveaux, l'UltimatePlanner vous aide \u00e0 rester pr\u00e9par\u00e9, organis\u00e9 et pr\u00eat pour chaque s\u00e9ance et chaque jour de match.","og_url":"https:\/\/shop.ultimateplayerhq.com\/fr\/product\/lagenda-ultime\/","og_site_name":"UltimatePlayerHQ","article_publisher":"https:\/\/www.facebook.com\/UltimatePlayerHQ\/","og_image":[{"width":1320,"height":1318,"url":"https:\/\/shop.ultimateplayerhq.com\/wp-content\/uploads\/2026\/03\/IMG_7410.jpg","type":"image\/jpeg"}],"schema":{"@context":"https:\/\/schema.org","@graph":[{"@type":"WebPage","@id":"https:\/\/shop.ultimateplayerhq.com\/fr\/product\/lagenda-ultime\/","url":"https:\/\/shop.ultimateplayerhq.com\/fr\/product\/lagenda-ultime\/","name":"L'agenda ultime - UltimatePlayerHQ","isPartOf":{"@id":"https:\/\/shop.ultimateplayerhq.com\/fr\/#website"},"primaryImageOfPage":{"@id":"https:\/\/shop.ultimateplayerhq.com\/fr\/product\/lagenda-ultime\/#primaryimage"},"image":{"@id":"https:\/\/shop.ultimateplayerhq.com\/fr\/product\/lagenda-ultime\/#primaryimage"},"thumbnailUrl":"https:\/\/shop.ultimateplayerhq.com\/wp-content\/uploads\/2026\/03\/IMG_7410.jpg","datePublished":"2026-03-10T12:28:55+00:00","breadcrumb":{"@id":"https:\/\/shop.ultimateplayerhq.com\/fr\/product\/lagenda-ultime\/#breadcrumb"},"inLanguage":"fr-FR","potentialAction":[{"@type":"ReadAction","target":["https:\/\/shop.ultimateplayerhq.com\/fr\/product\/lagenda-ultime\/"]}]},{"@type":"ImageObject","inLanguage":"fr-FR","@id":"https:\/\/shop.ultimateplayerhq.com\/fr\/product\/lagenda-ultime\/#primaryimage","url":"https:\/\/shop.ultimateplayerhq.com\/wp-content\/uploads\/2026\/03\/IMG_7410.jpg","contentUrl":"https:\/\/shop.ultimateplayerhq.com\/wp-content\/uploads\/2026\/03\/IMG_7410.jpg","width":1320,"height":1318},{"@type":"BreadcrumbList","@id":"https:\/\/shop.ultimateplayerhq.com\/fr\/product\/lagenda-ultime\/#breadcrumb","itemListElement":[{"@type":"ListItem","position":1,"name":"Home","item":"https:\/\/shop.ultimateplayerhq.com\/fr\/boutique\/"},{"@type":"ListItem","position":2,"name":"Boutique","item":"https:\/\/shop.ultimateplayerhq.com\/fr\/boutique\/"},{"@type":"ListItem","position":3,"name":"L&#8217;agenda ultime"}]},{"@type":"WebSite","@id":"https:\/\/shop.ultimateplayerhq.com\/fr\/#website","url":"https:\/\/shop.ultimateplayerhq.com\/fr\/","name":"UltimatePlayerHQ","description":"","potentialAction":[{"@type":"SearchAction","target":{"@type":"EntryPoint","urlTemplate":"https:\/\/shop.ultimateplayerhq.com\/fr\/?s={search_term_string}"},"query-input":{"@type":"PropertyValueSpecification","valueRequired":true,"valueName":"search_term_string"}}],"inLanguage":"fr-FR"}]}},"jetpack_sharing_enabled":true,"_links":{"self":[{"href":"https:\/\/shop.ultimateplayerhq.com\/fr\/wp-json\/wp\/v2\/product\/157731","targetHints":{"allow":["GET"]}}],"collection":[{"href":"https:\/\/shop.ultimateplayerhq.com\/fr\/wp-json\/wp\/v2\/product"}],"about":[{"href":"https:\/\/shop.ultimateplayerhq.com\/fr\/wp-json\/wp\/v2\/types\/product"}],"replies":[{"embeddable":true,"href":"https:\/\/shop.ultimateplayerhq.com\/fr\/wp-json\/wp\/v2\/comments?post=157731"}],"wp:featuredmedia":[{"embeddable":true,"href":"https:\/\/shop.ultimateplayerhq.com\/fr\/wp-json\/wp\/v2\/media\/157713"}],"wp:attachment":[{"href":"https:\/\/shop.ultimateplayerhq.com\/fr\/wp-json\/wp\/v2\/media?parent=157731"}],"wp:term":[{"taxonomy":"product_brand","embeddable":true,"href":"https:\/\/shop.ultimateplayerhq.com\/fr\/wp-json\/wp\/v2\/product_brand?post=157731"},{"taxonomy":"product_cat","embeddable":true,"href":"https:\/\/shop.ultimateplayerhq.com\/fr\/wp-json\/wp\/v2\/product_cat?post=157731"},{"taxonomy":"product_tag","embeddable":true,"href":"https:\/\/shop.ultimateplayerhq.com\/fr\/wp-json\/wp\/v2\/product_tag?post=157731"}],"curies":[{"name":"wp","href":"https:\/\/api.w.org\/{rel}","templated":true}]}}