{"id":83385,"date":"2025-02-03T09:19:36","date_gmt":"2025-02-03T09:19:36","guid":{"rendered":"https:\/\/shop.ultimateplayerhq.com\/shop\/planificateur-dentrainement-ultimateplayerhq\/"},"modified":"2025-10-06T12:53:01","modified_gmt":"2025-10-06T12:53:01","slug":"planificateur-dentrainement-ultimateplayerhq","status":"publish","type":"product","link":"https:\/\/shop.ultimateplayerhq.com\/fr\/product\/planificateur-dentrainement-ultimateplayerhq\/","title":{"rendered":"Planificateur d&#8217;entra\u00eenement UltimateplayerHQ"},"content":{"rendered":"","protected":false},"excerpt":{"rendered":"<p>Ce planificateur est indispensable pour les entra\u00eeneurs s\u00e9rieux. Avec 50 pages recto-verso avec des sch\u00e9mas de terrain vierges et un espace pour les notes, vous pouvez l&#8217;utiliser pour mieux pr\u00e9parer et animer vos sessions de formation.<\/p>\n<ul>\n<li>Recto et verso lamin\u00e9s<\/li>\n<li>50\u00a0pages recto verso<\/li>\n<li>4\u00a0dispositions de terrain divis\u00e9es en taille r\u00e9elle<\/li>\n<li>Section Notes pour ajouter des points cl\u00e9s et des informations \u00e0 vos sessions<\/li>\n<\/ul>\n","protected":false},"featured_media":157131,"comment_status":"open","ping_status":"closed","template":"","meta":{"_acf_changed":false},"product_brand":[],"product_cat":[2679,2685],"product_tag":[],"class_list":{"0":"post-83385","1":"product","2":"type-product","3":"status-publish","4":"has-post-thumbnail","6":"product_cat-boutique","7":"product_cat-livres-electroniques","8":"product_shipping_class-training-planner-fr","10":"first","11":"instock","12":"shipping-taxable","13":"purchasable","14":"product-type-simple"},"acf":[],"yoast_head":"<!-- This site is optimized with the Yoast SEO plugin v27.4 - https:\/\/yoast.com\/product\/yoast-seo-wordpress\/ -->\n<title>Planificateur d&#039;entra\u00eenement UltimateplayerHQ - UltimatePlayerHQ<\/title>\n<meta name=\"robots\" content=\"index, follow, max-snippet:-1, max-image-preview:large, max-video-preview:-1\" \/>\n<link rel=\"canonical\" href=\"https:\/\/shop.ultimateplayerhq.com\/fr\/product\/planificateur-dentrainement-ultimateplayerhq\/\" \/>\n<meta property=\"og:locale\" content=\"fr_FR\" \/>\n<meta property=\"og:type\" content=\"article\" \/>\n<meta property=\"og:title\" content=\"Planificateur d&#039;entra\u00eenement UltimateplayerHQ - UltimatePlayerHQ\" \/>\n<meta property=\"og:description\" content=\"Ce planificateur est indispensable pour les entra\u00eeneurs s\u00e9rieux. Avec 50 pages recto-verso avec des sch\u00e9mas de terrain vierges et un espace pour les notes, vous pouvez l&#039;utiliser pour mieux pr\u00e9parer et animer vos sessions de formation.   Recto et verso lamin\u00e9s  50\u00a0pages recto verso  4\u00a0dispositions de terrain divis\u00e9es en taille r\u00e9elle  Section Notes pour ajouter des points cl\u00e9s et des informations \u00e0 vos sessions\" \/>\n<meta property=\"og:url\" content=\"https:\/\/shop.ultimateplayerhq.com\/fr\/product\/planificateur-dentrainement-ultimateplayerhq\/\" \/>\n<meta property=\"og:site_name\" content=\"UltimatePlayerHQ\" \/>\n<meta property=\"article:publisher\" content=\"https:\/\/www.facebook.com\/UltimatePlayerHQ\/\" \/>\n<meta property=\"article:modified_time\" content=\"2025-10-06T12:53:01+00:00\" \/>\n<meta property=\"og:image\" content=\"https:\/\/shop.ultimateplayerhq.com\/wp-content\/uploads\/2022\/02\/thumbnail.jpg\" \/>\n<meta name=\"twitter:label1\" content=\"Dur\u00e9e de lecture estim\u00e9e\" \/>\n\t<meta name=\"twitter:data1\" content=\"1 minute\" \/>\n<script type=\"application\/ld+json\" class=\"yoast-schema-graph\">{\"@context\":\"https:\\\/\\\/schema.org\",\"@graph\":[{\"@type\":\"WebPage\",\"@id\":\"https:\\\/\\\/shop.ultimateplayerhq.com\\\/fr\\\/product\\\/planificateur-dentrainement-ultimateplayerhq\\\/\",\"url\":\"https:\\\/\\\/shop.ultimateplayerhq.com\\\/fr\\\/product\\\/planificateur-dentrainement-ultimateplayerhq\\\/\",\"name\":\"Planificateur d'entra\u00eenement UltimateplayerHQ - UltimatePlayerHQ\",\"isPartOf\":{\"@id\":\"https:\\\/\\\/shop.ultimateplayerhq.com\\\/fr\\\/#website\"},\"primaryImageOfPage\":{\"@id\":\"https:\\\/\\\/shop.ultimateplayerhq.com\\\/fr\\\/product\\\/planificateur-dentrainement-ultimateplayerhq\\\/#primaryimage\"},\"image\":{\"@id\":\"https:\\\/\\\/shop.ultimateplayerhq.com\\\/fr\\\/product\\\/planificateur-dentrainement-ultimateplayerhq\\\/#primaryimage\"},\"thumbnailUrl\":\"https:\\\/\\\/shop.ultimateplayerhq.com\\\/wp-content\\\/uploads\\\/2025\\\/02\\\/TrainingPlanner_IMG_1.jpg\",\"datePublished\":\"2025-02-03T09:19:36+00:00\",\"dateModified\":\"2025-10-06T12:53:01+00:00\",\"breadcrumb\":{\"@id\":\"https:\\\/\\\/shop.ultimateplayerhq.com\\\/fr\\\/product\\\/planificateur-dentrainement-ultimateplayerhq\\\/#breadcrumb\"},\"inLanguage\":\"fr-FR\",\"potentialAction\":[{\"@type\":\"ReadAction\",\"target\":[\"https:\\\/\\\/shop.ultimateplayerhq.com\\\/fr\\\/product\\\/planificateur-dentrainement-ultimateplayerhq\\\/\"]}]},{\"@type\":\"ImageObject\",\"inLanguage\":\"fr-FR\",\"@id\":\"https:\\\/\\\/shop.ultimateplayerhq.com\\\/fr\\\/product\\\/planificateur-dentrainement-ultimateplayerhq\\\/#primaryimage\",\"url\":\"https:\\\/\\\/shop.ultimateplayerhq.com\\\/wp-content\\\/uploads\\\/2025\\\/02\\\/TrainingPlanner_IMG_1.jpg\",\"contentUrl\":\"https:\\\/\\\/shop.ultimateplayerhq.com\\\/wp-content\\\/uploads\\\/2025\\\/02\\\/TrainingPlanner_IMG_1.jpg\",\"width\":700,\"height\":700},{\"@type\":\"BreadcrumbList\",\"@id\":\"https:\\\/\\\/shop.ultimateplayerhq.com\\\/fr\\\/product\\\/planificateur-dentrainement-ultimateplayerhq\\\/#breadcrumb\",\"itemListElement\":[{\"@type\":\"ListItem\",\"position\":1,\"name\":\"Home\",\"item\":\"https:\\\/\\\/shop.ultimateplayerhq.com\\\/fr\\\/boutique\\\/\"},{\"@type\":\"ListItem\",\"position\":2,\"name\":\"Boutique\",\"item\":\"https:\\\/\\\/shop.ultimateplayerhq.com\\\/fr\\\/boutique\\\/\"},{\"@type\":\"ListItem\",\"position\":3,\"name\":\"Planificateur d&#8217;entra\u00eenement UltimateplayerHQ\"}]},{\"@type\":\"WebSite\",\"@id\":\"https:\\\/\\\/shop.ultimateplayerhq.com\\\/fr\\\/#website\",\"url\":\"https:\\\/\\\/shop.ultimateplayerhq.com\\\/fr\\\/\",\"name\":\"UltimatePlayerHQ\",\"description\":\"\",\"potentialAction\":[{\"@type\":\"SearchAction\",\"target\":{\"@type\":\"EntryPoint\",\"urlTemplate\":\"https:\\\/\\\/shop.ultimateplayerhq.com\\\/fr\\\/?s={search_term_string}\"},\"query-input\":{\"@type\":\"PropertyValueSpecification\",\"valueRequired\":true,\"valueName\":\"search_term_string\"}}],\"inLanguage\":\"fr-FR\"}]}<\/script>\n<!-- \/ Yoast SEO plugin. -->","yoast_head_json":{"title":"Planificateur d'entra\u00eenement UltimateplayerHQ - UltimatePlayerHQ","robots":{"index":"index","follow":"follow","max-snippet":"max-snippet:-1","max-image-preview":"max-image-preview:large","max-video-preview":"max-video-preview:-1"},"canonical":"https:\/\/shop.ultimateplayerhq.com\/fr\/product\/planificateur-dentrainement-ultimateplayerhq\/","og_locale":"fr_FR","og_type":"article","og_title":"Planificateur d'entra\u00eenement UltimateplayerHQ - UltimatePlayerHQ","og_description":"Ce planificateur est indispensable pour les entra\u00eeneurs s\u00e9rieux. Avec 50 pages recto-verso avec des sch\u00e9mas de terrain vierges et un espace pour les notes, vous pouvez l'utiliser pour mieux pr\u00e9parer et animer vos sessions de formation.   Recto et verso lamin\u00e9s  50\u00a0pages recto verso  4\u00a0dispositions de terrain divis\u00e9es en taille r\u00e9elle  Section Notes pour ajouter des points cl\u00e9s et des informations \u00e0 vos sessions","og_url":"https:\/\/shop.ultimateplayerhq.com\/fr\/product\/planificateur-dentrainement-ultimateplayerhq\/","og_site_name":"UltimatePlayerHQ","article_publisher":"https:\/\/www.facebook.com\/UltimatePlayerHQ\/","article_modified_time":"2025-10-06T12:53:01+00:00","og_image":[{"url":"https:\/\/shop.ultimateplayerhq.com\/wp-content\/uploads\/2022\/02\/thumbnail.jpg","type":"","width":"","height":""}],"twitter_misc":{"Dur\u00e9e de lecture estim\u00e9e":"1 minute"},"schema":{"@context":"https:\/\/schema.org","@graph":[{"@type":"WebPage","@id":"https:\/\/shop.ultimateplayerhq.com\/fr\/product\/planificateur-dentrainement-ultimateplayerhq\/","url":"https:\/\/shop.ultimateplayerhq.com\/fr\/product\/planificateur-dentrainement-ultimateplayerhq\/","name":"Planificateur d'entra\u00eenement UltimateplayerHQ - UltimatePlayerHQ","isPartOf":{"@id":"https:\/\/shop.ultimateplayerhq.com\/fr\/#website"},"primaryImageOfPage":{"@id":"https:\/\/shop.ultimateplayerhq.com\/fr\/product\/planificateur-dentrainement-ultimateplayerhq\/#primaryimage"},"image":{"@id":"https:\/\/shop.ultimateplayerhq.com\/fr\/product\/planificateur-dentrainement-ultimateplayerhq\/#primaryimage"},"thumbnailUrl":"https:\/\/shop.ultimateplayerhq.com\/wp-content\/uploads\/2025\/02\/TrainingPlanner_IMG_1.jpg","datePublished":"2025-02-03T09:19:36+00:00","dateModified":"2025-10-06T12:53:01+00:00","breadcrumb":{"@id":"https:\/\/shop.ultimateplayerhq.com\/fr\/product\/planificateur-dentrainement-ultimateplayerhq\/#breadcrumb"},"inLanguage":"fr-FR","potentialAction":[{"@type":"ReadAction","target":["https:\/\/shop.ultimateplayerhq.com\/fr\/product\/planificateur-dentrainement-ultimateplayerhq\/"]}]},{"@type":"ImageObject","inLanguage":"fr-FR","@id":"https:\/\/shop.ultimateplayerhq.com\/fr\/product\/planificateur-dentrainement-ultimateplayerhq\/#primaryimage","url":"https:\/\/shop.ultimateplayerhq.com\/wp-content\/uploads\/2025\/02\/TrainingPlanner_IMG_1.jpg","contentUrl":"https:\/\/shop.ultimateplayerhq.com\/wp-content\/uploads\/2025\/02\/TrainingPlanner_IMG_1.jpg","width":700,"height":700},{"@type":"BreadcrumbList","@id":"https:\/\/shop.ultimateplayerhq.com\/fr\/product\/planificateur-dentrainement-ultimateplayerhq\/#breadcrumb","itemListElement":[{"@type":"ListItem","position":1,"name":"Home","item":"https:\/\/shop.ultimateplayerhq.com\/fr\/boutique\/"},{"@type":"ListItem","position":2,"name":"Boutique","item":"https:\/\/shop.ultimateplayerhq.com\/fr\/boutique\/"},{"@type":"ListItem","position":3,"name":"Planificateur d&#8217;entra\u00eenement UltimateplayerHQ"}]},{"@type":"WebSite","@id":"https:\/\/shop.ultimateplayerhq.com\/fr\/#website","url":"https:\/\/shop.ultimateplayerhq.com\/fr\/","name":"UltimatePlayerHQ","description":"","potentialAction":[{"@type":"SearchAction","target":{"@type":"EntryPoint","urlTemplate":"https:\/\/shop.ultimateplayerhq.com\/fr\/?s={search_term_string}"},"query-input":{"@type":"PropertyValueSpecification","valueRequired":true,"valueName":"search_term_string"}}],"inLanguage":"fr-FR"}]}},"jetpack_sharing_enabled":true,"_links":{"self":[{"href":"https:\/\/shop.ultimateplayerhq.com\/fr\/wp-json\/wp\/v2\/product\/83385","targetHints":{"allow":["GET"]}}],"collection":[{"href":"https:\/\/shop.ultimateplayerhq.com\/fr\/wp-json\/wp\/v2\/product"}],"about":[{"href":"https:\/\/shop.ultimateplayerhq.com\/fr\/wp-json\/wp\/v2\/types\/product"}],"replies":[{"embeddable":true,"href":"https:\/\/shop.ultimateplayerhq.com\/fr\/wp-json\/wp\/v2\/comments?post=83385"}],"wp:featuredmedia":[{"embeddable":true,"href":"https:\/\/shop.ultimateplayerhq.com\/fr\/wp-json\/wp\/v2\/media\/157131"}],"wp:attachment":[{"href":"https:\/\/shop.ultimateplayerhq.com\/fr\/wp-json\/wp\/v2\/media?parent=83385"}],"wp:term":[{"taxonomy":"product_brand","embeddable":true,"href":"https:\/\/shop.ultimateplayerhq.com\/fr\/wp-json\/wp\/v2\/product_brand?post=83385"},{"taxonomy":"product_cat","embeddable":true,"href":"https:\/\/shop.ultimateplayerhq.com\/fr\/wp-json\/wp\/v2\/product_cat?post=83385"},{"taxonomy":"product_tag","embeddable":true,"href":"https:\/\/shop.ultimateplayerhq.com\/fr\/wp-json\/wp\/v2\/product_tag?post=83385"}],"curies":[{"name":"wp","href":"https:\/\/api.w.org\/{rel}","templated":true}]}}