{"id":130003,"date":"2025-02-03T09:19:35","date_gmt":"2025-02-03T09:19:35","guid":{"rendered":"https:\/\/shop.ultimateplayerhq.com\/?post_type=product&#038;p=130003"},"modified":"2025-02-04T11:33:05","modified_gmt":"2025-02-04T11:33:05","slug":"bloco-de-notas-de-treinamento-ultimateplayerhq-copy","status":"publish","type":"product","link":"https:\/\/shop.ultimateplayerhq.com\/pt-pt\/product\/bloco-de-notas-de-treinamento-ultimateplayerhq-copy\/","title":{"rendered":"Bloco de Notas de Treinamento UltimateplayerHQ (Copy)"},"content":{"rendered":"","protected":false},"excerpt":{"rendered":"<p>Este caderno de diagrama de campo \u00e9 obrigat\u00f3rio para treinadores. Com 50 p\u00e1ginas de diagramas de campo em branco, pode ser usado para desenhar suas pr\u00f3prias sess\u00f5es, como um playbook, treinamento, caderno de observa\u00e7\u00e3o ou planejador de pr\u00e1tica. Cada p\u00e1gina cont\u00e9m se\u00e7\u00f5es para grava\u00e7\u00e3o de exerc\u00edcios e exerc\u00edcios. notas.<\/p>\n<p>Papel liso de qualidade 120gsm colado em uma borda.<br \/>\nTamanho A5<br \/>\n50 folhas impressas por bloco e com fundo de cart\u00e3o cinza pesado<\/p>\n","protected":false},"featured_media":157152,"comment_status":"open","ping_status":"closed","template":"","meta":{"_acf_changed":false},"product_brand":[],"product_cat":[3030,3072],"product_tag":[],"class_list":{"0":"post-130003","1":"product","2":"type-product","3":"status-publish","4":"has-post-thumbnail","6":"product_cat-comprar","7":"product_cat-planejador","8":"product_shipping_class-notepad-pt-pt","10":"first","11":"instock","12":"shipping-taxable","13":"purchasable","14":"product-type-simple"},"acf":[],"yoast_head":"<!-- This site is optimized with the Yoast SEO plugin v27.4 - https:\/\/yoast.com\/product\/yoast-seo-wordpress\/ -->\n<title>Bloco de Notas de Treinamento UltimateplayerHQ (Copy) - UltimatePlayerHQ<\/title>\n<meta name=\"robots\" content=\"index, follow, max-snippet:-1, max-image-preview:large, max-video-preview:-1\" \/>\n<link rel=\"canonical\" href=\"https:\/\/shop.ultimateplayerhq.com\/pt-pt\/product\/bloco-de-notas-de-treinamento-ultimateplayerhq-copy\/\" \/>\n<meta property=\"og:locale\" content=\"pt_PT\" \/>\n<meta property=\"og:type\" content=\"article\" \/>\n<meta property=\"og:title\" content=\"Bloco de Notas de Treinamento UltimateplayerHQ (Copy) - UltimatePlayerHQ\" \/>\n<meta property=\"og:description\" content=\"Este caderno de diagrama de campo \u00e9 obrigat\u00f3rio para treinadores. Com 50 p\u00e1ginas de diagramas de campo em branco, pode ser usado para desenhar suas pr\u00f3prias sess\u00f5es, como um playbook, treinamento, caderno de observa\u00e7\u00e3o ou planejador de pr\u00e1tica. Cada p\u00e1gina cont\u00e9m se\u00e7\u00f5es para grava\u00e7\u00e3o de exerc\u00edcios e exerc\u00edcios. notas.  Papel liso de qualidade 120gsm colado em uma borda. Tamanho A5 50 folhas impressas por bloco e com fundo de cart\u00e3o cinza pesado\" \/>\n<meta property=\"og:url\" content=\"https:\/\/shop.ultimateplayerhq.com\/pt-pt\/product\/bloco-de-notas-de-treinamento-ultimateplayerhq-copy\/\" \/>\n<meta property=\"og:site_name\" content=\"UltimatePlayerHQ\" \/>\n<meta property=\"article:publisher\" content=\"https:\/\/www.facebook.com\/UltimatePlayerHQ\/\" \/>\n<meta property=\"article:modified_time\" content=\"2025-02-04T11:33:05+00:00\" \/>\n<meta property=\"og:image\" content=\"https:\/\/shop.ultimateplayerhq.com\/wp-content\/uploads\/2025\/02\/Artboard1-1-700x700-1.png\" \/>\n\t<meta property=\"og:image:width\" content=\"700\" \/>\n\t<meta property=\"og:image:height\" content=\"700\" \/>\n\t<meta property=\"og:image:type\" content=\"image\/png\" \/>\n<meta name=\"twitter:label1\" content=\"Tempo estimado de leitura\" \/>\n\t<meta name=\"twitter:data1\" content=\"1 minuto\" \/>\n<script type=\"application\/ld+json\" class=\"yoast-schema-graph\">{\"@context\":\"https:\\\/\\\/schema.org\",\"@graph\":[{\"@type\":\"WebPage\",\"@id\":\"https:\\\/\\\/shop.ultimateplayerhq.com\\\/pt-pt\\\/product\\\/bloco-de-notas-de-treinamento-ultimateplayerhq-copy\\\/\",\"url\":\"https:\\\/\\\/shop.ultimateplayerhq.com\\\/pt-pt\\\/product\\\/bloco-de-notas-de-treinamento-ultimateplayerhq-copy\\\/\",\"name\":\"Bloco de Notas de Treinamento UltimateplayerHQ (Copy) - UltimatePlayerHQ\",\"isPartOf\":{\"@id\":\"https:\\\/\\\/shop.ultimateplayerhq.com\\\/pt-pt\\\/#website\"},\"primaryImageOfPage\":{\"@id\":\"https:\\\/\\\/shop.ultimateplayerhq.com\\\/pt-pt\\\/product\\\/bloco-de-notas-de-treinamento-ultimateplayerhq-copy\\\/#primaryimage\"},\"image\":{\"@id\":\"https:\\\/\\\/shop.ultimateplayerhq.com\\\/pt-pt\\\/product\\\/bloco-de-notas-de-treinamento-ultimateplayerhq-copy\\\/#primaryimage\"},\"thumbnailUrl\":\"https:\\\/\\\/shop.ultimateplayerhq.com\\\/wp-content\\\/uploads\\\/2025\\\/02\\\/PocketSizeCoachNotepad_IMG_1.png\",\"datePublished\":\"2025-02-03T09:19:35+00:00\",\"dateModified\":\"2025-02-04T11:33:05+00:00\",\"breadcrumb\":{\"@id\":\"https:\\\/\\\/shop.ultimateplayerhq.com\\\/pt-pt\\\/product\\\/bloco-de-notas-de-treinamento-ultimateplayerhq-copy\\\/#breadcrumb\"},\"inLanguage\":\"pt-PT\",\"potentialAction\":[{\"@type\":\"ReadAction\",\"target\":[\"https:\\\/\\\/shop.ultimateplayerhq.com\\\/pt-pt\\\/product\\\/bloco-de-notas-de-treinamento-ultimateplayerhq-copy\\\/\"]}]},{\"@type\":\"ImageObject\",\"inLanguage\":\"pt-PT\",\"@id\":\"https:\\\/\\\/shop.ultimateplayerhq.com\\\/pt-pt\\\/product\\\/bloco-de-notas-de-treinamento-ultimateplayerhq-copy\\\/#primaryimage\",\"url\":\"https:\\\/\\\/shop.ultimateplayerhq.com\\\/wp-content\\\/uploads\\\/2025\\\/02\\\/PocketSizeCoachNotepad_IMG_1.png\",\"contentUrl\":\"https:\\\/\\\/shop.ultimateplayerhq.com\\\/wp-content\\\/uploads\\\/2025\\\/02\\\/PocketSizeCoachNotepad_IMG_1.png\",\"width\":700,\"height\":700},{\"@type\":\"BreadcrumbList\",\"@id\":\"https:\\\/\\\/shop.ultimateplayerhq.com\\\/pt-pt\\\/product\\\/bloco-de-notas-de-treinamento-ultimateplayerhq-copy\\\/#breadcrumb\",\"itemListElement\":[{\"@type\":\"ListItem\",\"position\":1,\"name\":\"Home\",\"item\":\"https:\\\/\\\/shop.ultimateplayerhq.com\\\/pt-pt\\\/comprar\\\/\"},{\"@type\":\"ListItem\",\"position\":2,\"name\":\"Comprar\",\"item\":\"https:\\\/\\\/shop.ultimateplayerhq.com\\\/pt-pt\\\/comprar\\\/\"},{\"@type\":\"ListItem\",\"position\":3,\"name\":\"Bloco de Notas de Treinamento UltimateplayerHQ (Copy)\"}]},{\"@type\":\"WebSite\",\"@id\":\"https:\\\/\\\/shop.ultimateplayerhq.com\\\/pt-pt\\\/#website\",\"url\":\"https:\\\/\\\/shop.ultimateplayerhq.com\\\/pt-pt\\\/\",\"name\":\"UltimatePlayerHQ\",\"description\":\"\",\"potentialAction\":[{\"@type\":\"SearchAction\",\"target\":{\"@type\":\"EntryPoint\",\"urlTemplate\":\"https:\\\/\\\/shop.ultimateplayerhq.com\\\/pt-pt\\\/?s={search_term_string}\"},\"query-input\":{\"@type\":\"PropertyValueSpecification\",\"valueRequired\":true,\"valueName\":\"search_term_string\"}}],\"inLanguage\":\"pt-PT\"}]}<\/script>\n<!-- \/ Yoast SEO plugin. -->","yoast_head_json":{"title":"Bloco de Notas de Treinamento UltimateplayerHQ (Copy) - UltimatePlayerHQ","robots":{"index":"index","follow":"follow","max-snippet":"max-snippet:-1","max-image-preview":"max-image-preview:large","max-video-preview":"max-video-preview:-1"},"canonical":"https:\/\/shop.ultimateplayerhq.com\/pt-pt\/product\/bloco-de-notas-de-treinamento-ultimateplayerhq-copy\/","og_locale":"pt_PT","og_type":"article","og_title":"Bloco de Notas de Treinamento UltimateplayerHQ (Copy) - UltimatePlayerHQ","og_description":"Este caderno de diagrama de campo \u00e9 obrigat\u00f3rio para treinadores. Com 50 p\u00e1ginas de diagramas de campo em branco, pode ser usado para desenhar suas pr\u00f3prias sess\u00f5es, como um playbook, treinamento, caderno de observa\u00e7\u00e3o ou planejador de pr\u00e1tica. Cada p\u00e1gina cont\u00e9m se\u00e7\u00f5es para grava\u00e7\u00e3o de exerc\u00edcios e exerc\u00edcios. notas.  Papel liso de qualidade 120gsm colado em uma borda. Tamanho A5 50 folhas impressas por bloco e com fundo de cart\u00e3o cinza pesado","og_url":"https:\/\/shop.ultimateplayerhq.com\/pt-pt\/product\/bloco-de-notas-de-treinamento-ultimateplayerhq-copy\/","og_site_name":"UltimatePlayerHQ","article_publisher":"https:\/\/www.facebook.com\/UltimatePlayerHQ\/","article_modified_time":"2025-02-04T11:33:05+00:00","og_image":[{"width":700,"height":700,"url":"https:\/\/shop.ultimateplayerhq.com\/wp-content\/uploads\/2025\/02\/Artboard1-1-700x700-1.png","type":"image\/png"}],"twitter_misc":{"Tempo estimado de leitura":"1 minuto"},"schema":{"@context":"https:\/\/schema.org","@graph":[{"@type":"WebPage","@id":"https:\/\/shop.ultimateplayerhq.com\/pt-pt\/product\/bloco-de-notas-de-treinamento-ultimateplayerhq-copy\/","url":"https:\/\/shop.ultimateplayerhq.com\/pt-pt\/product\/bloco-de-notas-de-treinamento-ultimateplayerhq-copy\/","name":"Bloco de Notas de Treinamento UltimateplayerHQ (Copy) - UltimatePlayerHQ","isPartOf":{"@id":"https:\/\/shop.ultimateplayerhq.com\/pt-pt\/#website"},"primaryImageOfPage":{"@id":"https:\/\/shop.ultimateplayerhq.com\/pt-pt\/product\/bloco-de-notas-de-treinamento-ultimateplayerhq-copy\/#primaryimage"},"image":{"@id":"https:\/\/shop.ultimateplayerhq.com\/pt-pt\/product\/bloco-de-notas-de-treinamento-ultimateplayerhq-copy\/#primaryimage"},"thumbnailUrl":"https:\/\/shop.ultimateplayerhq.com\/wp-content\/uploads\/2025\/02\/PocketSizeCoachNotepad_IMG_1.png","datePublished":"2025-02-03T09:19:35+00:00","dateModified":"2025-02-04T11:33:05+00:00","breadcrumb":{"@id":"https:\/\/shop.ultimateplayerhq.com\/pt-pt\/product\/bloco-de-notas-de-treinamento-ultimateplayerhq-copy\/#breadcrumb"},"inLanguage":"pt-PT","potentialAction":[{"@type":"ReadAction","target":["https:\/\/shop.ultimateplayerhq.com\/pt-pt\/product\/bloco-de-notas-de-treinamento-ultimateplayerhq-copy\/"]}]},{"@type":"ImageObject","inLanguage":"pt-PT","@id":"https:\/\/shop.ultimateplayerhq.com\/pt-pt\/product\/bloco-de-notas-de-treinamento-ultimateplayerhq-copy\/#primaryimage","url":"https:\/\/shop.ultimateplayerhq.com\/wp-content\/uploads\/2025\/02\/PocketSizeCoachNotepad_IMG_1.png","contentUrl":"https:\/\/shop.ultimateplayerhq.com\/wp-content\/uploads\/2025\/02\/PocketSizeCoachNotepad_IMG_1.png","width":700,"height":700},{"@type":"BreadcrumbList","@id":"https:\/\/shop.ultimateplayerhq.com\/pt-pt\/product\/bloco-de-notas-de-treinamento-ultimateplayerhq-copy\/#breadcrumb","itemListElement":[{"@type":"ListItem","position":1,"name":"Home","item":"https:\/\/shop.ultimateplayerhq.com\/pt-pt\/comprar\/"},{"@type":"ListItem","position":2,"name":"Comprar","item":"https:\/\/shop.ultimateplayerhq.com\/pt-pt\/comprar\/"},{"@type":"ListItem","position":3,"name":"Bloco de Notas de Treinamento UltimateplayerHQ (Copy)"}]},{"@type":"WebSite","@id":"https:\/\/shop.ultimateplayerhq.com\/pt-pt\/#website","url":"https:\/\/shop.ultimateplayerhq.com\/pt-pt\/","name":"UltimatePlayerHQ","description":"","potentialAction":[{"@type":"SearchAction","target":{"@type":"EntryPoint","urlTemplate":"https:\/\/shop.ultimateplayerhq.com\/pt-pt\/?s={search_term_string}"},"query-input":{"@type":"PropertyValueSpecification","valueRequired":true,"valueName":"search_term_string"}}],"inLanguage":"pt-PT"}]}},"jetpack_sharing_enabled":true,"_links":{"self":[{"href":"https:\/\/shop.ultimateplayerhq.com\/pt-pt\/wp-json\/wp\/v2\/product\/130003","targetHints":{"allow":["GET"]}}],"collection":[{"href":"https:\/\/shop.ultimateplayerhq.com\/pt-pt\/wp-json\/wp\/v2\/product"}],"about":[{"href":"https:\/\/shop.ultimateplayerhq.com\/pt-pt\/wp-json\/wp\/v2\/types\/product"}],"replies":[{"embeddable":true,"href":"https:\/\/shop.ultimateplayerhq.com\/pt-pt\/wp-json\/wp\/v2\/comments?post=130003"}],"wp:featuredmedia":[{"embeddable":true,"href":"https:\/\/shop.ultimateplayerhq.com\/pt-pt\/wp-json\/wp\/v2\/media\/157152"}],"wp:attachment":[{"href":"https:\/\/shop.ultimateplayerhq.com\/pt-pt\/wp-json\/wp\/v2\/media?parent=130003"}],"wp:term":[{"taxonomy":"product_brand","embeddable":true,"href":"https:\/\/shop.ultimateplayerhq.com\/pt-pt\/wp-json\/wp\/v2\/product_brand?post=130003"},{"taxonomy":"product_cat","embeddable":true,"href":"https:\/\/shop.ultimateplayerhq.com\/pt-pt\/wp-json\/wp\/v2\/product_cat?post=130003"},{"taxonomy":"product_tag","embeddable":true,"href":"https:\/\/shop.ultimateplayerhq.com\/pt-pt\/wp-json\/wp\/v2\/product_tag?post=130003"}],"curies":[{"name":"wp","href":"https:\/\/api.w.org\/{rel}","templated":true}]}}