{"id":154086,"date":"2025-05-21T05:59:52","date_gmt":"2025-05-21T05:59:52","guid":{"rendered":"https:\/\/shop.ultimateplayerhq.com\/product\/livro-de-sessoes-ultimateplayerhq\/"},"modified":"2025-07-31T08:00:35","modified_gmt":"2025-07-31T08:00:35","slug":"livro-de-sessoes-ultimateplayerhq","status":"publish","type":"product","link":"https:\/\/shop.ultimateplayerhq.com\/pt-pt\/product\/livro-de-sessoes-ultimateplayerhq\/","title":{"rendered":"Livro de Sess\u00f5es UltimatePlayerHQ"},"content":{"rendered":"<div style=\"padding: 56.25% 0 0 0; position: relative;\"><iframe style=\"position: absolute; top: 0; left: 0; width: 100%; height: 100%;\" title=\"UltimatePlayerHQ Session Book\" src=\"https:\/\/player.vimeo.com\/video\/1083867834?badge=0&amp;autopause=0&amp;player_id=0&amp;app_id=58479\" frameborder=\"0\"><\/iframe><\/div>\n<p><script src=\"https:\/\/player.vimeo.com\/api\/player.js\"><\/script><\/p>\n","protected":false},"excerpt":{"rendered":"<div class=\"p-rich_text_section\"><i data-stringify-type=\"italic\">O Guia Completo para Coaching \u2013 100 Sess\u00f5es, Desenvolvimento Infinito<\/i><br \/>\nLiberte o poder do treino estruturado e adapt\u00e1vel com o\u00a0<b data-stringify-type=\"bold\">Livro de Sess\u00f5es UltimatePlayerHQ<\/b>\u00a0\u2013 o seu recurso completo para o treino de futebol em todos os n\u00edveis.<\/div>\n<ul class=\"p-rich_text_list p-rich_text_list__bullet p-rich_text_list--nested\" data-stringify-type=\"unordered-list\" data-list-tree=\"true\" data-indent=\"0\" data-border=\"0\">\n<li data-stringify-indent=\"0\" data-stringify-border=\"0\"><span class=\"c-emoji c-emoji__medium c-emoji--inline\" data-qa=\"emoji\" data-sk=\"tooltip_parent\"><img decoding=\"async\" src=\"https:\/\/a.slack-edge.com\/production-standard-emoji-assets\/14.0\/google-medium\/2705.png\" alt=\":white_tick:\" aria-label=\"white tiquetaemoji\" data-stringify-type=\"emoji\" data-stringify-emoji=\":white_check_mark:\" \/><\/span>\u00a0<b data-stringify-type=\"bold\">100 sess\u00f5es de alta qualidade<\/b>, habilmente divididas em\u00a0<b data-stringify-type=\"bold\">10 categorias essenciais de coaching<\/b><\/li>\n<li data-stringify-indent=\"0\" data-stringify-border=\"0\"><span class=\"c-emoji c-emoji__medium c-emoji--inline\" data-qa=\"emoji\" data-sk=\"tooltip_parent\"><img decoding=\"async\" src=\"https:\/\/a.slack-edge.com\/production-standard-emoji-assets\/14.0\/google-medium\/1f4f1.png\" alt=\":mobile_phone:\" aria-label=\"emoji de telem\u00f3vel\" data-stringify-type=\"emoji\" data-stringify-emoji=\":iphone:\" \/><\/span>\u00a0<b data-stringify-type=\"bold\">C\u00f3digos QR interativos<\/b>: assista a sess\u00f5es animadas em direto diretamente no seu telem\u00f3vel ou tablet<\/li>\n<li data-stringify-indent=\"0\" data-stringify-border=\"0\"><span class=\"c-emoji c-emoji__medium c-emoji--inline\" data-qa=\"emoji\" data-sk=\"tooltip_parent\"><img decoding=\"async\" src=\"https:\/\/a.slack-edge.com\/production-standard-emoji-assets\/14.0\/google-medium\/1f4ca.png\" alt=\":bar_chart:\" aria-label=\"emoji de gr\u00e1fico de barras\" data-stringify-type=\"emoji\" data-stringify-emoji=\":bar_chart:\" \/><\/span>\u00a0<b data-stringify-type=\"bold\">Tabela de planeamento exclusivo<\/b>\u00a0inclu\u00eddo para um f\u00e1cil acompanhamento da sess\u00e3o e planeamento do progresso<\/li>\n<li data-stringify-indent=\"0\" data-stringify-border=\"0\"><span class=\"c-emoji c-emoji__medium c-emoji--inline\" data-qa=\"emoji\" data-sk=\"tooltip_parent\"><img decoding=\"async\" src=\"https:\/\/a.slack-edge.com\/production-standard-emoji-assets\/14.0\/google-medium\/1f3c6.png\" alt=\":trophy:\" aria-label=\"trophy emoji\" data-stringify-type=\"emoji\" data-stringify-emoji=\":trophy:\" \/><\/span>\u00a0<b data-stringify-type=\"bold\">Adapt\u00e1vel para todos os n\u00edveis<\/b>\u00a0&#8211; desde Sub-8 a atletas de alto rendimento<\/li>\n<\/ul>\n<div class=\"p-rich_text_section\">Quer seja treinador de forma\u00e7\u00e3o ou de profissionais, este livro acompanha o crescimento dos seus jogadores. Eleve o seu n\u00edvel de treino hoje mesmo.<\/div>\n<p> &nbsp;<br \/>\nAssista \u00e0s sess\u00f5es completas digitalizando o QR Code (Nota: \u00e9 necess\u00e1rio ser membro para assistir \u00e0s sess\u00f5es online.)<\/p>\n","protected":false},"featured_media":157086,"comment_status":"open","ping_status":"closed","template":"","meta":{"_acf_changed":false},"product_brand":[],"product_cat":[3030,3057],"product_tag":[],"class_list":{"0":"post-154086","1":"product","2":"type-product","3":"status-publish","4":"has-post-thumbnail","6":"product_cat-comprar","7":"product_cat-manuais-de-sessao","8":"product_shipping_class-livro-de-sessoes","10":"first","11":"instock","12":"shipping-taxable","13":"purchasable","14":"product-type-simple"},"acf":[],"yoast_head":"<!-- This site is optimized with the Yoast SEO plugin v27.4 - https:\/\/yoast.com\/product\/yoast-seo-wordpress\/ -->\n<title>Livro de Sess\u00f5es UltimatePlayerHQ - UltimatePlayerHQ<\/title>\n<meta name=\"robots\" content=\"index, follow, max-snippet:-1, max-image-preview:large, max-video-preview:-1\" \/>\n<link rel=\"canonical\" href=\"https:\/\/shop.ultimateplayerhq.com\/pt-pt\/product\/livro-de-sessoes-ultimateplayerhq\/\" \/>\n<meta property=\"og:locale\" content=\"pt_PT\" \/>\n<meta property=\"og:type\" content=\"article\" \/>\n<meta property=\"og:title\" content=\"Livro de Sess\u00f5es UltimatePlayerHQ - UltimatePlayerHQ\" \/>\n<meta property=\"og:description\" content=\"O Guia Completo para Coaching \u2013 100 Sess\u00f5es, Desenvolvimento Infinito Liberte o poder do treino estruturado e adapt\u00e1vel com o\u00a0Livro de Sess\u00f5es UltimatePlayerHQ\u00a0\u2013 o seu recurso completo para o treino de futebol em todos os n\u00edveis.   \u00a0100 sess\u00f5es de alta qualidade, habilmente divididas em\u00a010 categorias essenciais de coaching  \u00a0C\u00f3digos QR interativos: assista a sess\u00f5es animadas em direto diretamente no seu telem\u00f3vel ou tablet  \u00a0Tabela de planeamento exclusivo\u00a0inclu\u00eddo para um f\u00e1cil acompanhamento da sess\u00e3o e planeamento do progresso  \u00a0Adapt\u00e1vel para todos os n\u00edveis\u00a0- desde Sub-8 a atletas de alto rendimento  Quer seja treinador de forma\u00e7\u00e3o ou de profissionais, este livro acompanha o crescimento dos seus jogadores. Eleve o seu n\u00edvel de treino hoje mesmo. &nbsp; Assista \u00e0s sess\u00f5es completas digitalizando o QR Code (Nota: \u00e9 necess\u00e1rio ser membro para assistir \u00e0s sess\u00f5es online.)\" \/>\n<meta property=\"og:url\" content=\"https:\/\/shop.ultimateplayerhq.com\/pt-pt\/product\/livro-de-sessoes-ultimateplayerhq\/\" \/>\n<meta property=\"og:site_name\" content=\"UltimatePlayerHQ\" \/>\n<meta property=\"article:publisher\" content=\"https:\/\/www.facebook.com\/UltimatePlayerHQ\/\" \/>\n<meta property=\"article:modified_time\" content=\"2025-07-31T08:00:35+00:00\" \/>\n<meta property=\"og:image\" content=\"https:\/\/ultimatehq.fra1.digitaloceanspaces.com\/wp-content\/uploads\/2025\/05\/IMG_9617.jpg\" \/>\n\t<meta property=\"og:image:width\" content=\"1000\" \/>\n\t<meta property=\"og:image:height\" content=\"1000\" \/>\n\t<meta property=\"og:image:type\" content=\"image\/jpeg\" \/>\n<meta name=\"twitter:label1\" content=\"Tempo estimado de leitura\" \/>\n\t<meta name=\"twitter:data1\" content=\"1 minuto\" \/>\n<script type=\"application\/ld+json\" class=\"yoast-schema-graph\">{\"@context\":\"https:\\\/\\\/schema.org\",\"@graph\":[{\"@type\":\"WebPage\",\"@id\":\"https:\\\/\\\/shop.ultimateplayerhq.com\\\/pt-pt\\\/product\\\/livro-de-sessoes-ultimateplayerhq\\\/\",\"url\":\"https:\\\/\\\/shop.ultimateplayerhq.com\\\/pt-pt\\\/product\\\/livro-de-sessoes-ultimateplayerhq\\\/\",\"name\":\"Livro de Sess\u00f5es UltimatePlayerHQ - UltimatePlayerHQ\",\"isPartOf\":{\"@id\":\"https:\\\/\\\/shop.ultimateplayerhq.com\\\/pt-pt\\\/#website\"},\"primaryImageOfPage\":{\"@id\":\"https:\\\/\\\/shop.ultimateplayerhq.com\\\/pt-pt\\\/product\\\/livro-de-sessoes-ultimateplayerhq\\\/#primaryimage\"},\"image\":{\"@id\":\"https:\\\/\\\/shop.ultimateplayerhq.com\\\/pt-pt\\\/product\\\/livro-de-sessoes-ultimateplayerhq\\\/#primaryimage\"},\"thumbnailUrl\":\"https:\\\/\\\/shop.ultimateplayerhq.com\\\/wp-content\\\/uploads\\\/2025\\\/05\\\/UltimatePlayerHQ-Session-Book_IMG_1.jpg\",\"datePublished\":\"2025-05-21T05:59:52+00:00\",\"dateModified\":\"2025-07-31T08:00:35+00:00\",\"breadcrumb\":{\"@id\":\"https:\\\/\\\/shop.ultimateplayerhq.com\\\/pt-pt\\\/product\\\/livro-de-sessoes-ultimateplayerhq\\\/#breadcrumb\"},\"inLanguage\":\"pt-PT\",\"potentialAction\":[{\"@type\":\"ReadAction\",\"target\":[\"https:\\\/\\\/shop.ultimateplayerhq.com\\\/pt-pt\\\/product\\\/livro-de-sessoes-ultimateplayerhq\\\/\"]}]},{\"@type\":\"ImageObject\",\"inLanguage\":\"pt-PT\",\"@id\":\"https:\\\/\\\/shop.ultimateplayerhq.com\\\/pt-pt\\\/product\\\/livro-de-sessoes-ultimateplayerhq\\\/#primaryimage\",\"url\":\"https:\\\/\\\/shop.ultimateplayerhq.com\\\/wp-content\\\/uploads\\\/2025\\\/05\\\/UltimatePlayerHQ-Session-Book_IMG_1.jpg\",\"contentUrl\":\"https:\\\/\\\/shop.ultimateplayerhq.com\\\/wp-content\\\/uploads\\\/2025\\\/05\\\/UltimatePlayerHQ-Session-Book_IMG_1.jpg\",\"width\":1000,\"height\":1000},{\"@type\":\"BreadcrumbList\",\"@id\":\"https:\\\/\\\/shop.ultimateplayerhq.com\\\/pt-pt\\\/product\\\/livro-de-sessoes-ultimateplayerhq\\\/#breadcrumb\",\"itemListElement\":[{\"@type\":\"ListItem\",\"position\":1,\"name\":\"Home\",\"item\":\"https:\\\/\\\/shop.ultimateplayerhq.com\\\/pt-pt\\\/comprar\\\/\"},{\"@type\":\"ListItem\",\"position\":2,\"name\":\"Comprar\",\"item\":\"https:\\\/\\\/shop.ultimateplayerhq.com\\\/pt-pt\\\/comprar\\\/\"},{\"@type\":\"ListItem\",\"position\":3,\"name\":\"Livro de Sess\u00f5es UltimatePlayerHQ\"}]},{\"@type\":\"WebSite\",\"@id\":\"https:\\\/\\\/shop.ultimateplayerhq.com\\\/pt-pt\\\/#website\",\"url\":\"https:\\\/\\\/shop.ultimateplayerhq.com\\\/pt-pt\\\/\",\"name\":\"UltimatePlayerHQ\",\"description\":\"\",\"potentialAction\":[{\"@type\":\"SearchAction\",\"target\":{\"@type\":\"EntryPoint\",\"urlTemplate\":\"https:\\\/\\\/shop.ultimateplayerhq.com\\\/pt-pt\\\/?s={search_term_string}\"},\"query-input\":{\"@type\":\"PropertyValueSpecification\",\"valueRequired\":true,\"valueName\":\"search_term_string\"}}],\"inLanguage\":\"pt-PT\"}]}<\/script>\n<!-- \/ Yoast SEO plugin. -->","yoast_head_json":{"title":"Livro de Sess\u00f5es UltimatePlayerHQ - UltimatePlayerHQ","robots":{"index":"index","follow":"follow","max-snippet":"max-snippet:-1","max-image-preview":"max-image-preview:large","max-video-preview":"max-video-preview:-1"},"canonical":"https:\/\/shop.ultimateplayerhq.com\/pt-pt\/product\/livro-de-sessoes-ultimateplayerhq\/","og_locale":"pt_PT","og_type":"article","og_title":"Livro de Sess\u00f5es UltimatePlayerHQ - UltimatePlayerHQ","og_description":"O Guia Completo para Coaching \u2013 100 Sess\u00f5es, Desenvolvimento Infinito Liberte o poder do treino estruturado e adapt\u00e1vel com o\u00a0Livro de Sess\u00f5es UltimatePlayerHQ\u00a0\u2013 o seu recurso completo para o treino de futebol em todos os n\u00edveis.   \u00a0100 sess\u00f5es de alta qualidade, habilmente divididas em\u00a010 categorias essenciais de coaching  \u00a0C\u00f3digos QR interativos: assista a sess\u00f5es animadas em direto diretamente no seu telem\u00f3vel ou tablet  \u00a0Tabela de planeamento exclusivo\u00a0inclu\u00eddo para um f\u00e1cil acompanhamento da sess\u00e3o e planeamento do progresso  \u00a0Adapt\u00e1vel para todos os n\u00edveis\u00a0- desde Sub-8 a atletas de alto rendimento  Quer seja treinador de forma\u00e7\u00e3o ou de profissionais, este livro acompanha o crescimento dos seus jogadores. Eleve o seu n\u00edvel de treino hoje mesmo. &nbsp; Assista \u00e0s sess\u00f5es completas digitalizando o QR Code (Nota: \u00e9 necess\u00e1rio ser membro para assistir \u00e0s sess\u00f5es online.)","og_url":"https:\/\/shop.ultimateplayerhq.com\/pt-pt\/product\/livro-de-sessoes-ultimateplayerhq\/","og_site_name":"UltimatePlayerHQ","article_publisher":"https:\/\/www.facebook.com\/UltimatePlayerHQ\/","article_modified_time":"2025-07-31T08:00:35+00:00","og_image":[{"width":1000,"height":1000,"url":"https:\/\/ultimatehq.fra1.digitaloceanspaces.com\/wp-content\/uploads\/2025\/05\/IMG_9617.jpg","type":"image\/jpeg"}],"twitter_misc":{"Tempo estimado de leitura":"1 minuto"},"schema":{"@context":"https:\/\/schema.org","@graph":[{"@type":"WebPage","@id":"https:\/\/shop.ultimateplayerhq.com\/pt-pt\/product\/livro-de-sessoes-ultimateplayerhq\/","url":"https:\/\/shop.ultimateplayerhq.com\/pt-pt\/product\/livro-de-sessoes-ultimateplayerhq\/","name":"Livro de Sess\u00f5es UltimatePlayerHQ - UltimatePlayerHQ","isPartOf":{"@id":"https:\/\/shop.ultimateplayerhq.com\/pt-pt\/#website"},"primaryImageOfPage":{"@id":"https:\/\/shop.ultimateplayerhq.com\/pt-pt\/product\/livro-de-sessoes-ultimateplayerhq\/#primaryimage"},"image":{"@id":"https:\/\/shop.ultimateplayerhq.com\/pt-pt\/product\/livro-de-sessoes-ultimateplayerhq\/#primaryimage"},"thumbnailUrl":"https:\/\/shop.ultimateplayerhq.com\/wp-content\/uploads\/2025\/05\/UltimatePlayerHQ-Session-Book_IMG_1.jpg","datePublished":"2025-05-21T05:59:52+00:00","dateModified":"2025-07-31T08:00:35+00:00","breadcrumb":{"@id":"https:\/\/shop.ultimateplayerhq.com\/pt-pt\/product\/livro-de-sessoes-ultimateplayerhq\/#breadcrumb"},"inLanguage":"pt-PT","potentialAction":[{"@type":"ReadAction","target":["https:\/\/shop.ultimateplayerhq.com\/pt-pt\/product\/livro-de-sessoes-ultimateplayerhq\/"]}]},{"@type":"ImageObject","inLanguage":"pt-PT","@id":"https:\/\/shop.ultimateplayerhq.com\/pt-pt\/product\/livro-de-sessoes-ultimateplayerhq\/#primaryimage","url":"https:\/\/shop.ultimateplayerhq.com\/wp-content\/uploads\/2025\/05\/UltimatePlayerHQ-Session-Book_IMG_1.jpg","contentUrl":"https:\/\/shop.ultimateplayerhq.com\/wp-content\/uploads\/2025\/05\/UltimatePlayerHQ-Session-Book_IMG_1.jpg","width":1000,"height":1000},{"@type":"BreadcrumbList","@id":"https:\/\/shop.ultimateplayerhq.com\/pt-pt\/product\/livro-de-sessoes-ultimateplayerhq\/#breadcrumb","itemListElement":[{"@type":"ListItem","position":1,"name":"Home","item":"https:\/\/shop.ultimateplayerhq.com\/pt-pt\/comprar\/"},{"@type":"ListItem","position":2,"name":"Comprar","item":"https:\/\/shop.ultimateplayerhq.com\/pt-pt\/comprar\/"},{"@type":"ListItem","position":3,"name":"Livro de Sess\u00f5es UltimatePlayerHQ"}]},{"@type":"WebSite","@id":"https:\/\/shop.ultimateplayerhq.com\/pt-pt\/#website","url":"https:\/\/shop.ultimateplayerhq.com\/pt-pt\/","name":"UltimatePlayerHQ","description":"","potentialAction":[{"@type":"SearchAction","target":{"@type":"EntryPoint","urlTemplate":"https:\/\/shop.ultimateplayerhq.com\/pt-pt\/?s={search_term_string}"},"query-input":{"@type":"PropertyValueSpecification","valueRequired":true,"valueName":"search_term_string"}}],"inLanguage":"pt-PT"}]}},"jetpack_sharing_enabled":true,"_links":{"self":[{"href":"https:\/\/shop.ultimateplayerhq.com\/pt-pt\/wp-json\/wp\/v2\/product\/154086","targetHints":{"allow":["GET"]}}],"collection":[{"href":"https:\/\/shop.ultimateplayerhq.com\/pt-pt\/wp-json\/wp\/v2\/product"}],"about":[{"href":"https:\/\/shop.ultimateplayerhq.com\/pt-pt\/wp-json\/wp\/v2\/types\/product"}],"replies":[{"embeddable":true,"href":"https:\/\/shop.ultimateplayerhq.com\/pt-pt\/wp-json\/wp\/v2\/comments?post=154086"}],"wp:featuredmedia":[{"embeddable":true,"href":"https:\/\/shop.ultimateplayerhq.com\/pt-pt\/wp-json\/wp\/v2\/media\/157086"}],"wp:attachment":[{"href":"https:\/\/shop.ultimateplayerhq.com\/pt-pt\/wp-json\/wp\/v2\/media?parent=154086"}],"wp:term":[{"taxonomy":"product_brand","embeddable":true,"href":"https:\/\/shop.ultimateplayerhq.com\/pt-pt\/wp-json\/wp\/v2\/product_brand?post=154086"},{"taxonomy":"product_cat","embeddable":true,"href":"https:\/\/shop.ultimateplayerhq.com\/pt-pt\/wp-json\/wp\/v2\/product_cat?post=154086"},{"taxonomy":"product_tag","embeddable":true,"href":"https:\/\/shop.ultimateplayerhq.com\/pt-pt\/wp-json\/wp\/v2\/product_tag?post=154086"}],"curies":[{"name":"wp","href":"https:\/\/api.w.org\/{rel}","templated":true}]}}