{"id":157733,"date":"2026-03-10T12:28:55","date_gmt":"2026-03-10T12:28:55","guid":{"rendered":"https:\/\/shop.ultimateplayerhq.com\/product\/o-melhor-planeador\/"},"modified":"2026-03-10T12:28:55","modified_gmt":"2026-03-10T12:28:55","slug":"o-melhor-planeador","status":"publish","type":"product","link":"https:\/\/shop.ultimateplayerhq.com\/pt-pt\/product\/o-melhor-planeador\/","title":{"rendered":"O melhor planeador"},"content":{"rendered":"","protected":false},"excerpt":{"rendered":"<div style=\"color: #f90a30;\"><strong>Pr\u00e9-encomenda j\u00e1 &#8211; Lan\u00e7amento oficial na segunda-feira, 6 de abril!<\/strong><\/div>\n<p> &nbsp;<br \/>\nUltimatePlanner &#8211; 2 em 1 Planificador de Treino de Futebol<\/p>\n<p>Planeia de forma mais inteligente e mant\u00e9m-te organizado durante toda a \u00e9poca com o UltimatePlanner, um caderno 2 em 1 concebido especificamente para treinadores de futebol.<br \/>\nEste planificador est\u00e1 dividido em duas sec\u00e7\u00f5es dedicadas, ajudando-te a planear as tuas sess\u00f5es de treino e a gerir os dias de jogo, tudo num s\u00f3 local.<\/p>\n<p><strong>Training Planner<\/strong><br \/>\n48 modelos de campos de futebol para conceberes e organizares as tuas sess\u00f5es de treino<\/p>\n<ul>\n<li>Espa\u00e7o para notas de coaching, objectivos da sess\u00e3o e pontos-chave<\/li>\n<\/ul>\n<p>&nbsp;<br \/>\n<strong>Planeador<\/strong> de dias de jogo<br \/>\n46 p\u00e1ginas de planeamento de dias de jogo para organizares t\u00e1cticas, alinhamentos e planos de jogo<\/p>\n<ul>\n<li>Regista os momentos-chave, as observa\u00e7\u00f5es e as reflex\u00f5es p\u00f3s-jogo<\/li>\n<\/ul>\n<p>&nbsp;<br \/>\n<strong>O que est\u00e1 inclu\u00eddo<\/strong><\/p>\n<ul>\n<li>UltimatePlanner Agenda de Coaching 2 em 1<\/li>\n<li>Caixa de apresenta\u00e7\u00e3o premium<\/li>\n<li>Caneta UPHQ exclusiva<\/li>\n<li>Cartucho de tinta extra<\/li>\n<\/ul>\n<p>&nbsp;<br \/>\nConcebido para treinadores de todos os n\u00edveis, o UltimatePlanner ajuda-te a estar preparado, organizado e pronto para cada sess\u00e3o e dia de jogo.<\/p>\n","protected":false},"featured_media":157719,"comment_status":"open","ping_status":"closed","template":"","meta":{"_acf_changed":false},"product_brand":[],"product_cat":[242],"product_tag":[],"class_list":{"0":"post-157733","1":"product","2":"type-product","3":"status-publish","4":"has-post-thumbnail","6":"product_cat-shop","7":"product_shipping_class-session-book","9":"first","10":"instock","11":"shipping-taxable","12":"purchasable","13":"product-type-simple"},"acf":[],"yoast_head":"<!-- This site is optimized with the Yoast SEO plugin v27.4 - https:\/\/yoast.com\/product\/yoast-seo-wordpress\/ -->\n<title>O melhor planeador - UltimatePlayerHQ<\/title>\n<meta name=\"robots\" content=\"index, follow, max-snippet:-1, max-image-preview:large, max-video-preview:-1\" \/>\n<link rel=\"canonical\" href=\"https:\/\/shop.ultimateplayerhq.com\/pt-pt\/product\/o-melhor-planeador\/\" \/>\n<meta property=\"og:locale\" content=\"pt_PT\" \/>\n<meta property=\"og:type\" content=\"article\" \/>\n<meta property=\"og:title\" content=\"O melhor planeador - UltimatePlayerHQ\" \/>\n<meta property=\"og:description\" content=\"Pr\u00e9-encomenda j\u00e1 - Lan\u00e7amento oficial na segunda-feira, 6 de abril! &nbsp; UltimatePlanner - 2 em 1 Planificador de Treino de Futebol Planeia de forma mais inteligente e mant\u00e9m-te organizado durante toda a \u00e9poca com o UltimatePlanner, um caderno 2 em 1 concebido especificamente para treinadores de futebol. Este planificador est\u00e1 dividido em duas sec\u00e7\u00f5es dedicadas, ajudando-te a planear as tuas sess\u00f5es de treino e a gerir os dias de jogo, tudo num s\u00f3 local. Training Planner 48 modelos de campos de futebol para conceberes e organizares as tuas sess\u00f5es de treino  Espa\u00e7o para notas de coaching, objectivos da sess\u00e3o e pontos-chave &nbsp; Planeador de dias de jogo 46 p\u00e1ginas de planeamento de dias de jogo para organizares t\u00e1cticas, alinhamentos e planos de jogo  Regista os momentos-chave, as observa\u00e7\u00f5es e as reflex\u00f5es p\u00f3s-jogo &nbsp; O que est\u00e1 inclu\u00eddo  UltimatePlanner Agenda de Coaching 2 em 1  Caixa de apresenta\u00e7\u00e3o premium  Caneta UPHQ exclusiva  Cartucho de tinta extra &nbsp; Concebido para treinadores de todos os n\u00edveis, o UltimatePlanner ajuda-te a estar preparado, organizado e pronto para cada sess\u00e3o e dia de jogo.\" \/>\n<meta property=\"og:url\" content=\"https:\/\/shop.ultimateplayerhq.com\/pt-pt\/product\/o-melhor-planeador\/\" \/>\n<meta property=\"og:site_name\" content=\"UltimatePlayerHQ\" \/>\n<meta property=\"article:publisher\" content=\"https:\/\/www.facebook.com\/UltimatePlayerHQ\/\" \/>\n<meta property=\"og:image\" content=\"https:\/\/shop.ultimateplayerhq.com\/wp-content\/uploads\/2026\/03\/IMG_7410.jpg\" \/>\n\t<meta property=\"og:image:width\" content=\"1320\" \/>\n\t<meta property=\"og:image:height\" content=\"1318\" \/>\n\t<meta property=\"og:image:type\" content=\"image\/jpeg\" \/>\n<script type=\"application\/ld+json\" class=\"yoast-schema-graph\">{\"@context\":\"https:\\\/\\\/schema.org\",\"@graph\":[{\"@type\":\"WebPage\",\"@id\":\"https:\\\/\\\/shop.ultimateplayerhq.com\\\/pt-pt\\\/product\\\/o-melhor-planeador\\\/\",\"url\":\"https:\\\/\\\/shop.ultimateplayerhq.com\\\/pt-pt\\\/product\\\/o-melhor-planeador\\\/\",\"name\":\"O melhor planeador - UltimatePlayerHQ\",\"isPartOf\":{\"@id\":\"https:\\\/\\\/shop.ultimateplayerhq.com\\\/pt-pt\\\/#website\"},\"primaryImageOfPage\":{\"@id\":\"https:\\\/\\\/shop.ultimateplayerhq.com\\\/pt-pt\\\/product\\\/o-melhor-planeador\\\/#primaryimage\"},\"image\":{\"@id\":\"https:\\\/\\\/shop.ultimateplayerhq.com\\\/pt-pt\\\/product\\\/o-melhor-planeador\\\/#primaryimage\"},\"thumbnailUrl\":\"https:\\\/\\\/shop.ultimateplayerhq.com\\\/wp-content\\\/uploads\\\/2026\\\/03\\\/IMG_7410.jpg\",\"datePublished\":\"2026-03-10T12:28:55+00:00\",\"breadcrumb\":{\"@id\":\"https:\\\/\\\/shop.ultimateplayerhq.com\\\/pt-pt\\\/product\\\/o-melhor-planeador\\\/#breadcrumb\"},\"inLanguage\":\"pt-PT\",\"potentialAction\":[{\"@type\":\"ReadAction\",\"target\":[\"https:\\\/\\\/shop.ultimateplayerhq.com\\\/pt-pt\\\/product\\\/o-melhor-planeador\\\/\"]}]},{\"@type\":\"ImageObject\",\"inLanguage\":\"pt-PT\",\"@id\":\"https:\\\/\\\/shop.ultimateplayerhq.com\\\/pt-pt\\\/product\\\/o-melhor-planeador\\\/#primaryimage\",\"url\":\"https:\\\/\\\/shop.ultimateplayerhq.com\\\/wp-content\\\/uploads\\\/2026\\\/03\\\/IMG_7410.jpg\",\"contentUrl\":\"https:\\\/\\\/shop.ultimateplayerhq.com\\\/wp-content\\\/uploads\\\/2026\\\/03\\\/IMG_7410.jpg\",\"width\":1320,\"height\":1318},{\"@type\":\"BreadcrumbList\",\"@id\":\"https:\\\/\\\/shop.ultimateplayerhq.com\\\/pt-pt\\\/product\\\/o-melhor-planeador\\\/#breadcrumb\",\"itemListElement\":[{\"@type\":\"ListItem\",\"position\":1,\"name\":\"Home\",\"item\":\"https:\\\/\\\/shop.ultimateplayerhq.com\\\/pt-pt\\\/comprar\\\/\"},{\"@type\":\"ListItem\",\"position\":2,\"name\":\"Comprar\",\"item\":\"https:\\\/\\\/shop.ultimateplayerhq.com\\\/pt-pt\\\/comprar\\\/\"},{\"@type\":\"ListItem\",\"position\":3,\"name\":\"O melhor planeador\"}]},{\"@type\":\"WebSite\",\"@id\":\"https:\\\/\\\/shop.ultimateplayerhq.com\\\/pt-pt\\\/#website\",\"url\":\"https:\\\/\\\/shop.ultimateplayerhq.com\\\/pt-pt\\\/\",\"name\":\"UltimatePlayerHQ\",\"description\":\"\",\"potentialAction\":[{\"@type\":\"SearchAction\",\"target\":{\"@type\":\"EntryPoint\",\"urlTemplate\":\"https:\\\/\\\/shop.ultimateplayerhq.com\\\/pt-pt\\\/?s={search_term_string}\"},\"query-input\":{\"@type\":\"PropertyValueSpecification\",\"valueRequired\":true,\"valueName\":\"search_term_string\"}}],\"inLanguage\":\"pt-PT\"}]}<\/script>\n<!-- \/ Yoast SEO plugin. -->","yoast_head_json":{"title":"O melhor planeador - UltimatePlayerHQ","robots":{"index":"index","follow":"follow","max-snippet":"max-snippet:-1","max-image-preview":"max-image-preview:large","max-video-preview":"max-video-preview:-1"},"canonical":"https:\/\/shop.ultimateplayerhq.com\/pt-pt\/product\/o-melhor-planeador\/","og_locale":"pt_PT","og_type":"article","og_title":"O melhor planeador - UltimatePlayerHQ","og_description":"Pr\u00e9-encomenda j\u00e1 - Lan\u00e7amento oficial na segunda-feira, 6 de abril! &nbsp; UltimatePlanner - 2 em 1 Planificador de Treino de Futebol Planeia de forma mais inteligente e mant\u00e9m-te organizado durante toda a \u00e9poca com o UltimatePlanner, um caderno 2 em 1 concebido especificamente para treinadores de futebol. Este planificador est\u00e1 dividido em duas sec\u00e7\u00f5es dedicadas, ajudando-te a planear as tuas sess\u00f5es de treino e a gerir os dias de jogo, tudo num s\u00f3 local. Training Planner 48 modelos de campos de futebol para conceberes e organizares as tuas sess\u00f5es de treino  Espa\u00e7o para notas de coaching, objectivos da sess\u00e3o e pontos-chave &nbsp; Planeador de dias de jogo 46 p\u00e1ginas de planeamento de dias de jogo para organizares t\u00e1cticas, alinhamentos e planos de jogo  Regista os momentos-chave, as observa\u00e7\u00f5es e as reflex\u00f5es p\u00f3s-jogo &nbsp; O que est\u00e1 inclu\u00eddo  UltimatePlanner Agenda de Coaching 2 em 1  Caixa de apresenta\u00e7\u00e3o premium  Caneta UPHQ exclusiva  Cartucho de tinta extra &nbsp; Concebido para treinadores de todos os n\u00edveis, o UltimatePlanner ajuda-te a estar preparado, organizado e pronto para cada sess\u00e3o e dia de jogo.","og_url":"https:\/\/shop.ultimateplayerhq.com\/pt-pt\/product\/o-melhor-planeador\/","og_site_name":"UltimatePlayerHQ","article_publisher":"https:\/\/www.facebook.com\/UltimatePlayerHQ\/","og_image":[{"width":1320,"height":1318,"url":"https:\/\/shop.ultimateplayerhq.com\/wp-content\/uploads\/2026\/03\/IMG_7410.jpg","type":"image\/jpeg"}],"schema":{"@context":"https:\/\/schema.org","@graph":[{"@type":"WebPage","@id":"https:\/\/shop.ultimateplayerhq.com\/pt-pt\/product\/o-melhor-planeador\/","url":"https:\/\/shop.ultimateplayerhq.com\/pt-pt\/product\/o-melhor-planeador\/","name":"O melhor planeador - UltimatePlayerHQ","isPartOf":{"@id":"https:\/\/shop.ultimateplayerhq.com\/pt-pt\/#website"},"primaryImageOfPage":{"@id":"https:\/\/shop.ultimateplayerhq.com\/pt-pt\/product\/o-melhor-planeador\/#primaryimage"},"image":{"@id":"https:\/\/shop.ultimateplayerhq.com\/pt-pt\/product\/o-melhor-planeador\/#primaryimage"},"thumbnailUrl":"https:\/\/shop.ultimateplayerhq.com\/wp-content\/uploads\/2026\/03\/IMG_7410.jpg","datePublished":"2026-03-10T12:28:55+00:00","breadcrumb":{"@id":"https:\/\/shop.ultimateplayerhq.com\/pt-pt\/product\/o-melhor-planeador\/#breadcrumb"},"inLanguage":"pt-PT","potentialAction":[{"@type":"ReadAction","target":["https:\/\/shop.ultimateplayerhq.com\/pt-pt\/product\/o-melhor-planeador\/"]}]},{"@type":"ImageObject","inLanguage":"pt-PT","@id":"https:\/\/shop.ultimateplayerhq.com\/pt-pt\/product\/o-melhor-planeador\/#primaryimage","url":"https:\/\/shop.ultimateplayerhq.com\/wp-content\/uploads\/2026\/03\/IMG_7410.jpg","contentUrl":"https:\/\/shop.ultimateplayerhq.com\/wp-content\/uploads\/2026\/03\/IMG_7410.jpg","width":1320,"height":1318},{"@type":"BreadcrumbList","@id":"https:\/\/shop.ultimateplayerhq.com\/pt-pt\/product\/o-melhor-planeador\/#breadcrumb","itemListElement":[{"@type":"ListItem","position":1,"name":"Home","item":"https:\/\/shop.ultimateplayerhq.com\/pt-pt\/comprar\/"},{"@type":"ListItem","position":2,"name":"Comprar","item":"https:\/\/shop.ultimateplayerhq.com\/pt-pt\/comprar\/"},{"@type":"ListItem","position":3,"name":"O melhor planeador"}]},{"@type":"WebSite","@id":"https:\/\/shop.ultimateplayerhq.com\/pt-pt\/#website","url":"https:\/\/shop.ultimateplayerhq.com\/pt-pt\/","name":"UltimatePlayerHQ","description":"","potentialAction":[{"@type":"SearchAction","target":{"@type":"EntryPoint","urlTemplate":"https:\/\/shop.ultimateplayerhq.com\/pt-pt\/?s={search_term_string}"},"query-input":{"@type":"PropertyValueSpecification","valueRequired":true,"valueName":"search_term_string"}}],"inLanguage":"pt-PT"}]}},"jetpack_sharing_enabled":true,"_links":{"self":[{"href":"https:\/\/shop.ultimateplayerhq.com\/pt-pt\/wp-json\/wp\/v2\/product\/157733","targetHints":{"allow":["GET"]}}],"collection":[{"href":"https:\/\/shop.ultimateplayerhq.com\/pt-pt\/wp-json\/wp\/v2\/product"}],"about":[{"href":"https:\/\/shop.ultimateplayerhq.com\/pt-pt\/wp-json\/wp\/v2\/types\/product"}],"replies":[{"embeddable":true,"href":"https:\/\/shop.ultimateplayerhq.com\/pt-pt\/wp-json\/wp\/v2\/comments?post=157733"}],"wp:featuredmedia":[{"embeddable":true,"href":"https:\/\/shop.ultimateplayerhq.com\/pt-pt\/wp-json\/wp\/v2\/media\/157719"}],"wp:attachment":[{"href":"https:\/\/shop.ultimateplayerhq.com\/pt-pt\/wp-json\/wp\/v2\/media?parent=157733"}],"wp:term":[{"taxonomy":"product_brand","embeddable":true,"href":"https:\/\/shop.ultimateplayerhq.com\/pt-pt\/wp-json\/wp\/v2\/product_brand?post=157733"},{"taxonomy":"product_cat","embeddable":true,"href":"https:\/\/shop.ultimateplayerhq.com\/pt-pt\/wp-json\/wp\/v2\/product_cat?post=157733"},{"taxonomy":"product_tag","embeddable":true,"href":"https:\/\/shop.ultimateplayerhq.com\/pt-pt\/wp-json\/wp\/v2\/product_tag?post=157733"}],"curies":[{"name":"wp","href":"https:\/\/api.w.org\/{rel}","templated":true}]}}